{"id":107,"date":"2010-09-26T11:35:31","date_gmt":"2010-09-26T09:35:31","guid":{"rendered":"http:\/\/andresdiezherrero.es\/web\/?page_id=107"},"modified":"2017-12-30T00:45:53","modified_gmt":"2017-12-29T20:45:53","slug":"geologia","status":"publish","type":"page","link":"https:\/\/andresdiezherrero.es\/web\/geologia","title":{"rendered":"Geolog\u00eda"},"content":{"rendered":"<p>Dentro de los estudios geol\u00f3gicos realizados y publicados, se pueden hacer cuatro grandes bloques:<\/p>\n<ul>\n<li><a href=\"http:\/\/andresdiezherrero.es\/web\/geologia\/geomorfologia\" target=\"_blank\">Geomorfolog\u00eda<\/a><\/li>\n<li><a href=\"http:\/\/andresdiezherrero.es\/web\/geologia\/restauracion-de-areas-degradadas\" target=\"_blank\">Restauraci\u00f3n de \u00e1reas degradadas<\/a><\/li>\n<li><a href=\"http:\/\/andresdiezherrero.es\/web\/geologia\/gestion-del-patrimonio\" target=\"_blank\">Gesti\u00f3n del patrimonio geol\u00f3gico<\/a><\/li>\n<li><a href=\"http:\/\/andresdiezherrero.es\/web\/geologia\/historia-de-la-geologia\" target=\"_blank\">Historia de la geolog\u00eda y la espeleolog\u00eda<\/a><\/li>\n<\/ul>\n","protected":false},"excerpt":{"rendered":"<p>Dentro de los estudios geol\u00f3gicos realizados y publicados, se pueden hacer cuatro grandes bloques: Geomorfolog\u00eda Restauraci\u00f3n de \u00e1reas degradadas Gesti\u00f3n del patrimonio geol\u00f3gico Historia de la geolog\u00eda y la espeleolog\u00eda<\/p>\n","protected":false},"author":4,"featured_media":0,"parent":0,"menu_order":3,"comment_status":"closed","ping_status":"open","template":"","meta":{"footnotes":""},"class_list":["post-107","page","type-page","status-publish","hentry","entry"],"_links":{"self":[{"href":"https:\/\/andresdiezherrero.es\/web\/wp-json\/wp\/v2\/pages\/107"}],"collection":[{"href":"https:\/\/andresdiezherrero.es\/web\/wp-json\/wp\/v2\/pages"}],"about":[{"href":"https:\/\/andresdiezherrero.es\/web\/wp-json\/wp\/v2\/types\/page"}],"author":[{"embeddable":true,"href":"https:\/\/andresdiezherrero.es\/web\/wp-json\/wp\/v2\/users\/4"}],"replies":[{"embeddable":true,"href":"https:\/\/andresdiezherrero.es\/web\/wp-json\/wp\/v2\/comments?post=107"}],"version-history":[{"count":2,"href":"https:\/\/andresdiezherrero.es\/web\/wp-json\/wp\/v2\/pages\/107\/revisions"}],"predecessor-version":[{"id":611,"href":"https:\/\/andresdiezherrero.es\/web\/wp-json\/wp\/v2\/pages\/107\/revisions\/611"}],"wp:attachment":[{"href":"https:\/\/andresdiezherrero.es\/web\/wp-json\/wp\/v2\/media?parent=107"}],"curies":[{"name":"wp","href":"https:\/\/api.w.org\/{rel}","templated":true}]}}