{"id":111,"date":"2010-09-26T11:37:16","date_gmt":"2010-09-26T09:37:16","guid":{"rendered":"http:\/\/andresdiezherrero.es\/web\/?page_id=111"},"modified":"2018-01-01T14:36:29","modified_gmt":"2018-01-01T10:36:29","slug":"restauracion-de-areas-degradadas","status":"publish","type":"page","link":"https:\/\/andresdiezherrero.es\/web\/geologia\/restauracion-de-areas-degradadas","title":{"rendered":"Restauraci\u00f3n de \u00e1reas degradadas"},"content":{"rendered":"<p>Para descargar las publicaciones que carecen de derechos de distribuci\u00f3n, dirigirse al perfil en la red social de investigadores ResearchGate: <a href=\"https:\/\/www.researchgate.net\/profile\/Andres_Diez-Herrero\" target=\"_blank\">https:\/\/www.researchgate.net\/profile\/Andres_Diez-Herrero<\/a><\/p>\n<p>&nbsp;<\/p>\n<p>MART\u00cdN DUQUE, J.F.; PEDRAZA, J.; D\u00cdEZ, A.; SANZ, M.A. y CARRASCO, R.M. (1998). A geomorphological design for the rehabilitation of an abandoned sand quarry in central Spain. <em>Landscape and Urban Planning<\/em>, 42, 1-14; ISSN 0169-2046\/98\/$19.00, Elsevier.<\/p>\n<p>MART\u00cdN DUQUE, J.F.; PEDRAZA, J.; D\u00cdEZ, A.; SANZ SANTOS, M.A. y CARRASCO, R.M. (1998). Criterios geomorfol\u00f3gicos en la restauraci\u00f3n del paisaje. Metodolog\u00eda aplicada a terrenos afectados por explotaciones mineras abandonadas. En: Fern\u00e1ndez, P.P.(Coord.), <em>II Congreso de Ingenier\u00eda del Paisaje<\/em>, pp. 111-121 Asociaci\u00f3n espa\u00f1ola de Ingenier\u00eda del Paisaje, A Coru\u00f1a, 3-5 diciembre de 1997. ISBN: 84-8264-294-4; D.L.: C-287-98 <a href=\"http:\/\/www.andresdiezherrero.es\/publicaciones\/articulos_en_revistas\/martin_duque_et_al_1997_cantera_geoambiente.pdf\" target=\"_blank\">PDF<\/a><\/p>\n","protected":false},"excerpt":{"rendered":"<p>Para descargar las publicaciones que carecen de derechos de distribuci\u00f3n, dirigirse al perfil en la red social de investigadores ResearchGate: https:\/\/www.researchgate.net\/profile\/Andres_Diez-Herrero &nbsp; MART\u00cdN DUQUE, J.F.; PEDRAZA, J.; D\u00cdEZ, A.; SANZ, M.A. y CARRASCO, R.M. (1998). A geomorphological design for the rehabilitation of an abandoned sand quarry in central Spain. Landscape and Urban Planning, 42, 1-14;&hellip; <a class=\"more-link\" href=\"https:\/\/andresdiezherrero.es\/web\/geologia\/restauracion-de-areas-degradadas\">Seguir leyendo <span class=\"screen-reader-text\">Restauraci\u00f3n de \u00e1reas degradadas<\/span><\/a><\/p>\n","protected":false},"author":4,"featured_media":0,"parent":107,"menu_order":3,"comment_status":"closed","ping_status":"closed","template":"no-sidebars.php","meta":{"footnotes":""},"class_list":["post-111","page","type-page","status-publish","hentry","entry"],"_links":{"self":[{"href":"https:\/\/andresdiezherrero.es\/web\/wp-json\/wp\/v2\/pages\/111"}],"collection":[{"href":"https:\/\/andresdiezherrero.es\/web\/wp-json\/wp\/v2\/pages"}],"about":[{"href":"https:\/\/andresdiezherrero.es\/web\/wp-json\/wp\/v2\/types\/page"}],"author":[{"embeddable":true,"href":"https:\/\/andresdiezherrero.es\/web\/wp-json\/wp\/v2\/users\/4"}],"replies":[{"embeddable":true,"href":"https:\/\/andresdiezherrero.es\/web\/wp-json\/wp\/v2\/comments?post=111"}],"version-history":[{"count":1,"href":"https:\/\/andresdiezherrero.es\/web\/wp-json\/wp\/v2\/pages\/111\/revisions"}],"predecessor-version":[{"id":635,"href":"https:\/\/andresdiezherrero.es\/web\/wp-json\/wp\/v2\/pages\/111\/revisions\/635"}],"up":[{"embeddable":true,"href":"https:\/\/andresdiezherrero.es\/web\/wp-json\/wp\/v2\/pages\/107"}],"wp:attachment":[{"href":"https:\/\/andresdiezherrero.es\/web\/wp-json\/wp\/v2\/media?parent=111"}],"curies":[{"name":"wp","href":"https:\/\/api.w.org\/{rel}","templated":true}]}}