{"id":115,"date":"2010-09-26T11:38:17","date_gmt":"2010-09-26T09:38:17","guid":{"rendered":"http:\/\/andresdiezherrero.es\/web\/?page_id=115"},"modified":"2018-01-01T14:36:04","modified_gmt":"2018-01-01T10:36:04","slug":"historia-de-la-geologia","status":"publish","type":"page","link":"https:\/\/andresdiezherrero.es\/web\/geologia\/historia-de-la-geologia","title":{"rendered":"Historia de la geolog\u00eda y la espeleolog\u00eda"},"content":{"rendered":"<p>Para descargar las publicaciones que carecen de derechos de distribuci\u00f3n, dirigirse al perfil en la red social de investigadores ResearchGate: <a href=\"https:\/\/www.researchgate.net\/profile\/Andres_Diez-Herrero\" target=\"_blank\">https:\/\/www.researchgate.net\/profile\/Andres_Diez-Herrero<\/a><\/p>\n<p>&nbsp;<\/p>\n<p>DIEZ, A. et al. (1992). Or\u00edgenes de la exploraci\u00f3n espeleol\u00f3gica en la provincia de Segovia. <em>VI Reuni\u00f3n Nacional de Espeleolog\u00eda<\/em>, La Coru\u00f1a, 10,11 y 13 de Octubre.<\/p>\n<p>ALONSO, R.; D\u00cdEZ, A.; MAZA, J.M. y VEGAS, J. (1996). Ramo geol\u00f3gico: Colecci\u00f3n de minerales, rocas y f\u00f3siles. En: G\u00d3MEZ, A.F.(coord.). <em>150 a\u00f1os de la Ense\u00f1anza Segundaria en Segovia (1845-1995)<\/em>, Exposici\u00f3n conmemorativa, Segovia, pp. 79-82. ISBN 84-8499-180-6; D.L.: SG-2\/1996. <a href=\"http:\/\/www.andresdiezherrero.es\/publicaciones\/capitulos_de_libros\/alonso_et_al_1998_ise_segovia.pdf\" target=\"_blank\">PDF<\/a><\/p>\n<p>D\u00cdEZ, A. (1997). La colecci\u00f3n de minerales, rocas y f\u00f3siles de la Academia de Artiller\u00eda de Segovia. <em>Bolet\u00edn Geol\u00f3gico y Minero<\/em>, 108 (2), 207-214. ISSN 0366-0176; DL M-3279\/1958; NIPO 241-97-001-8. <a href=\"http:\/\/www.andresdiezherrero.es\/publicaciones\/articulos_en_revistas\/diez_1997_coleccion_academia.pdf\" target=\"_blank\">PDF<\/a><\/p>\n<p>MARCELO, G. DE; D\u00cdEZ, A.; LUQUERO, M.A. (1997). La espeleolog\u00eda cient\u00edfica en la provincia de Segovia durante los siglos XVIII y XIX. <em>7\u00ba Congreso Espa\u00f1ol de Espeleolog\u00eda<\/em>, pp. 211-219. Federaci\u00f3 Catalana d&#8217;Espeleologia, GIRES Sesrovires. San Esteve Sesrovires (Barcelona), 5-8 de diciembre. D.L. GR-1240-97. <a href=\"http:\/\/www.andresdiezherrero.es\/publicaciones\/comunicaciones\/marcelo_et_al_1997_espeleo_xviii_y_xix.pdf\" target=\"_blank\">PDF<\/a><\/p>\n<p>MARCELO, G. y D\u00cdEZ, A. (1998). Jos\u00e9 Torrubia y el nacimiento de la Espeleolog\u00eda Cient\u00edfica en Espa\u00f1a. <em>Geogaceta<\/em>, 24, 223-226. ISSN 0213-683X; D.L. M-30884\/95. <a href=\"http:\/\/www.andresdiezherrero.es\/publicaciones\/articulos_en_revistas\/marcelo_y_diez_1998_torrubia.pdf\">PDF<\/a><\/p>\n<p>ALONSO, R.; D\u00cdEZ, A.; MAZA, J.M. y VEGAS, J. (1998). Colecci\u00f3n de rocas, minerales y f\u00f3siles del Instituto de Segunda Ense\u00f1anza de Segovia. En: GARC\u00cdA, J.L.; MORENO, J.M. y RUIZ, G. (Coord.), <em>Estudios de Historia de las T\u00e9cnicas, la Arqueolog\u00eda Industrial y las Ciencias<\/em>, Colecci\u00f3n Estudios de Historia de la Ciencia y la T\u00e9cnica n\u00ba 13, Junta de Castilla y Le\u00f3n, tomo I, p\u00e1gs. 409-414, Salamanca. ISBN 84-7846-718-1; D.L. S-506\/1998. <a href=\"http:\/\/www.andresdiezherrero.es\/publicaciones\/capitulos_de_libros\/alonso_et_al_1998_ise_segovia.pdf\">PDF<\/a><\/p>\n<p>DE MARCELO, M.G. Y D\u00cdEZ, A. (1999). Aportaciones de Andr\u00e9s Laguna a la mineralog\u00eda renacentista. <em>Congreso Internacional Andr\u00e9s Laguna. Humanismo, Ciencia y Pol\u00edtica en la Europa Renacentista<\/em>. Segovia, 22-26 de noviembre. <a href=\"http:\/\/www.andresdiezherrero.es\/publicaciones\/comunicaciones\/marcelo_y_diez_1999_andres_laguna.pdf\" target=\"_blank\">PDF<\/a><\/p>\n<p>DE MARCELO, G. y D\u00cdEZ, A. (2001). Aportaciones de Andr\u00e9s Laguna a la Mineralog\u00eda Renacentista. En: GARC\u00cdA, J.L. y MORENO, J.M. (Coords.). <em>Andr\u00e9s Laguna. Humanismo, Ciencia y Pol\u00edtica en la Europa Renacentista<\/em>. Estudios de Historia de la Ciencia y de la T\u00e9cnica, 17, 363-376. Junta de Castilla y Le\u00f3n, Consejer\u00eda de Educaci\u00f3n y Cultura, Valladolid. D.L. VA. 28-2001. ISBN 84-7846-971-0. <a href=\"http:\/\/www.andresdiezherrero.es\/publicaciones\/capitulos_de_libros\/marcelo_y_diez_2001_andres_laguna.pdf\" target=\"_blank\">PDF<\/a><\/p>\n<p>DE MARCELO, G. y D\u00cdEZ, A. (2002). Andr\u00e9s Laguna en la Mineralog\u00eda del siglo XVI. <em>Litos<\/em>, 15, 6-14. D.L. SG-99\/91.<\/p>\n<p>DE MARCELO, G. y D\u00cdEZ, A. (2002). Jos\u00e9 Torrubia y el nacimiento de la Espeleolog\u00eda Cient\u00edfica en Espa\u00f1a. <em>Bolet\u00edn del Museo Andaluz de la Espeleolog\u00eda<\/em>, 14, 11-14. Diputaci\u00f3n Provincial de Granada y Federaci\u00f3n Espa\u00f1ola de Espeleolog\u00eda. ISSN 1132-1725; DL GR-1412-1991.<\/p>\n<p>D\u00cdEZ, A. (2003). Breve informe sobre la visita realizada a la colecci\u00f3n de minerales y rocas del I.E.S. El Greco (Toledo). <em>Alminar<\/em>, 7, 55-62. ISSN: 1131-8090; DL: TO 243-1988. <a href=\"http:\/\/www.andresdiezherrero.es\/publicaciones\/articulos_en_revistas\/diez_2003_alminar.pdf\" target=\"_blank\">PDF<\/a><\/p>\n<p>D\u00cdEZ HERRERO, A. (2005). Apuntes hist\u00f3ricos sobre la Colecci\u00f3n de minerales, rocas y f\u00f3siles de la Academia de Artiller\u00eda de Segovia. <em>LLULL, Revista de la Sociedad Espa\u00f1ola de Historia de las Ciencias y las T\u00e9cnicas<\/em>, vol. 28 (n\u00ba 62), 383-413. ISSN 0210-8615. <a href=\"http:\/\/www.andresdiezherrero.es\/publicaciones\/articulos_en_revistas\/diez_2005_llull.pdf\" target=\"_blank\">PDF<\/a><\/p>\n<p>D\u00cdEZ HERRERO, A. (2007). Apuntes hist\u00f3ricos sobre la Colecci\u00f3n de minerales, rocas y f\u00f3siles de la Academia de Artiller\u00eda de Segovia. <em>Memorial de Artiller\u00eda, <\/em>a\u00f1o 163, n\u00ba 1. Diciembre 2007,\u00a0 27-47. ISSN 0213-6155. D.L.: M-11728-1979. NIPO: 076-07-055-8.<\/p>\n<p>D\u00cdEZ-HERRERO, A.; R\u00c1BANO, I.; REGUEIRO, M.; MAESTRO, A.; ALONSO-ZARZA, A.M.; VILLARROYA, F.; DE BUSTAMANTE, I.; BENITO, G.; CASTROVIEJO, R.; ESP\u00cd, J.A.; L\u00d3PEZ-MART\u00cdNEZ, J.; L\u00d3PEZ-MORELL, M.A.; MART\u00cdNEZ-FR\u00cdAS, J.; BALTUILLE, J.M.; BARRENO, M.; D\u00cdAZ-MART\u00cdNEZ, E.; DUR\u00c1N, J.J.; FERRER, M.; GIL-PE\u00d1A, I.; PARDO-IGUZQUIZA, E.; S\u00c1NCHEZ, A. Y S\u00c1NCHEZ-ESPA\u00d1A, F.J. (2012). Estrategia del BGM para la mejora de la calidad del proceso editorial y superaci\u00f3n de las evaluaciones y certificaciones para revistas cient\u00edficas. <em>IX Foro internacional sobre Evaluaci\u00f3n de la Calidad de la Investigaci\u00f3n y la Educaci\u00f3n Superior (FECIES)<\/em>. En: Loreto Del R\u00edo Berm\u00fadez e Inmaculada Teva \u00c1lvarez (Comps.), <em>Libro de cap\u00edtulos<\/em>, pags. 1548-1553, Asociaci\u00f3n Espa\u00f1ola de Psicolog\u00eda Conductual (AEPC), Santiago de Compostela, 12-15 de junio de 2012. ISBN: 978-84-695-6734-0.<\/p>\n<p>D\u00cdEZ-HERRERO, A., I. R\u00c1BANO, M. REGUEIRO, A. MAESTRO, A.M. ALONSO-ZARZA, F. VILLARROYA, I. DE BUSTAMANTE, G. BENITO, R. CASTROVIEJO, J.A. ESP\u00cd, J. L\u00d3PEZ-MART\u00cdNEZ, M.A. L\u00d3PEZ-MORELL, J. MART\u00cdNEZ-FR\u00cdAS, J.M. BALTUILLE, M. BARRENO, E. D\u00cdAZ-MART\u00cdNEZ, J.J. DUR\u00c1N, M. FERRER, I. GIL-PE\u00d1A, E. PARDO-IGUZQUIZA, A. S\u00c1NCHEZ Y F.J. S\u00c1NCHEZ-ESPA\u00d1A (2012). Bolet\u00edn Geol\u00f3gico y Minero: Decana de las revistas geol\u00f3gicas espa\u00f1olas. Rese\u00f1a hist\u00f3rica y situaci\u00f3n actual. <em>Geo-Temas<\/em>, 13, 49 (1-4). VIII Congreso Geol\u00f3gico de Espa\u00f1a, Oviedo 17-19 de julio de 2012. Sociedad Geol\u00f3gica de Espa\u00f1a y Universidad de Oviedo. ISSN: 1576-5172. D.L. S.398-2012.<\/p>\n<p>D\u00cdEZ-HERRERO, A.; R\u00c1BANO, I.; REGUEIRO, M.; MAESTRO, A.; ALONSO-ZARZA, A.M.; VILLARROYA, F.; DE BUSTAMANTE, I.; BENITO, G.; CASTROVIEJO, R.; ESP\u00cd, J.A.; L\u00d3PEZ-MART\u00cdNEZ, J.; L\u00d3PEZ-MORELL, M.A.; MART\u00cdNEZ-FR\u00cdAS, J.; BALTUILLE, J.M.; BARRENO, M.; D\u00cdAZ-MART\u00cdNEZ, E.; DUR\u00c1N, J.J.; FERRER, M.; GIL-PE\u00d1A, I.; PARDO-IGUZQUIZA, E.; S\u00c1NCHEZ, A. Y S\u00c1NCHEZ-ESPA\u00d1A, F.J. (2012). Estrategia del BGM para la mejora de la calidad del proceso editorial y superaci\u00f3n de las evaluaciones y certificaciones para revistas cient\u00edficas. <em>IX Foro internacional sobre Evaluaci\u00f3n de la Calidad de la Investigaci\u00f3n y la Educaci\u00f3n Superior (FECIES)<\/em>. En:\u00a0 M\u00aa Teresa Ramiro, M\u00aa Paz Berm\u00fadez e Inmaculada Teva (Comps.), <em>Libro de res\u00famenes<\/em>, pag. 241, Asociaci\u00f3n Espa\u00f1ola de Psicolog\u00eda Conductual (AEPC), Santiago de Compostela, 12-15 de junio de 2012. ISBN: 978-84-695-3701-5.<\/p>\n<p>D\u00cdEZ-HERRERO, A. (2017). <em>De exoticorum in militaria mineralibus<\/em>. Una antiqu\u00edsima colecci\u00f3n de minerales, rocas y f\u00f3siles en la Academia de Artiller\u00eda de Segovia. En: Chaves, J.L., Garc\u00eda, C. y G\u00f3mez, J.L. (Coord.), <em>Exotica in militaria<\/em>. pp. 140-159. Museo del Ej\u00e9rcito, Ministerio de Defensa, Toledo, 215 pp. NIPO: 083-17-071-2 (edici\u00f3n papel); ISBN: 978-84-9091-274-4 (edici\u00f3n papel); Dep\u00f3sito Legal: M-10145-2017.<\/p>\n<p>D\u00cdEZ-HERRERO, A.; DEL BARRIO \u00c1LVAREZ, J.A.; HERRANZ SOL\u00cdS, F. (2017). De la interpretaci\u00f3n geol\u00f3gica del paisaje a su expresi\u00f3n art\u00edstica: el Curso de pintores pensionados de Segovia. <em>Ense\u00f1anza de las Ciencias de la Tierra<\/em>, 25.2, 159-167. ISSN (edici\u00f3n impresa): 1132-9157 &#8211; (edici\u00f3n electr\u00f3nica): 2385-3484.<\/p>\n<p>&nbsp;<\/p>\n","protected":false},"excerpt":{"rendered":"<p>Para descargar las publicaciones que carecen de derechos de distribuci\u00f3n, dirigirse al perfil en la red social de investigadores ResearchGate: https:\/\/www.researchgate.net\/profile\/Andres_Diez-Herrero &nbsp; DIEZ, A. et al. (1992). Or\u00edgenes de la exploraci\u00f3n espeleol\u00f3gica en la provincia de Segovia. VI Reuni\u00f3n Nacional de Espeleolog\u00eda, La Coru\u00f1a, 10,11 y 13 de Octubre. ALONSO, R.; D\u00cdEZ, A.; MAZA, J.M.&hellip; <a class=\"more-link\" href=\"https:\/\/andresdiezherrero.es\/web\/geologia\/historia-de-la-geologia\">Seguir leyendo <span class=\"screen-reader-text\">Historia de la geolog\u00eda y la espeleolog\u00eda<\/span><\/a><\/p>\n","protected":false},"author":4,"featured_media":0,"parent":107,"menu_order":2,"comment_status":"closed","ping_status":"open","template":"no-sidebars.php","meta":{"footnotes":""},"class_list":["post-115","page","type-page","status-publish","hentry","entry"],"_links":{"self":[{"href":"https:\/\/andresdiezherrero.es\/web\/wp-json\/wp\/v2\/pages\/115"}],"collection":[{"href":"https:\/\/andresdiezherrero.es\/web\/wp-json\/wp\/v2\/pages"}],"about":[{"href":"https:\/\/andresdiezherrero.es\/web\/wp-json\/wp\/v2\/types\/page"}],"author":[{"embeddable":true,"href":"https:\/\/andresdiezherrero.es\/web\/wp-json\/wp\/v2\/users\/4"}],"replies":[{"embeddable":true,"href":"https:\/\/andresdiezherrero.es\/web\/wp-json\/wp\/v2\/comments?post=115"}],"version-history":[{"count":2,"href":"https:\/\/andresdiezherrero.es\/web\/wp-json\/wp\/v2\/pages\/115\/revisions"}],"predecessor-version":[{"id":634,"href":"https:\/\/andresdiezherrero.es\/web\/wp-json\/wp\/v2\/pages\/115\/revisions\/634"}],"up":[{"embeddable":true,"href":"https:\/\/andresdiezherrero.es\/web\/wp-json\/wp\/v2\/pages\/107"}],"wp:attachment":[{"href":"https:\/\/andresdiezherrero.es\/web\/wp-json\/wp\/v2\/media?parent=115"}],"curies":[{"name":"wp","href":"https:\/\/api.w.org\/{rel}","templated":true}]}}