{"id":146,"date":"2010-09-26T18:05:56","date_gmt":"2010-09-26T16:05:56","guid":{"rendered":"http:\/\/andresdiezherrero.es\/web\/?page_id=146"},"modified":"2025-09-29T09:47:33","modified_gmt":"2025-09-29T05:47:33","slug":"categoria","status":"publish","type":"page","link":"https:\/\/andresdiezherrero.es\/web\/categoria","title":{"rendered":"Proyectos activos"},"content":{"rendered":"\n<p>Actualmente participo en los siguientes proyectos de investigaci\u00f3n cient\u00edfica y\/o desarrollo tecnol\u00f3gico, <strong>vigentes <\/strong>(octubre 2025):<\/p>\n\n\n\n<p><\/p>\n\n\n\n<p><strong>2025-2029<\/strong><\/p>\n\n\n\n<p>\u201c<strong>Sustainable conservation of cultural heritage in disaster contexts: freeze-drying system based on the brayton cycle and integration of hydrological event timing for intervention optimization\u201d (ECO-CARE). \u201c<\/strong><em>Conservaci\u00f3n sostenible del patrimonio cultural en contextos de desastre: sistema de liofilizaci\u00f3n basado en el ciclo Brayton e integraci\u00f3n de la temporizaci\u00f3n de los eventos hidrol\u00f3gicos para la optimizaci\u00f3n de la intervenci\u00f3n<\/em>\u201d. Entidad financiadora: Generalitat Valenciana, PROMETEO 2024 (CIPROM\/2024\/5). Duraci\u00f3n: desde 1 de septiembre de 2025 al 31 de agosto de 2029 (4 a\u00f1os). Cuant\u00eda de la subvenci\u00f3n: 599.091,00 \u20ac. Investigadores responsables: Virginia Santamarina Campos y Vicente Dolz Ruiz (UPV).<\/p>\n\n\n\n<p><strong>2023-2026<\/strong><br>\u201c<strong>Investigaci\u00f3n cient\u00edfica en morfodin\u00e1mica sedimentaria y paleohidrolog\u00eda aplicadas a la gesti\u00f3n de sistemas fluviales<\/strong>\u201d (<strong>Tarqu\u00edn<\/strong> <strong>2<\/strong>; GESTEC 3157), de la Actuaci\u00f3n 12 de la Subvenci\u00f3n nominativa anual de la Resoluci\u00f3n de la Direcci\u00f3n General del Agua por la que se concede una Subvenci\u00f3n a la Agencia Estatal Consejo Superior de Investigaciones Cient\u00edficas, M.P. (CSIC) prevista en la Ley de Presupuestos Generales del Estado para el a\u00f1o 2023, para financiar las labores en materia de investigaci\u00f3n en recursos e infraestructuras hidr\u00e1ulicas. Inicio DGA: julio 2023; Final: agosto 2026. N\u00famero de t\u00e9cnicos del equipo de trabajo: 6. Dotaci\u00f3n econ\u00f3mica: 70.000 euros.<\/p>\n\n\n\n<p><strong>2021-2025<\/strong><br>\u201c<strong>Vectores de Anisotrop\u00eda Ambiental e \u00cdndices de Riesgo Clim\u00e1tico del Patrimonio Cultural en un Clima Cambiante &#8211; Environmental anisotropy vector and climate risk index of Cultural Heritage in a changing climate<\/strong>\u201d (vector-RESCUhE). Entidad financiadora: AEI\/FEDER\/UE. Plan Nacional de I+D+i. Retos PID2020-116896RB-C21 TMA. IP: Javier Mart\u00ednez Mart\u00ednez. Cuant\u00eda de la subvenci\u00f3n: 121.000,00 \u20ac.<\/p>\n\n\n\n<p><strong>2021-2025<\/strong><\/p>\n\n\n\n<p>\u201c<strong>Impactos, vulnerabilidad y resiliencia de la geodiversidad y el patrimonio geol\u00f3gico ante el cambio global en los Parques Nacionales Canarios<\/strong>\u201d (IVRIPARC)\u201d del Programa de Investigaci\u00f3n del Organismo Aut\u00f3nomo de Parques Nacionales (Ministerio para la Transici\u00f3n Ecol\u00f3gica y el Reto Demogr\u00e1fico). Convocatoria: PN2021 &#8211; Proyectos de Investigacion Cientifica en la Red de Parques Nacionales (OAPN 2779\/2021). Duraci\u00f3n, desde: 21\/12\/2021 hasta: 20\/12\/2024 (ampliado hasta 31 de diciembre de 2025). \u00c1mbito: Nacional. Referencia unidad administrativa: 20218M769. Referencia entidad financiadora: 2779\/2021. Equipo: 16 investigadores. IP: Juana Vegas (IGME). Dotaci\u00f3n econ\u00f3mica: 75.267,50 euros.<\/p>\n\n\n\n<p><strong>2012-act.<\/strong><\/p>\n\n\n\n<p>\u00ab<strong><a href=\"http:\/\/www.primerospobladoresdesegovia.com\" target=\"_blank\" rel=\"noopener\">Primeros pobladores de Segovia<\/a><\/strong>\u00ab. Proyecto de investigaci\u00f3n arqueol\u00f3gica y geoarqueol\u00f3gica en el interfluvio Eresma-Riaza y excavaciones en el valle del Eresma (yacimiento del Abrigo del Molino y otros). Financiado por la Junta de Castilla y Le\u00f3n (Consejer\u00eda de Cultura y Turismo).<\/p>\n\n\n\n<p><\/p>\n\n\n\n<p><\/p>\n\n\n\n<p>Y en los \u00faltimos a\u00f1os he participado en los siguientes proyectos de investigaci\u00f3n cient\u00edfica y\/o desarrollo tecnol\u00f3gico, ya <strong>finalizados<\/strong>:<\/p>\n\n\n\n<p><strong>2022-2025<\/strong><br>\u201c<strong>Impactos ambientales de las actividades deportivas en la biodiversidad y los ecosistemas: propuestas de gesti\u00f3n desde el conocimiento cient\u00edfico<\/strong>\u201d (ECODEPOR). Convocatoria 2021 de proyectos orientados a la transici\u00f3n ecol\u00f3gica y a la transici\u00f3n digital, del Plan estatal de investigaci\u00f3n cient\u00edfica, t\u00e9cnica y de innovaci\u00f3n 2021- 2023, en el marco del Plan de recuperaci\u00f3n, transformaci\u00f3n y resiliencia. N\u00ba Referencia: TED2021-131488B-I00. Coordinador (IP): Dr. Javier Benayas. Equipo de investigaci\u00f3n: 7 personas (UAM, MNCN-CSIC e IGME-CSIC). Cuant\u00eda de la subvenci\u00f3n: 106.950,00 euros.<\/p>\n\n\n\n<p><strong>2024<\/strong><\/p>\n\n\n\n<p>\u201c<strong>Patrimonio cultural en riesgo: Retos de adaptaci\u00f3n al cambio clim\u00e1tico<\/strong>\u201d. Tipo de proyecto: Acci\u00f3n Especial. Convocatoria: Science for Policy (S4P) 2023. \u00c1mbito: nacional. Grupo de proyectos: Proyectos Nacionales. Centro de Gesti\u00f3n: Instituto de Arqueolog\u00eda de M\u00e9rida (120263). Duraci\u00f3n: 16\/01\/2024 a 31\/12\/2024. IP: El\u00edas Salvador L\u00f3pez-Romero Gonz\u00e1lez de la Aleja (4 coordinadores). Presupuesto: 1000,00 euros.<\/p>\n\n\n\n<p><strong>2022-2024<\/strong><\/p>\n\n\n\n<p>\u201c<strong>Investigaci\u00f3n Geol\u00f3gica dirigida a la recuperaci\u00f3n de la Isla de la Palma tras la erupci\u00f3n del volc\u00e1n 2021<\/strong>\u201d (GEOPALMA). \u00c1mbito: Nacional. Fecha de inicio:&nbsp; 01\/11\/2022. Fecha de finalizaci\u00f3n: 01\/11\/2024. Entidad financiadora: Gobierno de Canarias- Recuperacion de la Isla de La Palma. Importe concedido: 528.000,00 \u20ac. IP: Nieves S\u00e1nchez Jim\u00e9nez (IGME, CSIC).<\/p>\n\n\n\n<p><strong>2022-2024<\/strong><\/p>\n\n\n\n<p>\u201c<strong>Investigaci\u00f3n geol\u00f3gica de la erupci\u00f3n de 2021 en Cumbre Vieja<\/strong>\u201d (PIE-La Palma). Fecha de inicio: 01\/07\/2022. Fecha de finalizaci\u00f3n: 30\/09\/2024. \u00c1mbito: Nacional. Importe concedido: 190.000,00 \u20ac. Entidad financiadora: Consejo Superior de Investigaciones Cient\u00edficas. Convocatoria: CVCSIC-Ayudas Extraordinarias La Palma 2022. IPs: In\u00e9s Galindo Jim\u00e9nez y Nieves S\u00e1nchez Jim\u00e9nez (IGME, CSIC).<\/p>\n\n\n\n<p><strong>2022-2023<\/strong><\/p>\n\n\n\n<p>\u201c<strong>Investigaci\u00f3n cient\u00edfica en morfodin\u00e1mica sedimentaria y paleohidrolog\u00eda aplicadas a la gesti\u00f3n de sistemas fluviales<\/strong>\u201d (Tarqu\u00edn; GESTEC 3157), de la Actuaci\u00f3n 3 de la Subvenci\u00f3n nominativa anual de la Resoluci\u00f3n de la Direcci\u00f3n General del Agua por la que se concede una Subvenci\u00f3n a la Agencia Estatal Consejo Superior de Investigaciones Cient\u00edficas, M.P. (CSIC) prevista en la Ley de Presupuestos Generales del Estado para el a\u00f1o 2022, para financiar las labores en materia de investigaci\u00f3n en recursos e infraestructuras hidr\u00e1ulicas. Inicio DGA: julio 2022 (inicio IGME: octubre 2022); Final: diciembre 2023. N\u00famero de t\u00e9cnicos del equipo de trabajo: 5. Dotaci\u00f3n econ\u00f3mica: 70.000 euros.<\/p>\n\n\n\n<p><strong>2021-2022<\/strong><\/p>\n\n\n\n<p>\u201c<strong>Trabajos de elaboraci\u00f3n de los textos, fotos y bloques diagrama para seis rutas de geoturismo en la provincia de Segovia<\/strong>\u201d Sgeo-rutas. GESTEC 3042. Financiaci\u00f3n: Prodestur (Diputaci\u00f3n de Segovia). Inicio: 15 de octubre de 2021. Final: mayo de 2022. N\u00famero de t\u00e9cnicos del equipo de trabajo: 4. Dedicaci\u00f3n: 6 d\u00edas (2021) y 10 d\u00edas (2022). Dotaci\u00f3n econ\u00f3mica: 6.462,17 euros. Responsable del proyecto: Juana Vegas Salamanca (IGME, CSIC).<\/p>\n\n\n\n<p><strong>2018-2021<\/strong><\/p>\n\n\n\n<p><strong><a href=\"http:\/\/drainage.cedex.es\/\" target=\"_blank\" rel=\"noopener\">\u00abDise\u00f1o de una metodolog\u00eda para incrementar la resiliencia ante inundaciones compatible con la mejora del estado de las masas de agua y la gesti\u00f3n sostenible de los recursos h\u00eddricos\u00bb<\/a><\/strong> (DRAINAGE) como IP del subproyecto \u00abMetodolog\u00edas avanzadas para el an\u00e1lisis cient\u00edfico-t\u00e9cnico del riesgo por inundaciones para la mejora de la resiliencia y la reducci\u00f3n del riesgo\u00bb (CGL2017-83546-C3-3-R) del Programa Estatal de Investigaci\u00f3n, Desarrollo e Innovaci\u00f3n orientada a los Retos de la Sociedad (Ministerio de Econom\u00eda, Industria y Competitividad).<\/p>\n\n\n\n<p><strong>2017-2018<\/strong><\/p>\n\n\n\n<p>\u00ab<strong>Los yacimientos paleontol\u00f3gicos de flora f\u00f3sil del Cuaternario de Las Chorreras del Cabriel (Cuenca)<\/strong>\u00ab. Proyectos de investigaci\u00f3n del patrimonio arqueol\u00f3gico y paleontol\u00f3gico de Castilla-La Mancha. Convocatoria 2017.<\/p>\n\n\n\n<p><strong>2017-2018<\/strong><\/p>\n\n\n\n<p>\u00ab<strong>Actuaciones de Gobernanza mediante implicaci\u00f3n social y desarrollo de acciones de mitigaci\u00f3n de la influencia del Cambio Clim\u00e1tico&nbsp; y del Cambio Global en el Lago Enol, en el Parque Nacional de los Picos de Europa<\/strong>\u00ab. (PRCV00436). Ayudas de la Fundaci\u00f3n Biodiversidad (MAPAMA), Convocatoria 2016.<\/p>\n\n\n\n<p><strong>2014-2017<\/strong><\/p>\n\n\n\n<p>\u201c<strong><a href=\"http:\/\/marconiresearch.com\/flood-resilience\/\" target=\"_blank\" rel=\"noopener\">Integraci\u00f3n de Metodolog\u00edas Avanzadas para la mejora de la ResilienCia en zonas urbaNas ante avenidas e Inundaciones<\/a><\/strong>\u201d (MARCoNI, CGL2013-42728-R) del Programa Estatal de Investigaci\u00f3n, Desarrollo e Innovaci\u00f3n orientada a los Retos de la Sociedad (Ministerio de Econom\u00eda, Industria y Competitividad)<\/p>\n","protected":false},"excerpt":{"rendered":"<p>Actualmente participo en los siguientes proyectos de investigaci\u00f3n cient\u00edfica y\/o desarrollo tecnol\u00f3gico, vigentes (octubre 2025): 2025-2029 \u201cSustainable conservation of cultural heritage in disaster contexts: freeze-drying system based on the brayton cycle and integration of hydrological event timing for intervention optimization\u201d (ECO-CARE). \u201cConservaci\u00f3n sostenible del patrimonio cultural en contextos de desastre: sistema de liofilizaci\u00f3n basado en&hellip; <a class=\"more-link\" href=\"https:\/\/andresdiezherrero.es\/web\/categoria\">Seguir leyendo <span class=\"screen-reader-text\">Proyectos activos<\/span><\/a><\/p>\n","protected":false},"author":4,"featured_media":0,"parent":0,"menu_order":5,"comment_status":"closed","ping_status":"open","template":"","meta":{"footnotes":""},"class_list":["post-146","page","type-page","status-publish","hentry","entry"],"_links":{"self":[{"href":"https:\/\/andresdiezherrero.es\/web\/wp-json\/wp\/v2\/pages\/146"}],"collection":[{"href":"https:\/\/andresdiezherrero.es\/web\/wp-json\/wp\/v2\/pages"}],"about":[{"href":"https:\/\/andresdiezherrero.es\/web\/wp-json\/wp\/v2\/types\/page"}],"author":[{"embeddable":true,"href":"https:\/\/andresdiezherrero.es\/web\/wp-json\/wp\/v2\/users\/4"}],"replies":[{"embeddable":true,"href":"https:\/\/andresdiezherrero.es\/web\/wp-json\/wp\/v2\/comments?post=146"}],"version-history":[{"count":32,"href":"https:\/\/andresdiezherrero.es\/web\/wp-json\/wp\/v2\/pages\/146\/revisions"}],"predecessor-version":[{"id":970,"href":"https:\/\/andresdiezherrero.es\/web\/wp-json\/wp\/v2\/pages\/146\/revisions\/970"}],"wp:attachment":[{"href":"https:\/\/andresdiezherrero.es\/web\/wp-json\/wp\/v2\/media?parent=146"}],"curies":[{"name":"wp","href":"https:\/\/api.w.org\/{rel}","templated":true}]}}