{"id":148,"date":"2010-09-26T18:07:17","date_gmt":"2010-09-26T16:07:17","guid":{"rendered":"http:\/\/andresdiezherrero.es\/web\/?page_id=148"},"modified":"2020-08-15T13:34:23","modified_gmt":"2020-08-15T09:34:23","slug":"sub","status":"publish","type":"page","link":"https:\/\/andresdiezherrero.es\/web\/categoria\/sub","title":{"rendered":"Mis p\u00e1ginas web"},"content":{"rendered":"<p>\u00c9stas son algunas de mis p\u00e1ginas web, tanto gestionadas por m\u00ed (webmaster), como en las que participo:<\/p>\n<p><strong>Informaci\u00f3n sobre avenidas, riadas y riesgo de inundaci\u00f3n<\/strong>:<\/p>\n<ul>\n<li><a href=\"http:\/\/www.riada.es\" target=\"_blank\">www.riada.es<\/a><\/li>\n<li><a href=\"http:\/\/www.inundacion.es\" target=\"_blank\">www.inundacion.es<\/a><\/li>\n<\/ul>\n<p>&nbsp;<\/p>\n<p><strong>Informaci\u00f3n sobre \u00abGeolog\u00eda de Segovia\u00bb y asociaci\u00f3n hom\u00f3nima<\/strong>:<\/p>\n<ul>\n<li><a href=\"http:\/\/www.geologiadesegovia.info\" target=\"_blank\">www.geologiadesegovia.info<\/a><\/li>\n<\/ul>\n<p>&nbsp;<\/p>\n<p><strong>Patrimonio geol\u00f3gico, voluntariado de geoconservaci\u00f3n<\/strong>:<\/p>\n<ul>\n<li><a href=\"http:\/\/www.apadrinaunaroca.es\/\" target=\"_blank\">www.apadrinaunaroca.es<\/a><\/li>\n<\/ul>\n<p>&nbsp;<\/p>\n<p><strong>Arqueolog\u00eda y geoarqueolog\u00eda de la provincia de Segovia:<\/strong><\/p>\n<ul>\n<li><a href=\"http:\/\/www.primerospobladoresdesegovia.com\" target=\"_blank\">www.primerospobladoresdesegovia.com<\/a><\/li>\n<\/ul>\n<p><span id=\"badgeCont784783\" style=\"width: 126px;\"><script src=\"http:\/\/labs.researcherid.com\/mashlets?el=badgeCont784783&amp;mashlet=badge&amp;showTitle=false&amp;className=a&amp;rid=A-3401-2009\"><\/script><\/span><\/p>\n","protected":false},"excerpt":{"rendered":"<p>\u00c9stas son algunas de mis p\u00e1ginas web, tanto gestionadas por m\u00ed (webmaster), como en las que participo: Informaci\u00f3n sobre avenidas, riadas y riesgo de inundaci\u00f3n: www.riada.es www.inundacion.es &nbsp; Informaci\u00f3n sobre \u00abGeolog\u00eda de Segovia\u00bb y asociaci\u00f3n hom\u00f3nima: www.geologiadesegovia.info &nbsp; Patrimonio geol\u00f3gico, voluntariado de geoconservaci\u00f3n: www.apadrinaunaroca.es &nbsp; Arqueolog\u00eda y geoarqueolog\u00eda de la provincia de Segovia: www.primerospobladoresdesegovia.com<\/p>\n","protected":false},"author":4,"featured_media":0,"parent":146,"menu_order":101,"comment_status":"closed","ping_status":"closed","template":"no-sidebars.php","meta":{"footnotes":""},"class_list":["post-148","page","type-page","status-publish","hentry","entry"],"_links":{"self":[{"href":"https:\/\/andresdiezherrero.es\/web\/wp-json\/wp\/v2\/pages\/148"}],"collection":[{"href":"https:\/\/andresdiezherrero.es\/web\/wp-json\/wp\/v2\/pages"}],"about":[{"href":"https:\/\/andresdiezherrero.es\/web\/wp-json\/wp\/v2\/types\/page"}],"author":[{"embeddable":true,"href":"https:\/\/andresdiezherrero.es\/web\/wp-json\/wp\/v2\/users\/4"}],"replies":[{"embeddable":true,"href":"https:\/\/andresdiezherrero.es\/web\/wp-json\/wp\/v2\/comments?post=148"}],"version-history":[{"count":5,"href":"https:\/\/andresdiezherrero.es\/web\/wp-json\/wp\/v2\/pages\/148\/revisions"}],"predecessor-version":[{"id":662,"href":"https:\/\/andresdiezherrero.es\/web\/wp-json\/wp\/v2\/pages\/148\/revisions\/662"}],"up":[{"embeddable":true,"href":"https:\/\/andresdiezherrero.es\/web\/wp-json\/wp\/v2\/pages\/146"}],"wp:attachment":[{"href":"https:\/\/andresdiezherrero.es\/web\/wp-json\/wp\/v2\/media?parent=148"}],"curies":[{"name":"wp","href":"https:\/\/api.w.org\/{rel}","templated":true}]}}