{"id":545,"date":"2012-03-04T16:53:29","date_gmt":"2012-03-04T12:53:29","guid":{"rendered":"http:\/\/andresdiezherrero.es\/web\/?page_id=545"},"modified":"2020-08-15T12:02:56","modified_gmt":"2020-08-15T08:02:56","slug":"lineas-de-investigacion","status":"publish","type":"page","link":"https:\/\/andresdiezherrero.es\/web\/lineas-de-investigacion","title":{"rendered":"L\u00edneas de investigaci\u00f3n"},"content":{"rendered":"<p><span id=\"badgeCont784783\" style=\"width: 126px;\"><script src=\"http:\/\/labs.researcherid.com\/mashlets?el=badgeCont784783&amp;mashlet=badge&amp;showTitle=false&amp;className=a&amp;rid=A-3401-2009\"><\/script><\/span><br \/>\n<strong>* <em>Avenidas e inundaciones fluviales<\/em>:<\/strong><\/p>\n<ul>\n<li>Modelaci\u00f3n hidrol\u00f3gica e hidr\u00e1ulica<\/li>\n<li>An\u00e1lisis geol\u00f3gico y geomorfol\u00f3gico<\/li>\n<li>Estudio paleohidrol\u00f3gico (dendrogeomorfol\u00f3gico y sedimentol\u00f3gico)<\/li>\n<li>Cartograf\u00eda de riesgo de inundaci\u00f3n<\/li>\n<li>Empleo de sistemas de informaci\u00f3n geogr\u00e1fica<\/li>\n<li>Medidas preventivas: Ordenaci\u00f3n del Territorio y Protecci\u00f3n Civil<\/li>\n<li>Inundaciones y patrimonio natural y cultural<\/li>\n<\/ul>\n<p><em><strong>* Otros riesgos naturales:<\/strong><\/em><\/p>\n<blockquote>\n<ul>\n<li>Movimientos de ladera<\/li>\n<li>Erosi\u00f3n de suelos<\/li>\n<\/ul>\n<\/blockquote>\n<p><em><strong>* Geomorfolog\u00eda:<\/strong><\/em><\/p>\n<blockquote>\n<ul>\n<li>General<\/li>\n<li>Fluvial<\/li>\n<li>Regional<\/li>\n<\/ul>\n<\/blockquote>\n<p><strong>*<em> Restauraci\u00f3n de \u00e1reas degradadas<\/em>:<\/strong><\/p>\n<blockquote>\n<ul>\n<li>Dise\u00f1o de restauraci\u00f3n de explotaciones mineras<\/li>\n<li>Seguimiento y control de procesos geodin\u00e1micos<\/li>\n<\/ul>\n<\/blockquote>\n<p><strong>* <em>Gesti\u00f3n del Patrimonio Geol\u00f3gico<\/em>:<\/strong><\/p>\n<blockquote>\n<ul>\n<li>Inventario y catalogaci\u00f3n de PIGs<\/li>\n<li>Establecimiento de medidas de protecci\u00f3n<\/li>\n<li>Propuestas de utilizaci\u00f3n cient\u00edfica y divulgativa<\/li>\n<li>Monitorizaci\u00f3n para la geoconservaci\u00f3n<\/li>\n<li>Geoconservaci\u00f3n mediante voluntariado (Apadrina una roca)<\/li>\n<\/ul>\n<\/blockquote>\n<p><strong>* <em>Historia de la Geolog\u00eda<\/em>:<\/strong><\/p>\n<blockquote>\n<ul>\n<li>Colecciones hist\u00f3ricas de minerales, rocas y f\u00f3siles<\/li>\n<li>Desarrollo hist\u00f3rico de la Espeleolog\u00eda<\/li>\n<\/ul>\n<\/blockquote>\n<p><strong>* <em>Naturaleza de la provincia de Segovia:<\/em><\/strong><\/p>\n<blockquote>\n<ul>\n<li>Estudios geol\u00f3gicos y geomorfol\u00f3gicos<\/li>\n<li>Trabajos sobre las Hoces del r\u00edo Durat\u00f3n<\/li>\n<li>Trabajos sobre la Tierra de Pinares<\/li>\n<li>Aspectos medioambientales<\/li>\n<\/ul>\n<\/blockquote>\n","protected":false},"excerpt":{"rendered":"<p>* Avenidas e inundaciones fluviales: Modelaci\u00f3n hidrol\u00f3gica e hidr\u00e1ulica An\u00e1lisis geol\u00f3gico y geomorfol\u00f3gico Estudio paleohidrol\u00f3gico (dendrogeomorfol\u00f3gico y sedimentol\u00f3gico) Cartograf\u00eda de riesgo de inundaci\u00f3n Empleo de sistemas de informaci\u00f3n geogr\u00e1fica Medidas preventivas: Ordenaci\u00f3n del Territorio y Protecci\u00f3n Civil Inundaciones y patrimonio natural y cultural * Otros riesgos naturales: Movimientos de ladera Erosi\u00f3n de suelos * Geomorfolog\u00eda:&hellip; <a class=\"more-link\" href=\"https:\/\/andresdiezherrero.es\/web\/lineas-de-investigacion\">Seguir leyendo <span class=\"screen-reader-text\">L\u00edneas de investigaci\u00f3n<\/span><\/a><\/p>\n","protected":false},"author":4,"featured_media":0,"parent":0,"menu_order":0,"comment_status":"closed","ping_status":"open","template":"","meta":{"footnotes":""},"class_list":["post-545","page","type-page","status-publish","hentry","entry"],"_links":{"self":[{"href":"https:\/\/andresdiezherrero.es\/web\/wp-json\/wp\/v2\/pages\/545"}],"collection":[{"href":"https:\/\/andresdiezherrero.es\/web\/wp-json\/wp\/v2\/pages"}],"about":[{"href":"https:\/\/andresdiezherrero.es\/web\/wp-json\/wp\/v2\/types\/page"}],"author":[{"embeddable":true,"href":"https:\/\/andresdiezherrero.es\/web\/wp-json\/wp\/v2\/users\/4"}],"replies":[{"embeddable":true,"href":"https:\/\/andresdiezherrero.es\/web\/wp-json\/wp\/v2\/comments?post=545"}],"version-history":[{"count":11,"href":"https:\/\/andresdiezherrero.es\/web\/wp-json\/wp\/v2\/pages\/545\/revisions"}],"predecessor-version":[{"id":646,"href":"https:\/\/andresdiezherrero.es\/web\/wp-json\/wp\/v2\/pages\/545\/revisions\/646"}],"wp:attachment":[{"href":"https:\/\/andresdiezherrero.es\/web\/wp-json\/wp\/v2\/media?parent=545"}],"curies":[{"name":"wp","href":"https:\/\/api.w.org\/{rel}","templated":true}]}}