{"id":55,"date":"2010-09-19T18:05:29","date_gmt":"2010-09-19T16:05:29","guid":{"rendered":"http:\/\/andresdiezherrero.es\/web\/?page_id=55"},"modified":"2020-08-15T13:27:54","modified_gmt":"2020-08-15T09:27:54","slug":"geomorfologia","status":"publish","type":"page","link":"https:\/\/andresdiezherrero.es\/web\/geologia\/geomorfologia","title":{"rendered":"Geomorfolog\u00eda"},"content":{"rendered":"<p>Para descargar las publicaciones que carecen de derechos de distribuci\u00f3n, dirigirse al perfil en la red social de investigadores ResearchGate: <a href=\"https:\/\/www.researchgate.net\/profile\/Andres_Diez-Herrero\" target=\"_blank\">https:\/\/www.researchgate.net\/profile\/Andres_Diez-Herrero<\/a><\/p>\n<h2>Publicaciones sobre geomorfologia: general, fluvial y regional<\/h2>\n<p>DIEZ, A. y PEDRAZA, J. de (1994). Variaciones actuales en el meandro de El Santo (r\u00edo Alberche). En: ARNAEZ-VADILLO, J.; GARCIA-RUIZ, J.M.; GOMEZ-VILLAR, A. (Eds.) (1994). <em>Geomorfolog\u00eda en Espa\u00f1a<\/em>. Actas de la III Reuni\u00f3n de Geomorfolog\u00eda, Logro\u00f1o, tomo I, pp. 457-470. I.S.B.N.: 84-89054-01-0; D.L.: Z-2.406-1994. <a href=\"http:\/\/www.andresdiezherrero.es\/publicaciones\/capitulos_de_libros\/diez_y_pedraza_1994_meandro_el_santo.pdf\" target=\"_blank\">PDF<\/a><\/p>\n<p>PEDRAZA, J. de; CARRASCO, R.M.; D\u00cdEZ, A.; MART\u00cdN DUQUE, J.F.; MART\u00cdN RIDAURA, A.; SANZ M.A. (1996). <em>Geomorfolog\u00eda. Principios, M\u00e9todos y Aplicaciones<\/em>. Ed. Rueda. 414 pp., Madrid. ISBN 84-7207-087-5; D.L. M-8040\/1996.<\/p>\n<p>PEDRAZA, J. de; CARRASCO, R.M. y D\u00cdEZ, A. (1996). Morfoestructura y modelado en el Sistema Central espa\u00f1ol. En: SEGURA, M.; BUSTAMANTE, I. y BARDAJI, T. (Eds.), <em>Itinerarios Geol\u00f3gicos desde Alcal\u00e1 de Henares<\/em>, 55-80, IV Congreso Geol\u00f3gico de Espa\u00f1a, Servicio de Publicaciones de la Universidad de Alcal\u00e1, Alcal\u00e1 de Henares (Madrid). ISBN 84-8138-148-9; D.L. M-23968\/1996.<\/p>\n<p>D\u00cdEZ, A.; PEDRAZA, J. y ALONSO-AZC\u00c1RATE, J. (1996). Evoluci\u00f3n cenozoica de la fosa de Garganta del Villar (Sistema Central espa\u00f1ol). <em>Cadernos do Laboratorio Xeol\u00f3xico de Laxe<\/em>, 21, p\u00e1gs. 59-77, A Coru\u00f1a. ISBN 0213-4497; D.L. C-1309\/1988. <a href=\"http:\/\/www.andresdiezherrero.es\/publicaciones\/capitulos_de_libros\/diez_et_al_1996_garganta_del_villar.pdf\" target=\"_blank\">PDF<\/a><\/p>\n<p>BENITO, G. y D\u00cdEZ HERRERO, A. (2004). <em>Contribuciones Recientes sobre Geomorfolog\u00eda<\/em>. VIII Reuni\u00f3n Nacional de Geomorfolog\u00eda (Vol. I). Sociedad Espa\u00f1ola de Geomorfolog\u00eda y CSIC, 400 p\u00e1gs., Madrid. D.L. M-32013-2004; ISBN-84-921958-4-3. <a href=\"http:\/\/www.andresdiezherrero.es\/publicaciones\/libros\/benito_y_diez_herrero_2004_contribuciones_indice.pdf\">PDF \u00edndice<\/a><\/p>\n<p>BENITO, G. y D\u00cdEZ HERRERO, A. (2004). Contribuciones Recientes sobre Geomorfolog\u00eda. En: BENITO, G. y D\u00cdEZ HERRERO, A. (Eds.). <em>Contribuciones Recientes sobre Geomorfolog\u00eda<\/em>. VIII Reuni\u00f3n Nacional de Geomorfolog\u00eda (Vol. I), 13-20. Sociedad Espa\u00f1ola de Geomorfolog\u00eda y CSIC, 400 p\u00e1gs., Madrid. D.L. M-32013-2004; ISBN-84-921958-4-3. <a href=\"http:\/\/www.andresdiezherrero.es\/publicaciones\/capitulos_de_libros\/benito_y_diez_herrero_2004a.pdf\" target=\"_blank\">PDF<\/a><\/p>\n<p>BENITO, G. y D\u00cdEZ HERRERO, A. (2004). <em>Itinerarios geomorfol\u00f3gicos por Castilla-La Mancha<\/em>. Excursiones de la VIII Reuni\u00f3n Nacional de Geomorfolog\u00eda. Sociedad Espa\u00f1ola de Geomorfolog\u00eda y CSIC, 160 p\u00e1gs., Madrid. D.L. M-40443-2004; ISBN-84-921958-6-X. <a href=\"http:\/\/www.andresdiezherrero.es\/publicaciones\/libros\/benito_y_diez_2004_itinerarios_portada.pdf\" target=\"_blank\">PDF portada<\/a><\/p>\n<p>BENITO, G. y D\u00cdEZ HERRERO, A. (2004). VIII Reuni\u00f3n Nacional de Geomorfolog\u00eda. Res\u00famenes de la sesi\u00f3n de posters.. Sociedad Espa\u00f1ola de Geomorfolog\u00eda y CSIC, 79 p\u00e1gs., Madrid. D.L. M-34453-2004; ISBN-84-921958-5-1.<\/p>\n<p>D\u00cdEZ, A.; SANZ, M.A. y PEDRAZA, J. DE (2004). Indicadores geomorfol\u00f3gicos cuantitativos de la degradaci\u00f3n de las riberas fluviales aguas abajo de las presas de embalse. En: J. CACH\u00d3N\u00a0 Y T. L\u00d3PEZ-PI\u00d1EIRO (Eds.), <em>Congreso de Restauraci\u00f3n de R\u00edos y Humedales<\/em>, Serie Congresos, Centro de Estudios y T\u00e9cnicas Aplicadas (CEDEX), p\u00e1ginas 229-245. NIPO 163-04-004-4; ISBN 84-7790-397-2; DL M-12196-2004.<img loading=\"lazy\" decoding=\"async\" src=\"http:\/\/www.andresdiezherrero.es\/imagenes\/pdf.gif\" alt=\"\" width=\"16\" height=\"16\" \/> <a href=\"http:\/\/www.andresdiezherrero.es\/publicaciones\/capitulos_de_libros\/diez_herrero_et_al_2004_rios_y_humedales.pdf\" target=\"_blank\">PDF<\/a><\/p>\n<p>D\u00cdEZ, A.; LARIO, J.; GUTI\u00c9RREZ, I.; ALONSO, A.; S\u00c1NCHEZ, S.; CA\u00d1AVERAS,\u00a0 J.C. (2006). An\u00e1lisis de la insolaci\u00f3n directa potencial como factor de degradaci\u00f3n de los conjuntos pict\u00f3ricos rupestres de Villar del Humo (Cuenca). En: P\u00c9REZ ALBERTI, A. y L\u00d3PEZ BEDOYA, J. (Eds.), <em>Geomorfolog\u00eda y territorio. Actas de la IX Reuni\u00f3n Nacional de Geomorfolog\u00eda<\/em>, Santiago de Compostela, 13-15 de septiembre de 2006. Cursos y Congresos, 171, pp 993-1008, Universidade de Santiago de Compostela, Santiago de Compostela, 1037 pp. D.L. C-1980\/2006; ISBN 978-84-9750-641-0. <a href=\"http:\/\/www.andresdiezherrero.es\/publicaciones\/capitulos_de_libros\/diez_herrero_et_al_2006.pdf\">PDF<\/a><\/p>\n<p>BENAVENTE, D.; CA\u00d1AVERAS, J.C.; S\u00c1NCHEZ-MORAL, S.; D\u00cdEZ-HERRERO, A.; GUTI\u00c9RREZ-P\u00c9REZ, I.; ALONSO-AZC\u00c1RATE, J.; LARIO, J. (2007). Weathering proceses afecting rock paintings in Villar del Humo archaeological park (Cuenca, Central Spain). <em>7th International Symposium on the Conservation of Monuments in the Mediterranean Basin. Water and Cultural Heritage<\/em>. June 6-9, 2007- Orl\u00e9ans (France). Abstracts, 31-32. <a href=\"http:\/\/www.andresdiezherrero.es\/publicaciones\/posters\/benavente_et_al_2007_villar_del_humo_poster_orleans.jpg\" target=\"_blank\">PDF<\/a><\/p>\n<p>GONZ\u00c1LEZ AMUCH\u00c1STEGUI, M.J.; GONZ\u00c1LEZ TRUEBA, J.J. y SERRANO, E. (Coords.). VV.AA. (2008). <em>DVD Geomorfolog\u00eda en im\u00e1genes, La diversidad geomorfol\u00f3gica de La Tierra en 1.000 im\u00e1genes<\/em>. Sociedad Espa\u00f1ola de Geomorfolog\u00eda (Ed.), Edici\u00f3n en CD-ROM. D.L. SA-600-2008; ISBN 978-84-612-6185-7.<\/p>\n<p>DIEZ-HERRERO, A.; GUTI\u00c9RREZ-P\u00c9REZ, I.; LARIO, J.; CA\u00d1AVERAS, J.C.; BENAVENTE, D.; S\u00c1NCHEZ-MORAL, S.; ALONSO-AZC\u00c1RATE, J. (2009). An\u00e1lisis of potential direct insolation as a degradation factor of cave paintings in Villar del Humo (Cuenca, Central Spain). <em>Geoarchaeology<\/em>, 24(4), 450-465. junio-julio 2009.<\/p>\n<p>RUIZ-VILLANUEVA, V.; D\u00cdEZ-HERRERO, A.;. BODOQUE DEL POZO, J.M., FERN\u00c1NDEZ-GARC\u00cdA, P. AND BALLESTEROS-C\u00c1NOVAS, J.A. (2009). The significance of avulsion phenomena in the alluvial filling configuration of a mountain stream: Venero Claro (Central Spain). <em>Geophysical Research Abstracts<\/em>, Vol. 11, EGU2009-11070. Abstracts of the Contributions of the EGU General Assembly 2009, Vienna (Austria), 19-24 April 2009. European Geosciences Union. <a href=\"http:\/\/www.andresdiezherrero.es\/publicaciones\/resumenes_y_abstracts\/egu2009_11070.pdf\" target=\"_blank\">PDF<\/a><\/p>\n<p>BALLESTEROS, J.A.; BODOQUE, J.M.; D\u00cdEZ-HERRERO, A.; G\u00c9NOVA, M.; GUTI\u00c9RREZ, E.; MOYA, J.; MUNT\u00c1N, E.; OLLER, P.; RUBIALES, J.M.; RUIZ-VILLANUEVA, V.; SAZ, M.A. (2010). <em>Dendrogeomorfolog\u00eda. Los \u00e1rboles, fuente de conocimiento de los procesos y desastres naturales<\/em>. <a href=\"http:\/\/www.aearboricultura.org\/index.php?page=shop.product_details&amp;flypage=ficha_arboricultura.tpl2&amp;product_id=64&amp;category_id=1&amp;option=com_virtuemart&amp;Itemid=61\" target=\"_blank\">Cuadernos de Arboricultura<\/a> n\u00ba 5, Asociaci\u00f3n Espa\u00f1ola de Arboricultura, Diputaci\u00f3n Provincial de Toledo y Sociedad Espa\u00f1ola de Geomorfolog\u00eda, Valencia, 119 pp. ISBN 978-84-96211-47-6; D.L. V-1180-2010.<\/p>\n<p>D\u00cdEZ\u2010HERRERO, A.; MONTES, F.A. Y TOM\u00c9, M. (2018). Entomogeomorfolog\u00eda: Condicionantes geomorfol\u00f3gicos evolutivos en la distribuci\u00f3n de cole\u00f3pteros del g\u00e9nero <em>Iberodorcadion <\/em>en la cuenca alta del r\u00edo Alberche (Cuenca del Tajo, provincia de \u00c1vila). En: GARCIA, C., G\u00d3MEZ\u2010PUJOL, L., MOR\u00c1N\u2010TEJEDA, E. Y BATALLA, R.J. (Eds.), <em>Geomorfolog\u00eda del Antropoceno. Efectos del Cambio Global sobre los procesos geomorfol\u00f3gicos<\/em>: 33-36. Universitat de les Illes Balears, Sociedad Espa\u00f1ola de Geomorfolog\u00eda, Palma. 402 pp. ISBN: 978\u201084\u201009\u201004850\u20102.<\/p>\n","protected":false},"excerpt":{"rendered":"<p>Para descargar las publicaciones que carecen de derechos de distribuci\u00f3n, dirigirse al perfil en la red social de investigadores ResearchGate: https:\/\/www.researchgate.net\/profile\/Andres_Diez-Herrero Publicaciones sobre geomorfologia: general, fluvial y regional DIEZ, A. y PEDRAZA, J. de (1994). Variaciones actuales en el meandro de El Santo (r\u00edo Alberche). En: ARNAEZ-VADILLO, J.; GARCIA-RUIZ, J.M.; GOMEZ-VILLAR, A. (Eds.) (1994). Geomorfolog\u00eda&hellip; <a class=\"more-link\" href=\"https:\/\/andresdiezherrero.es\/web\/geologia\/geomorfologia\">Seguir leyendo <span class=\"screen-reader-text\">Geomorfolog\u00eda<\/span><\/a><\/p>\n","protected":false},"author":4,"featured_media":0,"parent":107,"menu_order":0,"comment_status":"closed","ping_status":"open","template":"no-sidebars.php","meta":{"footnotes":""},"class_list":["post-55","page","type-page","status-publish","hentry","entry"],"_links":{"self":[{"href":"https:\/\/andresdiezherrero.es\/web\/wp-json\/wp\/v2\/pages\/55"}],"collection":[{"href":"https:\/\/andresdiezherrero.es\/web\/wp-json\/wp\/v2\/pages"}],"about":[{"href":"https:\/\/andresdiezherrero.es\/web\/wp-json\/wp\/v2\/types\/page"}],"author":[{"embeddable":true,"href":"https:\/\/andresdiezherrero.es\/web\/wp-json\/wp\/v2\/users\/4"}],"replies":[{"embeddable":true,"href":"https:\/\/andresdiezherrero.es\/web\/wp-json\/wp\/v2\/comments?post=55"}],"version-history":[{"count":2,"href":"https:\/\/andresdiezherrero.es\/web\/wp-json\/wp\/v2\/pages\/55\/revisions"}],"predecessor-version":[{"id":656,"href":"https:\/\/andresdiezherrero.es\/web\/wp-json\/wp\/v2\/pages\/55\/revisions\/656"}],"up":[{"embeddable":true,"href":"https:\/\/andresdiezherrero.es\/web\/wp-json\/wp\/v2\/pages\/107"}],"wp:attachment":[{"href":"https:\/\/andresdiezherrero.es\/web\/wp-json\/wp\/v2\/media?parent=55"}],"curies":[{"name":"wp","href":"https:\/\/api.w.org\/{rel}","templated":true}]}}