{"id":554,"date":"2012-03-04T17:01:21","date_gmt":"2012-03-04T13:01:21","guid":{"rendered":"http:\/\/andresdiezherrero.es\/web\/?page_id=554"},"modified":"2024-06-23T20:45:15","modified_gmt":"2024-06-23T16:45:15","slug":"obras-singulares","status":"publish","type":"page","link":"https:\/\/andresdiezherrero.es\/web\/obras-singulares","title":{"rendered":"Obras singulares"},"content":{"rendered":"<p><a title=\"Las raices del paisaje\" href=\"http:\/\/www.andresdiezherrero.es\/raices_paisaje.html\" target=\"_blank\" rel=\"noopener noreferrer\">Las ra\u00edces del paisaje. Condicionantes geol\u00f3gicos del territorio de Segovia<\/a><\/p>\n<p><a href=\"http:\/\/www.andresdiezherrero.es\/imagenes\/portada_raices.jpg\"><img loading=\"lazy\" decoding=\"async\" class=\"aligncenter\" title=\"Portada Las raices del paisaje\" src=\"http:\/\/www.andresdiezherrero.es\/imagenes\/portada_raices.jpg\" alt=\"\" width=\"283\" height=\"351\"><\/a><\/p>\n<p><a href=\"http:\/\/goo.gl\/BNFZo\" target=\"_blank\" rel=\"noopener noreferrer\">&nbsp;Acceder al contenido completo del libro (textos, fotograf\u00edas e ilustraciones).<\/a><\/p>\n<p><\/p>\n<p><a title=\"Paseo geologico por los alrededores de la ciudad de Toledo\" href=\"http:\/\/www.andresdiezherrero.es\/publicaciones\/libros\/alonso_y_diez_2007_paseo_por_la_geologia_de_toledo.pdf\" target=\"_blank\" rel=\"noopener noreferrer\">Paseo geol\u00f3gico por los alrededores de la ciudad de Toledo<\/a><\/p>\n<p><a href=\"http:\/\/andresdiezherrero.es\/web\/wp-content\/uploads\/2012\/03\/Portada-Paseo-Geologico-por-los-alrededores-de-la-ciudad-de-Toledo.jpg\"><img loading=\"lazy\" decoding=\"async\" class=\"size-medium wp-image-574 aligncenter\" title=\"Portada Paseo Geologico por los alrededores de la ciudad de Toledo\" src=\"http:\/\/andresdiezherrero.es\/web\/wp-content\/uploads\/2012\/03\/Portada-Paseo-Geologico-por-los-alrededores-de-la-ciudad-de-Toledo-215x300.jpg\" alt=\"\" width=\"215\" height=\"300\" srcset=\"https:\/\/andresdiezherrero.es\/web\/wp-content\/uploads\/2012\/03\/Portada-Paseo-Geologico-por-los-alrededores-de-la-ciudad-de-Toledo-215x300.jpg 215w, https:\/\/andresdiezherrero.es\/web\/wp-content\/uploads\/2012\/03\/Portada-Paseo-Geologico-por-los-alrededores-de-la-ciudad-de-Toledo.jpg 447w\" sizes=\"(max-width: 215px) 100vw, 215px\" \/><\/a><\/p>\n<p><\/p>\n<p><a title=\"Mapas de peligrosidad por avenidas e inundaciones\" href=\"http:\/\/books.google.es\/books\/about\/Mapas_de_peligrosidad_por_avenidas_e_inu.html?hl=es&amp;id=wFgC-1FcIKAC\" target=\"_blank\" rel=\"noopener noreferrer\">Mapas de peligrosidad por avenidas e inundaciones. Gu\u00eda metodol\u00f3gica para su elaboraci\u00f3n<\/a><\/p>\n<p><em><a href=\"http:\/\/andresdiezherrero.es\/web\/wp-content\/uploads\/2012\/03\/Portada-D\u00edez-Herrero-et-al-2008.jpg\" rel=\"attachment wp-att-595\"><img loading=\"lazy\" decoding=\"async\" class=\"wp-image-595 aligncenter\" src=\"http:\/\/andresdiezherrero.es\/web\/wp-content\/uploads\/2012\/03\/Portada-D\u00edez-Herrero-et-al-2008-206x300.jpg\" alt=\"Portada D\u00edez-Herrero et al (2008)\" width=\"220\" height=\"320\" srcset=\"https:\/\/andresdiezherrero.es\/web\/wp-content\/uploads\/2012\/03\/Portada-D\u00edez-Herrero-et-al-2008-206x300.jpg 206w, https:\/\/andresdiezherrero.es\/web\/wp-content\/uploads\/2012\/03\/Portada-D\u00edez-Herrero-et-al-2008-768x1120.jpg 768w, https:\/\/andresdiezherrero.es\/web\/wp-content\/uploads\/2012\/03\/Portada-D\u00edez-Herrero-et-al-2008-702x1024.jpg 702w, https:\/\/andresdiezherrero.es\/web\/wp-content\/uploads\/2012\/03\/Portada-D\u00edez-Herrero-et-al-2008.jpg 1586w\" sizes=\"(max-width: 220px) 100vw, 220px\" \/><\/a><\/em><\/p>\n<p><a href=\"http:\/\/www.andresdiezherrero.es\/de_roca_a_roca.html\" target=\"_blank\" rel=\"noopener noreferrer\">De roca a roca. Descubre el patrimonio geol\u00f3gico de la ciudad de Segovia<\/a><\/p>\n<p><a href=\"http:\/\/www.andresdiezherrero.es\/de_roca_a_roca\/portada.JPG\"><img loading=\"lazy\" decoding=\"async\" class=\"aligncenter\" title=\"Portada De roca a roca\" src=\"http:\/\/www.andresdiezherrero.es\/de_roca_a_roca\/portada.JPG\" alt=\"\" width=\"218\" height=\"433\"><\/a><\/p>\n<p><\/p>\n<p><a href=\"http:\/\/www.geologiadesegovia.info\/guia-de-piedras-de-la-sierra-de-guadarrama\/\" target=\"_blank\" rel=\"noopener noreferrer\">Gu\u00eda de piedras de la Sierra de Guadarrama<\/a><\/p>\n<p><img loading=\"lazy\" decoding=\"async\" class=\"aligncenter\" src=\"http:\/\/www.geologiadesegovia.info\/wp-content\/uploads\/2016\/05\/Portada-Guia-Piedras-Guadarrama.jpg\" alt=\"\" width=\"219\" height=\"320\"><\/p>\n<p><\/p>\n<p><a href=\"http:\/\/www.geologiadesegovia.info\/segovia-antes-de-segovia-4\/\" target=\"_blank\" rel=\"noopener noreferrer\">Segovia antes de Segovia. Cr\u00f3nica geol\u00f3gica de cuando todo esto era campo<\/a><\/p>\n<p><a href=\"http:\/\/andresdiezherrero.es\/web\/wp-content\/uploads\/2012\/03\/Portada-Segovia-antes-de-Segovia-copia.jpg\" rel=\"attachment wp-att-673\"><img loading=\"lazy\" decoding=\"async\" class=\"size-medium wp-image-673 aligncenter\" src=\"http:\/\/andresdiezherrero.es\/web\/wp-content\/uploads\/2012\/03\/Portada-Segovia-antes-de-Segovia-copia-218x300.jpg\" alt=\"Portada Segovia antes de Segovia copia\" width=\"218\" height=\"300\" srcset=\"https:\/\/andresdiezherrero.es\/web\/wp-content\/uploads\/2012\/03\/Portada-Segovia-antes-de-Segovia-copia-218x300.jpg 218w, https:\/\/andresdiezherrero.es\/web\/wp-content\/uploads\/2012\/03\/Portada-Segovia-antes-de-Segovia-copia.jpg 425w\" sizes=\"(max-width: 218px) 100vw, 218px\" \/><\/a><\/p>\n\n\n<p><\/p>\n\n\n\n<p><\/p>\n\n\n\n<p><a rel=\"noreferrer noopener\" href=\"http:\/\/www.igme.es\/Publicaciones\/publiFree\/ATODORIESGO.pdf\" target=\"_blank\">A todo riesgo. Convivir con los desastres geol\u00f3gicos cotidianos en Segovia<\/a><\/p>\n\n\n<div class=\"wp-block-image\">\n<figure class=\"aligncenter size-large is-resized\"><img loading=\"lazy\" decoding=\"async\" src=\"http:\/\/andresdiezherrero.es\/web\/wp-content\/uploads\/2021\/10\/Portada-A-todo-riesgo-2021.jpg\" alt=\"\" class=\"wp-image-707\" width=\"234\" height=\"327\" srcset=\"https:\/\/andresdiezherrero.es\/web\/wp-content\/uploads\/2021\/10\/Portada-A-todo-riesgo-2021.jpg 618w, https:\/\/andresdiezherrero.es\/web\/wp-content\/uploads\/2021\/10\/Portada-A-todo-riesgo-2021-214x300.jpg 214w\" sizes=\"(max-width: 234px) 100vw, 234px\" \/><\/figure><\/div>\n\n\n<p><\/p>\n\n\n\n<p><a href=\"https:\/\/www.geologiadesegovia.info\/los-desastres-naturales-en-la-cultura-tradicional-segoviana\/\" target=\"_blank\" rel=\"noreferrer noopener\">Los desastres naturales en la cultura tradicional segoviana<\/a><\/p>\n\n\n<div class=\"wp-block-image\">\n<figure class=\"aligncenter size-large is-resized\"><a href=\"https:\/\/andresdiezherrero.es\/web\/wp-content\/uploads\/2023\/02\/Los-desastres-naturales-en-la-cultura-tradicional-segoviana-portada.jpg\"><img loading=\"lazy\" decoding=\"async\" src=\"https:\/\/andresdiezherrero.es\/web\/wp-content\/uploads\/2023\/02\/Los-desastres-naturales-en-la-cultura-tradicional-segoviana-portada-775x1024.jpg\" alt=\"\" class=\"wp-image-933\" width=\"264\" height=\"347\"\/><\/a><\/figure><\/div>\n\n\n<p><\/p>\n\n\n\n<p><a href=\"https:\/\/publicaciones.defensa.gob.es\/piedras-entre-ca-ones-las-colecciones-geologicas-de-la-academia-de-artilleria-de-segovia-libros-pdf.html\" target=\"_blank\" rel=\"noreferrer noopener\">Piedras entre ca\u00f1ones. Las colecciones geol\u00f3gicas de la Academia de Artiller\u00eda de Segovia<\/a><\/p>\n\n\n<div class=\"wp-block-image\">\n<figure class=\"aligncenter size-large is-resized\"><a href=\"https:\/\/andresdiezherrero.es\/web\/wp-content\/uploads\/2024\/06\/Diez-Herrero-2024-Piedras-entre-canones-portada-scaled.jpg\"><img loading=\"lazy\" decoding=\"async\" src=\"https:\/\/andresdiezherrero.es\/web\/wp-content\/uploads\/2024\/06\/Diez-Herrero-2024-Piedras-entre-canones-portada-724x1024.jpg\" alt=\"\" class=\"wp-image-952\" width=\"264\" height=\"373\" srcset=\"https:\/\/andresdiezherrero.es\/web\/wp-content\/uploads\/2024\/06\/Diez-Herrero-2024-Piedras-entre-canones-portada-724x1024.jpg 724w, https:\/\/andresdiezherrero.es\/web\/wp-content\/uploads\/2024\/06\/Diez-Herrero-2024-Piedras-entre-canones-portada-212x300.jpg 212w, https:\/\/andresdiezherrero.es\/web\/wp-content\/uploads\/2024\/06\/Diez-Herrero-2024-Piedras-entre-canones-portada-768x1087.jpg 768w, https:\/\/andresdiezherrero.es\/web\/wp-content\/uploads\/2024\/06\/Diez-Herrero-2024-Piedras-entre-canones-portada-1085x1536.jpg 1085w, https:\/\/andresdiezherrero.es\/web\/wp-content\/uploads\/2024\/06\/Diez-Herrero-2024-Piedras-entre-canones-portada-1447x2048.jpg 1447w, https:\/\/andresdiezherrero.es\/web\/wp-content\/uploads\/2024\/06\/Diez-Herrero-2024-Piedras-entre-canones-portada-1568x2219.jpg 1568w, https:\/\/andresdiezherrero.es\/web\/wp-content\/uploads\/2024\/06\/Diez-Herrero-2024-Piedras-entre-canones-portada-scaled.jpg 1809w\" sizes=\"(max-width: 264px) 100vw, 264px\" \/><\/a><\/figure><\/div>","protected":false},"excerpt":{"rendered":"<p>Las ra\u00edces del paisaje. Condicionantes geol\u00f3gicos del territorio de Segovia &nbsp;Acceder al contenido completo del libro (textos, fotograf\u00edas e ilustraciones). Paseo geol\u00f3gico por los alrededores de la ciudad de Toledo Mapas de peligrosidad por avenidas e inundaciones. Gu\u00eda metodol\u00f3gica para su elaboraci\u00f3n De roca a roca. Descubre el patrimonio geol\u00f3gico de la ciudad de Segovia&hellip; <a class=\"more-link\" href=\"https:\/\/andresdiezherrero.es\/web\/obras-singulares\">Seguir leyendo <span class=\"screen-reader-text\">Obras singulares<\/span><\/a><\/p>\n","protected":false},"author":4,"featured_media":0,"parent":0,"menu_order":0,"comment_status":"closed","ping_status":"open","template":"","meta":{"footnotes":""},"class_list":["post-554","page","type-page","status-publish","hentry","entry"],"_links":{"self":[{"href":"https:\/\/andresdiezherrero.es\/web\/wp-json\/wp\/v2\/pages\/554"}],"collection":[{"href":"https:\/\/andresdiezherrero.es\/web\/wp-json\/wp\/v2\/pages"}],"about":[{"href":"https:\/\/andresdiezherrero.es\/web\/wp-json\/wp\/v2\/types\/page"}],"author":[{"embeddable":true,"href":"https:\/\/andresdiezherrero.es\/web\/wp-json\/wp\/v2\/users\/4"}],"replies":[{"embeddable":true,"href":"https:\/\/andresdiezherrero.es\/web\/wp-json\/wp\/v2\/comments?post=554"}],"version-history":[{"count":22,"href":"https:\/\/andresdiezherrero.es\/web\/wp-json\/wp\/v2\/pages\/554\/revisions"}],"predecessor-version":[{"id":954,"href":"https:\/\/andresdiezherrero.es\/web\/wp-json\/wp\/v2\/pages\/554\/revisions\/954"}],"wp:attachment":[{"href":"https:\/\/andresdiezherrero.es\/web\/wp-json\/wp\/v2\/media?parent=554"}],"curies":[{"name":"wp","href":"https:\/\/api.w.org\/{rel}","templated":true}]}}