{"id":622,"date":"2018-01-01T14:16:20","date_gmt":"2018-01-01T10:16:20","guid":{"rendered":"http:\/\/andresdiezherrero.es\/web\/?page_id=622"},"modified":"2020-08-15T13:23:39","modified_gmt":"2020-08-15T09:23:39","slug":"geoarqueologia-de-segovia","status":"publish","type":"page","link":"https:\/\/andresdiezherrero.es\/web\/geoarqueologia-de-segovia","title":{"rendered":"Geoarqueolog\u00eda de Segovia (y otras zonas)"},"content":{"rendered":"<p>Para descargar las publicaciones que carecen de derechos de distribuci\u00f3n, dirigirse al perfil en la red social de investigadores ResearchGate: <a href=\"https:\/\/www.researchgate.net\/profile\/Andres_Diez-Herrero\" target=\"_blank\">https:\/\/www.researchgate.net\/profile\/Andres_Diez-Herrero<\/a><\/p>\n<p>&nbsp;<\/p>\n<p>\u00c1LVAREZ-ALONSO, D.; DE ANDR\u00c9S, M.; D\u00cdEZ-HERRERO, A.; TANARRO, L.M. (2013). Relaci\u00f3n entre los yacimientos arqueol\u00f3gicos y la morfolog\u00eda fluvial durante el Paleol\u00edtico antiguo en el interfluvio Riaza-Durat\u00f3n (Segovia, Espa\u00f1a). En: R. BAENA, J.J. FERN\u00c1NDEZ e I. GUERRERO (Eds.), <em>El Cuaternario ib\u00e9rico: investigaci\u00f3n en el s. XXI<\/em>. VIII Reuni\u00f3n del Cuaternario Ib\u00e9rico, AEQUA y GTPEQ, Sevilla, pp. 34-38. D.L. SE-1.885-2013; ISBN: 978-84-6955-8601-3.<\/p>\n<p>\u00c1LVAREZ-ALONSO, D.; DE ANDR\u00c9S, M.; D\u00cdEZ-HERRERO, A.; ROJO, J. (2013). El Abrigo del Molino (Segovia, Espa\u00f1a). Ocupaciones neandertales en el norte del Sistema Central. En: R. BAENA, J.J. FERN\u00c1NDEZ e I. GUERRERO (Eds.), <em>El Cuaternario ib\u00e9rico: investigaci\u00f3n en el s. XXI<\/em>. VIII Reuni\u00f3n del Cuaternario Ib\u00e9rico, AEQUA y GTPEQ, Sevilla, pp. 91-94. D.L. SE-1.885-2013; ISBN: 978-84-6955-8601-3.<\/p>\n<p>\u00c1LVAREZ-ALONSO, D., DE ANDR\u00c9S-HERRERO, M., D\u00cdEZ-HERRERO, A., ROJO HERN\u00c1NDEZ, J. (2013). El Abrigo del Molino (Segovia, Espa\u00f1a). Un nuevo yacimiento musteriense en el interior peninsular. <em>III Jornadas de J\u00f3venes Investigadores del Valle del Duero<\/em>, Salamanca 20-21 de noviembre de 2013. Comunicaci\u00f3n oral.<\/p>\n<p>\u00c1LVAREZ-ALONSO, D.; DE ANDR\u00c9S-HERRERO, M.; D\u00cdEZ-HERRERO, A.; ROJO, J.; MEDIALDEA, A.; BENITO, G. y VEGAS, J. (2014). Geoarqueolog\u00eda del yacimiento musteriense del Abrigo del Molino (Segovia). En: S. SCHNABEL y \u00c1. G\u00d3MEZ GUTI\u00c9RREZ (Eds.), <em>Avances de la Geomorfolog\u00eda en Espa\u00f1a 2012-2014<\/em>, pp. 446-449, XIII Reuni\u00f3n Nacional de Geomorfolog\u00eda, Universidad de Extremadura y Sociedad Espa\u00f1ola de Geomorfolog\u00eda, C\u00e1ceres. ISBN: 978-84-617-1123-9.<\/p>\n<p>\u00c1LVAREZ-ALONSO, D.; DE ANDR\u00c9S-HERRERO, M.; D\u00cdEZ-HERRERO, A.; ROJO, J. (2014). El Abrigo del Molino (Segovia, Espa\u00f1a). Un nuevo yacimiento musteriense en el interior de la Pen\u00ednsula Ib\u00e9rica. En: F.J. Gonz\u00e1lez de la Fuente, E. Paniagua Vara y P. de In\u00e9s Sutil (Coords.), <em>Investigaciones Arqueol\u00f3gicas en el valle del Duero: Del Paleol\u00edtico a la Antig\u00fcedad Tard\u00eda<\/em>., pp. 17-29. Actas de las III Jornadas de j\u00f3venes investigadores del Valle del Duero. Asociaci\u00f3n Cient\u00edfico-Cultural Zamora Protohist\u00f3rica. Edita: Arbotante Patrimonio e Innovaci\u00f3n, S.L. y Glyphos Publicaciones. 1\u00aa edici\u00f3n, noviembre de 2014. ISBN: 978-84-943056-2-7. Dep\u00f3sito legal: VA 822-2014.<\/p>\n<p>TANARRO, L.; D\u00cdEZ-HERRERO, A.; D\u00cdEZ, A.; \u00c1LVAREZ-ALONSO, D. Y DE ANDR\u00c9S-HERRERO, M. (2014). Los paisajes del territorio de Confloenta, antes de Confloenta. En: MART\u00cdNEZ CABALLERO, S. (Coord.), <em>\u00abConfloenta\u00bb, la ciudad romana de Durat\u00f3n. La Historia, la ciudad, el territorio, los cultos<\/em>. Ed. Diputaci\u00f3n de Segovia, Segovia, pp. 83-107. ISBN: 978-84-86789-34-3.<\/p>\n<p>\u00c1LVAREZ-ALONSO, D.;\u00a0 DE ANDR\u00c9S-HERRERO, M.; D\u00cdEZ-HERRERO, A. &amp; ROJO-HERN\u00c1NDEZ, J.A. (2014). Neanderthal settlement in the interior of the Iberian peninsula: new perspectives and new sites. <em>56th Annual Meeting Hugo Obermaier-Gesellschaft<\/em>, Hugo Obermaier-Society for Quaternary Research and Archaeology of the Stone Age, p. 13. April 22-26, 2014, Brunswick (Germany). ISBN: 978-3-933474-91-9.<\/p>\n<p>D\u00cdEZ-HERRERO, A.; \u00c1LVAREZ-ALONSO, D.; DE ANDR\u00c9S-HERRERO, M.; BENITO, G.; ROJO, J.; MEDIALDEA, A.; VEGAS, J. (2014). Pleistocene flood deposits at the Abrigo del Molino archaeological site (Segovia, Central Spain). <em>International Conference \u201cHydrological EXtreme events in historic and prehistoric times\u201d (HEX 2014) . Book of Abstracts<\/em>, p. 58. June 9<sup>th<\/sup> -15<sup>th<\/sup> 2014, Dept. of Geography, University of Bonn (Germany).<\/p>\n<p>\u00c1LVAREZ-ALONSO, D.; ANDR\u00c9S HERRERO, M. ; D\u00cdEZ-HERRERO, A.; ROJO HERN\u00c1NDEZ, J. (2014). Across the Duero river? About the Neanderthal occupation in central Iberian: researches in \u2018Abrigo del Molino\u2019 site (Segovia, Spain). Session\u00a0 A21d Chronostratigraphic data about the Mid to UP Palaeocultural change in W Europe. <em>17th Congress of the International Union for Prehistoric and Protohistoric Sciences<\/em>, Burgos (Spain),1-7 September 2014.<\/p>\n<p>\u00c1LVAREZ-ALONSO, D.; ANDR\u00c9S HERRERO, M. ; D\u00cdEZ-HERRERO, A.; ROJO HERN\u00c1NDEZ, J. (2014). Condicionantes del medio f\u00edsico en el poblamiento paleol\u00edtico entre los r\u00edos Eresma y Riaza (Segovia). <em>IV Jornadas de J\u00f3venes Investigadores del valle del Duero. Del Paleol\u00edtico a la Edad Media<\/em>. 20, 21 y 22 de Noviembre de 2014. Museo de Segovia (Segovia).<\/p>\n<p>D\u00cdEZ-HERRERO, A.; TANARRO, L.M.; ALONSO-\u00c1LVAREZ, D.; DE ANDR\u00c9S-HERRERO, M.; ROJO HERN\u00c1NDEZ, J. (2016). Condicionantes del medio f\u00edsico en el poblamiento paleol\u00edtico entre los r\u00edos Eresma y Riaza (Segovia). En: MART\u00cdNEZ CABALLERO, S., CABA\u00d1ERO MART\u00cdN, V.M. Y MERINO BELLIDO, C. (eds.), <em>Arqueolog\u00eda en el Valle del Duero. Investigaciones arqueol\u00f3gicas en el Valle del Duero: del Paleol\u00edtico a la Edad Media<\/em>. 17-33. Actas de las IV jornadas de j\u00f3venes investigadores del Valle del Duero. Segovia, 20, 21 y 22 de noviembre de 2014. Editorial glyphos Publicaciones, Valladolid, 565 pp. ISBN: 978-84-944018-7-9; D.L.: VA-129-2016.<\/p>\n<p>D\u00cdEZ-HERRERO, A., SOPE\u00d1A, A., S\u00c1NCHEZ-MOYA, Y., BENITO, G., \u00c1LVAREZ-ALONSO, D., DE ANDR\u00c9S-HERRERO, M., ROJO, J., HERN\u00c1NDEZ, M., S\u00c1NCHEZ-TORRALBO, S. (2016).\u00a0 Actuaciones para la conservaci\u00f3n y estudio de los dep\u00f3sitos de paleoinundaciones en el yacimiento arqueol\u00f3gico musteriense del Abrigo del Molino (Segovia). En: DURAN, J.J., MONTES, M., ROBADOR, A. y SALAZAR, A. (Eds.), <em>Comprendiendo el relieve: del pasado al futuro<\/em>. Publicaciones del Instituto Geol\u00f3gico y Minero de Espa\u00f1a, Geolog\u00eda y Geof\u00edsica n\u00ba 5, 187-194, Madrid, 766 pp. NIPO: 72816018X; ISBN:\u00a0 978-84-9138-013-9; D.L.: M-21672-2016.<\/p>\n<p>D\u00cdEZ-HERRERO, A., \u00c1LVAREZ-ALONSO, D., DE ANDR\u00c9S-HERRERO, M., ROJO, J. (2016).\u00a0 Aproximaci\u00f3n de tasas de colmataci\u00f3n por meteorizaci\u00f3n f\u00edsico-qu\u00edmica, de la cavidad del yacimiento arqueol\u00f3gico musteriense del Abrigo del Molino (t\u00e9rmino municipal de Segovia, Segovia). En: DURAN, J.J., MONTES, M., ROBADOR, A. y SALAZAR, A. (Eds.), <em>Comprendiendo el relieve: del pasado al futuro<\/em>. Publicaciones del Instituto Geol\u00f3gico y Minero de Espa\u00f1a, Geolog\u00eda y Geof\u00edsica n\u00ba 5, 195-202, Madrid, 766 pp. NIPO: 72816018X; ISBN:\u00a0 978-84-9138-013-9; D.L.: M-21672-2016.<\/p>\n<p>\u00c1LVAREZ-ALONSO, D., DE ANDR\u00c9S-HERRERO, M., \u00a0D\u00cdEZ-HERRERO, A., MEDIALDEA, A., \u00a0ROJO-HERN\u00c1NDEZ, J. (2016). Neanderthal settlement in central Iberia: Geo-archaeological research in the Abrigo del Molino site, MIS 3 (Segovia, Iberian Peninsula).\u00a0<em>Quaternary International,<\/em>\u00a0474, 85-97.\u00a0<a href=\"https:\/\/www.academia.edu\/26091518\/Neanderthal_settlement_in_central_Iberia_Geo-archaeological_research_in_the_Abrigo_del_Molino_site_MIS_3_Segovia_Iberian_Peninsula_\">Solicitar copia privada a trav\u00e9s de Academia<\/a>\u00a0;\u00a0<a href=\"https:\/\/www.researchgate.net\/publication\/303937130_Neanderthal_settlement_in_Central_Iberia_Geo-archaeological_research_in_Abrigo_del_Molino_site_MIS_3_Segovia_Iberian_Peninsula\">Acceso a trav\u00e9s de ResearchGate<\/a><\/p>\n<p>D\u00cdEZ-HERRERO, A. (2017). Las ra\u00edces del Acueducto: Segovia antes y bajo \u2018el ciempi\u00e9s\u2019. En: <em>Actas I Jornadas Acueducto de Segovia. Una ciudad por y para un monumento<\/em>, pp. 27-52, Segovia, 3-9 octubre de 2016. Edita: Ayuntamiento de Segovia-Turismo de Segovia, Segovia, 203 pp.; D.L.: SG-315-2017.<\/p>\n<p>KEHL, M., \u00c1LVAREZ-ALONSO, D., DE ANDR\u00c9S-HERRERO, M., D\u00cdEZ-HERRERO, A., KLASEN, N., ROJO-HERN\u00c1NDEZ, J., WENIGER, G.-C. (2017).\u00a0 Dating the last Neanderthals in Central Iberia &#8211; New evidence from Abrigo del Molino, Segovia, Spain. Geophysical <em>Research Abstracts<\/em>, Vol. 19, EGU2017-6402. EGU General Assembly 2017, Vienna, 16-21 April 2017.<\/p>\n<p>D\u00cdEZ-HERRERO, A.; LORENZO, C.; GARC\u00cdA-DAVALILLO, J.C.; HERN\u00c1NDEZ, N.; GARROTE, J.; \u00c1LVAREZ-ALONSO, D.; DE ANDR\u00c9S-HERRERO, M.; GIL, J. (2017). \u201cUtilizaci\u00f3n de drones como fuente de informaci\u00f3n para la reconstrucci\u00f3n paleoambiental de yacimientos Paleol\u00edticos: el valle del Eresma en Segovia\u201d. <em>VII Jornadas de Arqueolog\u00eda en el Valle del Duero<\/em>. Sesi\u00f3n: Paleol\u00edtico en el Valle del Duero,\u00a0 Museo de la Evoluci\u00f3n Humana, Burgos, 16 al 18 de noviembre de 2017.<\/p>\n<p>\u00c1LVAREZ-ALONSO, D.; DE ANDR\u00c9S-HERRERO, M.; D\u00cdEZ-HERRERO, A.; HEVIA CARRILLO, A.; ORTIZ, J.E.; DE TORRES, T.; YRAVEDRA, J. (2017). \u201cLas primeras ocupaciones musterienses en el valle del Eresma: El Abrigo del Molino Superior (Segovia)\u201d.<em> VII Jornadas de Arqueolog\u00eda en el Valle del Duero<\/em>. Sesi\u00f3n: Paleol\u00edtico en el Valle del Duero,\u00a0 Museo de la Evoluci\u00f3n Humana, Burgos, 16 al 18 de noviembre de 2017.<\/p>\n<p>\u00c1LVAREZ-ALONSO, D.; DE ANDR\u00c9S-HERRERO, M.; D\u00cdEZ-HERRERO, A.; MORENO JIM\u00c9NEZ, A. Y S\u00c1NCHEZ DOM\u00cdNGUEZ, M. (2017). \u201cEl yacimiento de Los Molinillos (Armu\u00f1a, Segovia). El Paleol\u00edtico Inferior en el valle del Eresma\u201d. <em>VII Jornadas de Arqueolog\u00eda en el Valle del Duero<\/em>. Sesi\u00f3n: Paleol\u00edtico en el Valle del Duero,\u00a0 Museo de la Evoluci\u00f3n Humana, Burgos, 16 al 18 de noviembre de 2017.<\/p>\n<p>\u00c1LVAREZ-ALONSO, D.; DE ANDR\u00c9S-HERRERO, M.; D\u00cdEZ-HERRERO, A.; FUENTE FERN\u00c1NDEZ, O. (2017). \u201cLas materias primas l\u00edticas de los niveles Musterienses del Abrigo del Molino (Segovia) y sus fuentes de aprovisionamiento\u201d. <em>VII Jornadas de Arqueolog\u00eda en el Valle del Duero<\/em>. Sesi\u00f3n: Paleol\u00edtico en el Valle del Duero,\u00a0 Museo de la Evoluci\u00f3n Humana, Burgos, 16 al 18 de noviembre de 2017.<\/p>\n<p>JORD\u00c1-BORDEHORE, L.; D\u00cdEZ-HERRERO, A.; \u00c1LVAREZ-ALONSO, D. Y DE ANDR\u00c9S-HERRERO, M. (2017) \u201cCaracterizaci\u00f3n geomec\u00e1nica y geof\u00edsica de la roca encajante de yacimientos Paleol\u00edticos en cuevas y abrigos del valle del Eresma en Segovia\u201d. <em>VII Jornadas de Arqueolog\u00eda en el Valle del Duero<\/em>. Sesi\u00f3n: Paleol\u00edtico en el Valle del Duero,\u00a0 Museo de la Evoluci\u00f3n Humana, Burgos, 16 al 18 de noviembre de 2017.<\/p>\n<p>\u00c1LVAREZ-ALONSO, D.; DE ANDR\u00c9S-HERRERO, M.; D\u00cdEZ-HERRERO, A.; MUNICIO GONZ\u00c1LEZ, L.; PUGA MARAZUELA, J.; YRAVEDRA, J. (2017). \u201cNuevas aportaciones a las ocupaciones del Calcol\u00edtico-Bronce Antiguo en el entorno de la ciudad de Segovia\u201d. <em>VII Jornadas de Arqueolog\u00eda en el Valle del Duero<\/em>. Sesi\u00f3n: Paleol\u00edtico en el Valle del Duero,\u00a0 Museo de la Evoluci\u00f3n Humana, Burgos, 16 al 18 de noviembre de 2017.<\/p>\n<p>&nbsp;<\/p>\n<p>\u00c1LVAREZ-ALONSO, D., MAR\u00cdA DE ANDR\u00c9S-HERRERO, ANDR\u00c9S D\u00cdEZ HERRERO, DAVID M. MART\u00cdN-PEREA, DAVID URIBELARREA DEL VAL (2018). Short-term Mousterian occupations in Abrigo del Molino (Central Iberia) through the analysis of the lithic raw materials and the catchment area. <em>18th IUPPS WORLD CONGRESS<\/em>, PARIS, from 4th to 9th June 2018. XVI-3. Short-term human occupations and mobility patterns. sciencesconf.org:uispp2018:182786<\/p>\n<p>\u00c1LVAREZ-ALONSO, D., MAR\u00cdA DE ANDR\u00c9S-HERRERO, ANDR\u00c9S D\u00cdEZ HERRERO, JULIO GARROTE REVILLA, MARIO HERN\u00c1NDEZ RUIZ, AITOR HEVIA CARRILLO, LUIS JORD\u00c1 BORDEHORE, MARTIN KEHL, NICOLE KLASEN, JOS\u00c9-EUGENIO ORTIZ, JANET RETHEMEYER, YOLANDA S\u00c1NCHEZ MOYA, ALFONSO SOPE\u00d1A, TRINIDAD TORRES, GERD-CHRISTIAN WENIGER, JOS\u00c9 YRAVEDRA (2018). Multidisciplinary study of man-environment interactions during the Upper Pleistocene in Central Spain: The Abrigo del Molino system. <em>18th IUPPS WORLD CONGRESS<\/em>, PARIS, from 4th to 9th June 2018. II-2. The impact of Upper Pleistocene climatic and environmental change on hominid occupations and landscape use (130-10 ka). sciencesconf.org:uispp2018:182961<\/p>\n<p>JORD\u00c1-PARDO, J.F., CARLOS ACEVEDO PARDO, CAMILO BARCIA GARC\u00cdA, ANDR\u00c9S D\u00cdEZ HERRERO, MERCEDES FARJAS ABAD\u00cdA, ALFONSO GARC\u00cdA P\u00c9REZ, ALFREDO MAXIMIANO CASTILLEJO, JUANA MOLINA SALIDO, MARTA NAVAZO RUIZ, THOMAS SCHRAMM (2018). Digitization, reconstruction and spatial analysis of the archaeological record of the Middle Paleolithic site of Jarama VI (Valdesotos, Guadalajara, Spain). <em>18th IUPPS WORLD CONGRESS<\/em>, PARIS, from 4th to 9th June 2018. I-1. Techniques, m\u00e9thodes et th\u00e9orie de l\u2019arch\u00e9ologie. sciencesconf.org:uispp2018:179423<\/p>\n<p>&nbsp;<\/p>\n<p>ALVAREZ-ALONSO, D., DE ANDR\u00c9S-HERRERO, M.,\u00a0 D\u00cdEZ-HERRERO, A., ROJO-HERN\u00c1NDEZ, J. (2018). An\u00e1lisis geoarqueol\u00f3gico de las ocupaciones musterienses en el valle alto del r\u00edo Eresma: el Abrigo del Molino (Segovia, Espa\u00f1a). <em>Bolet\u00edn Geol\u00f3gico y Minero<\/em>, 129 (1-2) \u00abGeoarqueolog\u00eda, entre las Ciencias de la Tierra y la Historia\u00bb (J. Jord\u00e1 y Borja, F., Eds.), 153-182. ISSN: 0366-0176; DOI: 10.21701\/bolgeomin.129.1.007.<\/p>\n<p>KEHL, M.; \u00c1LVAREZ-ALONSO, D.; DE ANDR\u00c9S-HERRERO, M.; D\u00cdEZ-HERRERO, A.; KLASEN, N.; RETHEMEYER, J.; WENIGER, G.-C. (2018). The rock shelter Abrigo del Molino (Segovia, Spain) and the timing of the late Middle Palaeolithic in Central Iberia. <em>Quaternary Research, <\/em>90(1), 180-200.<\/p>\n<p>ALVAREZ-ALONSO, D., DE ANDR\u00c9S-HERRERO, M.,\u00a0 D\u00cdEZ-HERRERO, A., MEDIALDEA, A.,\u00a0 ROJO-HERN\u00c1NDEZ, J. (2018). Neanderthal settlement in central Iberia: Geo-archaeological research in the Abrigo del Molino site, MIS 3 (Segovia, Iberian Peninsula). <em>Quaternary International<\/em>, 474, 85-97.<\/p>\n<p>GARROTE, J.; D\u00cdEZ\u2010HERRERO, A.; \u00c1LVAREZ\u2010ALONSO, D.; DE ANDR\u00c9S\u2010HERRERO, M.; \u00a0JORD\u00c1 PARDO, J.F.; HERN\u00c1NDEZ, M.; BODOQUE, J.M.; ALONSO, M.; GIL, M. (2018). Reconstrucci\u00f3n hidr\u00e1ulica de paleo\u2010avenidas en el entorno del Sistema Central para yacimientos arqueol\u00f3gicos musterienses (Pleistoceno Superior). En: GARCIA, C., G\u00d3MEZ\u2010PUJOL, L., MOR\u00c1N\u2010TEJEDA, E. Y BATALLA, R.J. (Eds.), <em>Geomorfolog\u00eda del Antropoceno. Efectos del Cambio Global sobre los procesos geomorfol\u00f3gicos<\/em>: 343-346. Universitat de les Illes Balears, Sociedad Espa\u00f1ola de Geomorfolog\u00eda, Palma. 402 pp. ISBN: 978\u201084\u201009\u201004850\u20102.<\/p>\n<p>RODR\u00cdGUEZ-PASCUA, M.A.; MEDIATO ARRIBAS, J.F.; PERUCHA ATIENZA, M.A.; D\u00cdEZ-HERRERO, A. (2019). Condicionantes geol\u00f3gicos del territorio de Caraca. En: GAMO PAZOS, E.; FERNANDEZ ORTEA, J.; \u00c1LVAREZ JIM\u00c9NEZ, D. (Eds.),<em> En un lugar\u2026Caraca y la romanizaci\u00f3n de la Hispania interior<\/em>, pp. 17-35, Diputaci\u00f3n de Guadalajara, Guadalajara, 576 pp., ISBN: 978-84-92502-82-0. D.L: GU-196-2019.<\/p>\n<p>GAMO PAZOS, E.; FERNANDEZ ORTEA, J.; RODR\u00cdGUEZ-PASCUA, M.A.; D\u00cdEZ-HERRERO, A.; PERUCHA ATIENZA, M.A.; MEDIATO ARRIBAS, J.F. (2019). Datos hist\u00f3ricos, arqueol\u00f3gicos y geol\u00f3gicos para la ubicaci\u00f3n de la batalla de \u00c1nibal en el Tajo (220 a.C.). En: GAMO PAZOS, E.; FERNANDEZ ORTEA, J.; \u00c1LVAREZ JIM\u00c9NEZ, D. (Eds.),<em> En ning\u00fan lugar\u2026Caraca y la romanizaci\u00f3n de la Hispania interior<\/em>, pp. 71-102, Diputaci\u00f3n de Guadalajara, Guadalajara, 576 pp., ISBN: 978-84-92502-82-0. D.L: GU-196-2019.<\/p>\n<p>JORD\u00c1 PARDO, J.F., C. ACEVEDO PARDO, M. ALONSO, D. \u00c1LVAREZ-ALONSO, C. BARCIA, J. C. D\u00cdEZ FERN\u00c1NDEZ-LOMANA, A. D\u00cdEZ-HERRERO, M. FARJAS, J. GARROTE, A. HERN\u00c1NDEZ ORGAZ, M. HERN\u00c1NDEZ RUIZ, M. KELH, A. M. MAXIMIANO CASTILLEJO, J. MOLINA SALIDO, M. NAVAZO, A. ROMERO, Y. S\u00c1NCHEZ MOYA, T. SCHRAMM, A. SOPE\u00d1A ORTEGA (2019). Reconstrucci\u00f3n digital y an\u00e1lisis espacial del registro geoarqueol\u00f3gico del Paleol\u00edtico Medio del abrigo rocoso de Jarama VI y estudio hidra\u00falico y sedimentol\u00f3gico de las paleoinundaciones del Pleistoceno Superior en el ca\u00f1\u00f3n del Jarama (Valdesotos, Guadalajara, Espa\u00f1a). Sesi\u00f3n de Comunicaciones Orales SC5: Patrimonio Antropol\u00f3gico, Arqueol\u00f3gico y Geol\u00f3gico, <em>XV Reuni\u00f3n Nacional de Cuaternario<\/em> (AEQUA), Bilbao 1 al 5 de julio de 2019. Libro de res\u00famenes, pp. 418-421. ISBN 978-84-17713-16-4; D.L. SS 693-2019.<\/p>\n<p>GAMO PAZOS, E.; FERNANDEZ ORTEA, J.; RODR\u00cdGUEZ-PASCUA, M.A.; D\u00cdEZ-HERRERO, A.; PERUCHA ATIENZA, M.A.; MEDIATO ARRIBAS, J.F. (2019). Datos hist\u00f3ricos, arqueol\u00f3gicos y geol\u00f3gicos para la ubicaci\u00f3n de la batalla de \u00c1nibal en el Tajo (220 a.C.).<em> Congreso \u201cCaraca y la romanizaci\u00f3n del interior peninsular\u201d<\/em>, Museo de Guadalajara (Guadalajara), 15, 16 y 17 de noviembre de 2019. Comunicaci\u00f3n oral.<\/p>\n<p>RODR\u00cdGUEZ-PASCUA, M.A.; MEDIATO ARRIBAS, J.F.; PERUCHA ATIENZA, M.A.; D\u00cdEZ-HERRERO, A. (2019). Condicionantes geol\u00f3gicos del territorio de Caraca.<em> Congreso \u201cCaraca y la romanizaci\u00f3n del interior peninsular\u201d<\/em>, Museo de Guadalajara (Guadalajara), 15, 16 y 17 de noviembre de 2019. Comunicaci\u00f3n oral.<\/p>\n<p>D\u00cdEZ-HERRERO, A.; VEGAS, J.; ARROYO, F. (2019). Patrimonio geol\u00f3gico urbano de Segovia: el mejor \u2018compa\u00f1ero de viaje\u2019 para una ciudad Patrimonio de la Humanidad. <em>I Simposio Anual de Patrimonio Natural y Cultural, ICOMOS Espa\u00f1a<\/em>. ETS de Ingenieros de Minas y Energ\u00eda, Universidad Polit\u00e9cnica de Madrid. 21, 22 y 23 noviembre de 2019. Madrid. Comunicaci\u00f3n oral (sin publicaci\u00f3n de actas).<\/p>\n<p>D\u00cdEZ MARCELO, R.; GARC\u00cdA CRIADO, J.J.; D\u00cdEZ HERRERO, A. (2019). Patrimonio hist\u00f3rico-minero en El Espinar (Segovia): primera aproximaci\u00f3n al cat\u00e1logo de bienes y elementos. <em>I Simposio Anual de Patrimonio Natural y Cultural, ICOMOS Espa\u00f1a<\/em>. ETS de Ingenieros de Minas y Energ\u00eda, Universidad Polit\u00e9cnica de Madrid. 21, 22 y 23 noviembre de 2019. Madrid. Comunicaci\u00f3n oral (sin publicaci\u00f3n de actas).<\/p>\n","protected":false},"excerpt":{"rendered":"<p>Para descargar las publicaciones que carecen de derechos de distribuci\u00f3n, dirigirse al perfil en la red social de investigadores ResearchGate: https:\/\/www.researchgate.net\/profile\/Andres_Diez-Herrero &nbsp; \u00c1LVAREZ-ALONSO, D.; DE ANDR\u00c9S, M.; D\u00cdEZ-HERRERO, A.; TANARRO, L.M. (2013). Relaci\u00f3n entre los yacimientos arqueol\u00f3gicos y la morfolog\u00eda fluvial durante el Paleol\u00edtico antiguo en el interfluvio Riaza-Durat\u00f3n (Segovia, Espa\u00f1a). En: R. BAENA, J.J.&hellip; <a class=\"more-link\" href=\"https:\/\/andresdiezherrero.es\/web\/geoarqueologia-de-segovia\">Seguir leyendo <span class=\"screen-reader-text\">Geoarqueolog\u00eda de Segovia (y otras zonas)<\/span><\/a><\/p>\n","protected":false},"author":4,"featured_media":0,"parent":0,"menu_order":0,"comment_status":"closed","ping_status":"closed","template":"","meta":{"footnotes":""},"class_list":["post-622","page","type-page","status-publish","hentry","entry"],"_links":{"self":[{"href":"https:\/\/andresdiezherrero.es\/web\/wp-json\/wp\/v2\/pages\/622"}],"collection":[{"href":"https:\/\/andresdiezherrero.es\/web\/wp-json\/wp\/v2\/pages"}],"about":[{"href":"https:\/\/andresdiezherrero.es\/web\/wp-json\/wp\/v2\/types\/page"}],"author":[{"embeddable":true,"href":"https:\/\/andresdiezherrero.es\/web\/wp-json\/wp\/v2\/users\/4"}],"replies":[{"embeddable":true,"href":"https:\/\/andresdiezherrero.es\/web\/wp-json\/wp\/v2\/comments?post=622"}],"version-history":[{"count":4,"href":"https:\/\/andresdiezherrero.es\/web\/wp-json\/wp\/v2\/pages\/622\/revisions"}],"predecessor-version":[{"id":653,"href":"https:\/\/andresdiezherrero.es\/web\/wp-json\/wp\/v2\/pages\/622\/revisions\/653"}],"wp:attachment":[{"href":"https:\/\/andresdiezherrero.es\/web\/wp-json\/wp\/v2\/media?parent=622"}],"curies":[{"name":"wp","href":"https:\/\/api.w.org\/{rel}","templated":true}]}}