{"id":677,"date":"2020-09-05T20:04:55","date_gmt":"2020-09-05T16:04:55","guid":{"rendered":"http:\/\/andresdiezherrero.es\/web\/?page_id=677"},"modified":"2020-09-05T20:04:55","modified_gmt":"2020-09-05T16:04:55","slug":"minecraftgea","status":"publish","type":"page","link":"https:\/\/andresdiezherrero.es\/web\/minecraftgea","title":{"rendered":"MinecraftGea"},"content":{"rendered":"<h1>Bienvenidos a\u00a0<em>MinecraftGea<\/em><\/h1>\n<p>&nbsp;<\/p>\n<p><strong>Minecraft<\/strong>\u00a0es un videojuego muy popular entre los ni\u00f1os y preadolescentes de todo el Mundo, con m\u00e1s de 176 millones de usuarios, por su car\u00e1cter de &#8216;mundo abierto&#8217; (<em>sandbox<\/em>), o sea, que permite la modificaci\u00f3n de los paisajes y los mundos en los que se desarrolla el juego. Adem\u00e1s, como se trata de un juego no violento y muy creativo, est\u00e1 permitido para mayores de 7 a\u00f1os (PEGI 7). Se puede jugar sobre todo tipo de plataformas, desde ordenador personal (<em>PC Java Edition<\/em>),\u00a0<em>Nintendo Switch<\/em>,\u00a0<em>XBOX 360<\/em>\u00a0y\u00a0<em>One<\/em>,\u00a0<em>PlayStation<\/em>,\u00a0<em>smartphones<\/em>, etc., dependiendo de las versiones.<\/p>\n<p><a href=\"http:\/\/andresdiezherrero.es\/web\/wp-content\/uploads\/2020\/09\/MINECRAFT.png\" rel=\"attachment wp-att-678\"><img loading=\"lazy\" decoding=\"async\" class=\"size-medium wp-image-678 aligncenter\" src=\"http:\/\/andresdiezherrero.es\/web\/wp-content\/uploads\/2020\/09\/MINECRAFT-300x52.png\" alt=\"MINECRAFT\" width=\"300\" height=\"52\" srcset=\"https:\/\/andresdiezherrero.es\/web\/wp-content\/uploads\/2020\/09\/MINECRAFT-300x52.png 300w, https:\/\/andresdiezherrero.es\/web\/wp-content\/uploads\/2020\/09\/MINECRAFT.png 480w\" sizes=\"(max-width: 300px) 100vw, 300px\" \/><\/a><\/p>\n<p>Hemos\u00a0contratado dos nuevos servidores de\u00a0<em>Minecraft<\/em>, dentro del proyecto llamado\u00a0<strong><em>Gea<\/em><\/strong><em>\u00a0<\/em>en honor a la diosa de la Tierra, para albergar los dos mundos y minijuegos que te permitir\u00e1n aprender cosas sobre Geolog\u00eda (la ciencia que estudia la Tierra), c\u00f3mo protegerte de los riesgos geol\u00f3gicos (inundaciones, terremotos, volcanes, deslizamientos, desprendimientos&#8230;) y defender el patrimonio geol\u00f3gico, o sea, los lugares singulares que nos permiten conocer mejor nuestro planeta.<\/p>\n<p>&nbsp;<\/p>\n<p><a href=\"http:\/\/andresdiezherrero.es\/web\/wp-content\/uploads\/2020\/09\/GEA-1.png\" rel=\"attachment wp-att-679\"><img loading=\"lazy\" decoding=\"async\" class=\"size-full wp-image-679 aligncenter\" src=\"http:\/\/andresdiezherrero.es\/web\/wp-content\/uploads\/2020\/09\/GEA-1.png\" alt=\"GEA-1\" width=\"170\" height=\"83\" \/><\/a><\/p>\n<p style=\"text-align: left;\">Los dos nuevos servidores de MinecraftGea, que por el momento funciona \u00fanicamente para la versi\u00f3n 1.13.2 para ordenador personal (PC\u00a0<em>Java Edition<\/em>), contiene actualmente dos mundos o minijuegos:<\/p>\n<ul>\n<li><strong>\u00a0<\/strong><strong>Venero Claro<\/strong> (IP 173.249.35.60:25569): se trata de una recreaci\u00f3n simplificada de la colonia infantil de verano de Venero Claro, situada en el municipio de Navaluenga (\u00c1vila, Castilla y Le\u00f3n), y gestionada por la Fundaci\u00f3n \u00c1vila (heredera de la antigua Obra Social y Cultural de Caja \u00c1vila). En el mapa se pueden encontrar los edificios donde se ubican los dormitorios, comedor, salas de manualidades, almac\u00e9n, cocinas, bungalows y dem\u00e1s dependencias; las instalaciones deportivas, como el campo de f\u00fatbol, baloncesto, piscina, etc.; y hasta la granja con animales dom\u00e9sticos y las huertas. Por los campamentos estivales han pasado buena parte de los j\u00f3venes de la provincia de \u00c1vila y otros lugares de Espa\u00f1a, alcanzando cada verano una cifra de campistas pr\u00f3xima al medio millar de ni\u00f1os entre 7 y 13 a\u00f1os. Esta colonia sufri\u00f3 una grave avenida torrencial en diciembre de 1997, que afect\u00f3 a las instalaciones. Mediante este mundo se pretende simular una inundaci\u00f3n, ante la que los jugadores deben ponerse a salvo huyendo hacia las zonas altas de la colonia o recurriendo a los medios de emergencia (tel\u00e9fono 112). Por lo tanto, se trata de un juego para educar en la cultura del riesgo y mejorar la percepci\u00f3n de los ni\u00f1os, a la vez que aumenta su resiliencia ante las inundaciones. Ver v\u00eddeos del mundo:<\/li>\n<\/ul>\n<ul>\n<ul>\n<ul>\n<ul>\n<ul>\n<li><a href=\"https:\/\/www.dropbox.com\/s\/awhzfz6m4zcyp9b\/Minecraft%20Venero%20Claro%2C%20paseo%20por%20los%20edificios.mp4?dl=0\">V\u00eddeo: paseo por los edificios de los dormitorios de Venero Claro<\/a><\/li>\n<li><a href=\"https:\/\/www.dropbox.com\/s\/j7vbus571lukyn2\/Minecraft%20Venero%20Claro%2C%20bungalows.mp4?dl=0\">V\u00eddeo: paseo por los bungalows de Venero Claro<\/a><\/li>\n<li><a href=\"https:\/\/www.dropbox.com\/s\/w17l8gv5vltjvsq\/Minecraft%20Venero%20Claro%2C%20granja%20de%20animales%20domesticos.mp4?dl=0\">V\u00eddeo: paseo por la granja de animales de Venero Claro<\/a><\/li>\n<li><a href=\"https:\/\/www.dropbox.com\/s\/pol60i962n4aiqb\/Minecraft%20Venero%20Claro%2C%20pistas%20deportivas.mp4?dl=0\">V\u00eddeo: paseo por las pistas deportivas de Venero Claro<\/a><\/li>\n<li><a href=\"https:\/\/www.dropbox.com\/s\/9z6i88qsn25bp8r\/Minecraft%20Venero%20Claro%2C%20piscina%20%28antiguo%29.mp4?dl=0\">Video: la piscina de Venero Claro<\/a><\/li>\n<li><a href=\"https:\/\/www.dropbox.com\/s\/i9jn1jaqwywfj4e\/Minecraft%20Venero%20Claro%2C%20generando%20inundacion.mp4?dl=0\">V\u00eddeo: generando una inundaci\u00f3n cerca del r\u00edo<\/a><\/li>\n<\/ul>\n<\/ul>\n<\/ul>\n<\/ul>\n<\/ul>\n<p><a href=\"http:\/\/andresdiezherrero.es\/web\/wp-content\/uploads\/2020\/09\/Campo-de-futbol-inundado-copia-1024x533.jpg\" rel=\"attachment wp-att-680\"><img loading=\"lazy\" decoding=\"async\" class=\"size-medium wp-image-680 aligncenter\" src=\"http:\/\/andresdiezherrero.es\/web\/wp-content\/uploads\/2020\/09\/Campo-de-futbol-inundado-copia-1024x533-300x156.jpg\" alt=\"Campo-de-futbol-inundado-copia-1024x533\" width=\"300\" height=\"156\" srcset=\"https:\/\/andresdiezherrero.es\/web\/wp-content\/uploads\/2020\/09\/Campo-de-futbol-inundado-copia-1024x533-300x156.jpg 300w, https:\/\/andresdiezherrero.es\/web\/wp-content\/uploads\/2020\/09\/Campo-de-futbol-inundado-copia-1024x533-768x400.jpg 768w, https:\/\/andresdiezherrero.es\/web\/wp-content\/uploads\/2020\/09\/Campo-de-futbol-inundado-copia-1024x533.jpg 1024w\" sizes=\"(max-width: 300px) 100vw, 300px\" \/><\/a><\/p>\n<ul>\n<li>\u00a0<strong><em>Geoheritage <\/em><\/strong>(IP 38.39.201.18:25628): se trata de una recreaci\u00f3n simplificada de algunos de los lugares de inter\u00e9s geol\u00f3gico emblem\u00e1ticos de Espa\u00f1a, como la Ciudad Encanta de Cuenca, el volcan del Teide (Tenerife), el\u00a0<em>flysch<\/em>\u00a0de la Costa Vasca (Zumaia, Gipuzkoa), o el Tolmo de La Pedriza de Manzanares (Comunidad de Madrid). Adem\u00e1s de conocer estos elementos y sus singularidades, el jugador debe proteger estos lugares del acecho de seres malignos: los furtivos (<em>enderman<\/em>\u00a0en\u00a0<em>Minecraft<\/em>), que pretenden robar las rocas y los f\u00f3siles de estos lugares; y los v\u00e1ndalos (<em>creepers<\/em>\u00a0en\u00a0<em>Minecraft<\/em>), que pueden explotar en las proximidades de los lugares de inter\u00e9s geol\u00f3gico y destruirlos. Por lo tanto, se trata de un juego para educar en el conocimiento del patrimonio geol\u00f3gico y su protecci\u00f3n (geoconservaci\u00f3n). Ver v\u00eddeos del mundo:<\/li>\n<\/ul>\n<ul>\n<ul>\n<ul>\n<ul>\n<ul>\n<li><a href=\"https:\/\/www.dropbox.com\/s\/x8k0p3ns1kzomkt\/Mundo%20Geoheritage%2C%20Ciudad%20Encantada%20de%20Cuenca.mp4?dl=0\">V\u00eddeo: la Ciudad Encantada de Cuenca en el servidor Gea de Minecraft<\/a><\/li>\n<li><a href=\"https:\/\/www.dropbox.com\/s\/gzv474aal4b0uol\/Mundo%20Geoheritage%2C%20paseo%20por%20el%20volc%C3%A1n%20del%20Teide.mp4?dl=0\">V\u00eddeo: subida al volc\u00e1n del Teide en el mundo Geoheritage del servidor Gea para Minecraft<\/a><\/li>\n<li><a href=\"https:\/\/www.dropbox.com\/s\/tmy99p1cuer7ipa\/Mundo%20Geoheritage%2C%20Flysch%20de%20Zumaia%2C%20personajes%20Furtivos%202.mp4?dl=0\">V\u00eddeo: los furtivos se llevan bloques de roca con f\u00f3siles del flysch de Zumaia (Gipuzkoa)<\/a><\/li>\n<li><a href=\"https:\/\/www.dropbox.com\/s\/esn91xsw66c5i1z\/Mundo%20Geoheritage%2C%20Ciudad%20Encantada%20de%20Cuenca%2C%20personajes%20Vandalos%202.mp4?dl=0\">V\u00eddeo: v\u00e1ndalos explotando en la Ciudad Encantada de Cuenca<\/a><\/li>\n<\/ul>\n<\/ul>\n<\/ul>\n<\/ul>\n<\/ul>\n<p><a href=\"http:\/\/andresdiezherrero.es\/web\/wp-content\/uploads\/2020\/09\/Figura-2-izquierda-300x177.jpg\" rel=\"attachment wp-att-681\"><img loading=\"lazy\" decoding=\"async\" class=\"size-medium wp-image-681 aligncenter\" src=\"http:\/\/andresdiezherrero.es\/web\/wp-content\/uploads\/2020\/09\/Figura-2-izquierda-300x177-300x177.jpg\" alt=\"Figura-2-izquierda-300x177\" width=\"300\" height=\"177\" \/><\/a><\/p>\n<p>&nbsp;<\/p>\n<p>&nbsp;<\/p>\n<h1 style=\"text-align: left;\">\u00bfC\u00f3mo jugar en\u00a0<em>Gea<\/em>\u00a0para\u00a0<em>Minecraft<\/em>?<\/h1>\n<p>Como cualquier otro servidor o mundo de\u00a0<em>Minecraft<\/em>, para jugar hay que seguir unos pasos sencillos pero imprescindibles:<\/p>\n<p>1)\u00a0<strong>Descargar\u00a0<\/strong><em><strong>Minecraft<\/strong><\/em><strong>\u00a0y abrir una cuenta<\/strong>, bien &#8216;<em>No Premium<\/em>&#8216; (gratuita) o &#8216;<em>Premium<\/em>&#8216; (de pago \u00fanico). El primer tipo de cuenta &#8216;<em>No Premium<\/em>&#8216; se puede descargar, por ejemplo, en este\u00a0<a href=\"https:\/\/drive.google.com\/file\/d\/0BxFCFabQY__DM2VDNm9TbjY4X2c\/view\">link de Google Drive<\/a>, tal y como se explica en\u00a0<a href=\"https:\/\/www.youtube.com\/watch?v=yVbi9mO2r9s\">este v\u00eddeo de YouTube<\/a>. Para descargar la cuenta &#8216;<em>Premium<\/em>&#8216; es preciso hacerlo en la p\u00e1gina oficial de\u00a0<em>Minecraft<\/em>\u00a0(<a href=\"http:\/\/inundacion.es\/wp-admin\/www.minecraft.net\">www.minecraft.net<\/a>).<\/p>\n<p>2)\u00a0<strong>Iniciar el juego en versi\u00f3n 1.13.2, modalidad multijugador,\u00a0 crear servidor con nombre\u00a0<\/strong><em><strong>Gea<\/strong><\/em>\u00a0 y direcci\u00f3n del servidor\u00a0seg\u00fan el mundo al que quieras acceder:\u00a0Venero Claro\u00a0(IP 173.249.35.60:25569) o\u00a0<em>Geoheritage<\/em><strong><em>\u00a0<\/em><\/strong>(IP 38.39.201.18:25628)<\/p>\n<p>3)\u00a0<strong>Entrar en el\u00a0<\/strong><strong>\u00a0mundo<\/strong>\u00a0en el que se desea jugar:\u00a0<em>Venero Claro<\/em>\u00a0o\u00a0<em>Geoheritage<\/em>.<\/p>\n<p>4)\u00a0<strong>Disfrutar<\/strong>\u00a0jugando&#8230;y aprendiendo.<\/p>\n<p>&nbsp;<\/p>\n<h2>Para saber m\u00e1s sobre\u00a0<em>MinecraftGea<\/em> y sus mundos&#8230;<\/h2>\n<p>Aunque llevamos construyendo <em>MinecraftGea<\/em>\u00a0desde septiembre de 2018, su &#8216;presentaci\u00f3n en sociedad&#8217; se produjo en junio de 2019, durante la celebraci\u00f3n de la\u00a0<strong>XIII Reuni\u00f3n Nacional de la Comisi\u00f3n de Patrimonio Geol\u00f3gico<\/strong>\u00a0de la Sociedad Geol\u00f3gica de Espa\u00f1a, donde se present\u00f3 como una comunicaci\u00f3n oral la creaci\u00f3n del mundo\u00a0<em>Geoheritage<\/em>\u00a0dentro de<em>\u00a0Gea<\/em>.\u00a0<a href=\"https:\/\/www.researchgate.net\/publication\/333951108_'GAMIFICACION'_PARA_LA_GEOCONSERVACION_MEDIANTE_MINECRAFT\">Descargar el resumen de la comunicaci\u00f3n en el libro de actas, desde la red social de investigadores ResearchGate<\/a>.<\/p>\n<p>Durante el verano de 2019, los diferentes\u00a0<strong>campamentos Venero Claro<\/strong>\u00a0(colegio Jes\u00fas Mar\u00eda, Bankia turno 1 y Bankia turno 2), recibieron un d\u00edptico con la direcci\u00f3n IP del servidor Gea, para que, una vez finalizado el campamento, los ni\u00f1@s pudieran jugar en el mundo Venero Claro, y as\u00ed reforzar las ense\u00f1anzas de educaci\u00f3n en el riesgo que reciben durante su estancia en el campamento.<\/p>\n<p>El 15 de julio de 2019, el Jurado de los\u00a0<strong>Premios Ciencia en Acci\u00f3n<\/strong>, eligi\u00f3 la iniciativa \u00abVideoGEOs: practicando Geolog\u00eda usando el videojuego Minecraft\u00bb, como Finalista de la edici\u00f3n 2019 en la modalidad Laboratorio de Geolog\u00eda, cuya fase final se celebr\u00f3 en Alcoi (Alicante), los d\u00edas 4 a 6 de octubre de 2019, y esta iniciativa obtuvo una Menci\u00f3n de Honor por parte del Jurado.<\/p>\n<h1 style=\"text-align: center;\"><a href=\"http:\/\/andresdiezherrero.es\/web\/wp-content\/uploads\/2020\/09\/2019-10-04-06-Ciencia-en-Accion.jpg\" rel=\"attachment wp-att-686\"><img loading=\"lazy\" decoding=\"async\" class=\"size-medium wp-image-686\" src=\"http:\/\/andresdiezherrero.es\/web\/wp-content\/uploads\/2020\/09\/2019-10-04-06-Ciencia-en-Accion-300x225.jpg\" alt=\"2019-10-04-06-Ciencia-en-Accion\" width=\"300\" height=\"225\" srcset=\"https:\/\/andresdiezherrero.es\/web\/wp-content\/uploads\/2020\/09\/2019-10-04-06-Ciencia-en-Accion-300x225.jpg 300w, https:\/\/andresdiezherrero.es\/web\/wp-content\/uploads\/2020\/09\/2019-10-04-06-Ciencia-en-Accion-768x576.jpg 768w, https:\/\/andresdiezherrero.es\/web\/wp-content\/uploads\/2020\/09\/2019-10-04-06-Ciencia-en-Accion-1024x768.jpg 1024w, https:\/\/andresdiezherrero.es\/web\/wp-content\/uploads\/2020\/09\/2019-10-04-06-Ciencia-en-Accion.jpg 1440w\" sizes=\"(max-width: 300px) 100vw, 300px\" \/><\/a><\/h1>\n<h1 style=\"text-align: center;\"><\/h1>\n<h1 style=\"text-align: left;\">Estamos en los medios<\/h1>\n<p>Adem\u00e1s de numerosas entradas en las redes sociales (Facebook, Twitter, Instagram\u2026), <em>MinecraftGea<\/em>\u00a0ya ha aparecido en numerosos medios de comunicaci\u00f3n digitales e impresos, entre los que queremos destacar:<\/p>\n<p><strong>Medios de comunicaci\u00f3n impresos<\/strong><\/p>\n<ul>\n<li><span class=\"text-monospace\">2019\/10\/04:\u00a0<\/span><strong>El Norte de Castilla<\/strong>, edici\u00f3n Segovia, edici\u00f3n impresa, p\u00e1gina 8.<\/li>\n<li><span class=\"text-monospace\">2019\/10\/05:\u00a0<\/span><strong>El Adelantado de Segovia<\/strong>, edici\u00f3n impresa, p\u00e1gina 8.<\/li>\n<li><span class=\"text-monospace\">2019\/10\/07 :\u00a0<\/span><strong>Diario de \u00c1vila<\/strong>, edici\u00f3n impresa, p\u00e1gina 11.<\/li>\n<\/ul>\n<p><strong>Medios de comunicaci\u00f3n radiof\u00f3nicos<\/strong><\/p>\n<ul>\n<li><span class=\"text-monospace\">2019\/10\/07:\u00a0<\/span><strong>Radio \u00c1vila<\/strong>, Cadena SER, Hoy por Hoy \u00c1vila. Entrevista en directo a Andr\u00e9s D\u00edez Herrero: 13:06 a 13:17 h (11 minutos, 20 segundos).<\/li>\n<\/ul>\n<p><strong>Medios de comunicaci\u00f3n digitales<\/strong><\/p>\n<ul>\n<li>\u00a02019\/09\/17: \u201cLas ideas espa\u00f1olas que pueden evitar una nueva tragedia en la pr\u00f3xima DANA\u201d,\u00a0en el peri\u00f3dico digital <strong>El Confidencial.com<\/strong>:\u00a0<a href=\"https:\/\/www.elconfidencial.com\/tecnologia\/2019-09-17\/dana-inundaciones-lluvias-gota-fria-aplicaciones-alertas_2235531\/\" target=\"_blank\">https:\/\/www.elconfidencial.com\/tecnologia\/2019-09-17\/dana-inundaciones-lluvias-gota-fria-aplicaciones-alertas_2235531\/<\/a><\/li>\n<li><span class=\"text-monospace\">2019\/10\/03:\u00a0<\/span><strong>Segoviaudaz<\/strong>.\u00a0<a href=\"https:\/\/segoviaudaz.es\/pablo-diez-un-super-cientifico-del-colegio-claret\/\" target=\"_blank\" rel=\"noreferrer noopener\">https:\/\/segoviaudaz.es\/pablo-diez-un-super-cientifico-del-colegio-claret\/<\/a><\/li>\n<li><span class=\"text-monospace\">2019\/10\/03:\u00a0<\/span><strong>El D\u00eda de Segovia<\/strong>.\u00a0<a href=\"https:\/\/www.eldiasegovia.es\/Noticia\/ZBC94351D-9A93-8327-67E303DF4510D5B1\/201910\/Preparado-para-uno-de-los-mejores-concursos-cientificos%EF%82%B7\" target=\"_blank\" rel=\"noreferrer noopener\">https:\/\/www.eldiasegovia.es\/Noticia\/ZBC94351D-9A93-8327-67E303DF4510D5B1\/201910\/Preparado-para-uno-de-los-mejores-concursos-cientificos%EF%82%B7<\/a><\/li>\n<li><span class=\"text-monospace\">2019\/10\/04:\u00a0<\/span><strong>El Norte de Castilla<\/strong>.\u00a0<a href=\"https:\/\/www.elnortedecastilla.es\/segovia\/madera-cientifico-20191004125218-nt.html\" target=\"_blank\" rel=\"noreferrer noopener\">https:\/\/www.elnortedecastilla.es\/segovia\/madera-cientifico-20191004125218-nt.html<\/a><\/li>\n<li><span class=\"text-monospace\">2019\/10\/05:\u00a0<\/span><strong>El Adelantado<\/strong>.\u00a0<a href=\"https:\/\/www.eladelantado.com\/segovia\/un-segoviano-de-5o-participa-en-un-certamen-de-divulgacion-cientifica\/\" target=\"_blank\" rel=\"noreferrer noopener\">https:\/\/www.eladelantado.com\/segovia\/un-segoviano-de-5o-participa-en-un-certamen-de-divulgacion-cientifica\/<\/a><\/li>\n<li><span class=\"text-monospace\">2019\/10\/06:\u00a0<\/span><strong>\u00c1vilaRed<\/strong>.\u00a0<a href=\"https:\/\/avilared.com\/art\/42109\/venero-claro-en-minecraft-llega-a-la-final-del-concurso-internacional-ciencia-en-accion\" target=\"_blank\" rel=\"noreferrer noopener\">https:\/\/avilared.com\/art\/42109\/venero-claro-en-minecraft-llega-a-la-final-del-concurso-internacional-ciencia-en-accion<\/a><\/li>\n<li><span class=\"text-monospace\">2019\/10\/06:\u00a0<\/span><strong>Tribuna de Salamanca<\/strong>.\u00a0<a href=\"https:\/\/www.tribunasalamanca.com\/noticias\/el-espacio-natural-venero-claro-llega-a-la-final-del-concurso-internacional-ciencia-en-accion\/1570374511\" target=\"_blank\" rel=\"noreferrer noopener\">https:\/\/www.tribunasalamanca.com\/noticias\/el-espacio-natural-venero-claro-llega-a-la-final-del-concurso-internacional-ciencia-en-accion\/1570374511<\/a><\/li>\n<li><span class=\"text-monospace\">2019\/10\/06:\u00a0<\/span><strong>Tribuna de \u00c1vila<\/strong>.\u00a0<a href=\"https:\/\/www.tribunaavila.com\/noticias\/el-espacio-natural-venero-claro-llega-a-la-final-del-concurso-internacional-ciencia-en-accion\/1570374511.amp\" target=\"_blank\" rel=\"noreferrer noopener\">https:\/\/www.tribunaavila.com\/noticias\/el-espacio-natural-venero-claro-llega-a-la-final-del-concurso-internacional-ciencia-en-accion\/1570374511.amp<\/a><\/li>\n<\/ul>\n<p><strong>P\u00e1ginas web y blogs<\/strong><\/p>\n<ul>\n<li><strong>Colegio Claret de Segovia<\/strong>:\u00a0<a href=\"http:\/\/www.claretsegovia.es\/noticias\/03-10-2019\/pablo-diezcolegio-claret-prestigioso-concurso-ciencia-accion\" target=\"_blank\" rel=\"noreferrer noopener\">http:\/\/www.claretsegovia.es\/noticias\/03-10-2019\/pablo-diezcolegio-claret-prestigioso-concurso-ciencia-accion<\/a><\/li>\n<li><strong>3GeoESO<\/strong>:\u00a0<a href=\"https:\/\/3geoeso.blogspot.com\/\" target=\"_blank\" rel=\"noreferrer noopener\">https:\/\/3geoeso.blogspot.com<\/a><\/li>\n<li><strong>Ciencia en Acci\u00f3n<\/strong>:\u00a0<a href=\"https:\/\/cienciaenaccion.org\/acta-final-ciencia-en-accion-2019\/\" target=\"_blank\" rel=\"noreferrer noopener\">https:\/\/cienciaenaccion.org\/acta-final-ciencia-en-accion-2019\/<\/a><\/li>\n<\/ul>\n<p>&nbsp;<\/p>\n<h1>Agradecimientos<\/h1>\n<p>El servidor\u00a0<em>Gea<\/em>\u00a0no hubiera sido posible sin el apoyo y agradecimiento de las siguientes personas e instituciones:<\/p>\n<ul>\n<li><strong>Fundaci\u00f3n Bot\u00edn<\/strong>, que a trav\u00e9s de su Premio al Talento Joven a la Gesti\u00f3n Sostenible del Agua 2018, a la iniciativa Venero Claro Agua, permiti\u00f3 financiar los medios inform\u00e1ticos necesarios para poner en marcha el servidor y la creaci\u00f3n de los mundos.<\/li>\n<li><a href=\"http:\/\/drainage.cedex.es\/\" target=\"_blank\"><strong>Proyecto DRAINAGE<\/strong><\/a>\u00a0del Plan Nacional de I+D+i (CGL2017-83546-C3-R; MINEICO\/AEI\/FEDER, UE), en el marco del cual se desarrollan las actividades de formaci\u00f3n y comunicaci\u00f3n del riesgo de inundaciones del mundo Venero Claro.<\/li>\n<li><strong>Servicio de Inform\u00e1tica del IGME<\/strong>, que en el futuro asumir\u00e1 el\u00a0<em>hosting<\/em>\u00a0de los mundos del servidor Gea.<\/li>\n<li><strong>Fundaci\u00f3n \u00c1vila<\/strong>\u00a0(propietaria y gestora de la colonia Venero Claro), y a sus usuarios y arrendatarios, como\u00a0<em>Vector Academy<\/em>, Bankia y el colegio Jes\u00fas Mar\u00eda de Madrid.<\/li>\n<li>A nuestros\u00a0<strong>colaboradores y amigos<\/strong>: Ignacio Guti\u00e9rrez P\u00e9rez, Juana Vegas, Ana Cabrera, Mario Hern\u00e1ndez, Carlos Carrera, Mateo Mart\u00edn D\u00edez\u2026<\/li>\n<\/ul>\n<p>&nbsp;<\/p>\n<h1>Escr\u00edbenos y m\u00e1ndanos tus sugerencias<\/h1>\n<p><em>Gea<\/em>\u00a0es un servidor que est\u00e1 empezando, por lo que todas tus sugerencias, correcciones o cr\u00edticas son bienvenidas. Escr\u00edbenos un mensaje de correo electr\u00f3nico a la direcci\u00f3n\u00a0<strong>andres.diez@igme.es<\/strong>\u00a0y m\u00e1ndanos tus impresiones. Te contestaremos seguro y te agradecemos tus consejos.<\/p>\n<p>Si extraes cualquier informaci\u00f3n de esta p\u00e1gina web y lo citas en cualquier publicaci\u00f3n,\u00a0<em>blog<\/em>\u00a0u otra web, te agradecer\u00edamos que, en reconocimiento a los autores, lo refieras bibliogr\u00e1ficamente como:<\/p>\n<p>D\u00edez Marcelo, P. y D\u00edez-Herrero, A. (2019).\u00a0<em>Servidor Gea para Minecraft<\/em>.\u00a0 Proyecto DRAINAGE (CGL2017-83546-C3-R; MINEICO\/AEI\/FEDER, UE). P\u00e1gina web: http:\/\/andresdiezherrero.es\/web\/minecraftgea\/<\/p>\n<p>&nbsp;<\/p>\n","protected":false},"excerpt":{"rendered":"<p>Bienvenidos a\u00a0MinecraftGea &nbsp; Minecraft\u00a0es un videojuego muy popular entre los ni\u00f1os y preadolescentes de todo el Mundo, con m\u00e1s de 176 millones de usuarios, por su car\u00e1cter de &#8216;mundo abierto&#8217; (sandbox), o sea, que permite la modificaci\u00f3n de los paisajes y los mundos en los que se desarrolla el juego. Adem\u00e1s, como se trata de&hellip; <a class=\"more-link\" href=\"https:\/\/andresdiezherrero.es\/web\/minecraftgea\">Seguir leyendo <span class=\"screen-reader-text\">MinecraftGea<\/span><\/a><\/p>\n","protected":false},"author":4,"featured_media":679,"parent":0,"menu_order":0,"comment_status":"closed","ping_status":"closed","template":"","meta":{"footnotes":""},"class_list":["post-677","page","type-page","status-publish","has-post-thumbnail","hentry","entry"],"_links":{"self":[{"href":"https:\/\/andresdiezherrero.es\/web\/wp-json\/wp\/v2\/pages\/677"}],"collection":[{"href":"https:\/\/andresdiezherrero.es\/web\/wp-json\/wp\/v2\/pages"}],"about":[{"href":"https:\/\/andresdiezherrero.es\/web\/wp-json\/wp\/v2\/types\/page"}],"author":[{"embeddable":true,"href":"https:\/\/andresdiezherrero.es\/web\/wp-json\/wp\/v2\/users\/4"}],"replies":[{"embeddable":true,"href":"https:\/\/andresdiezherrero.es\/web\/wp-json\/wp\/v2\/comments?post=677"}],"version-history":[{"count":7,"href":"https:\/\/andresdiezherrero.es\/web\/wp-json\/wp\/v2\/pages\/677\/revisions"}],"predecessor-version":[{"id":689,"href":"https:\/\/andresdiezherrero.es\/web\/wp-json\/wp\/v2\/pages\/677\/revisions\/689"}],"wp:featuredmedia":[{"embeddable":true,"href":"https:\/\/andresdiezherrero.es\/web\/wp-json\/wp\/v2\/media\/679"}],"wp:attachment":[{"href":"https:\/\/andresdiezherrero.es\/web\/wp-json\/wp\/v2\/media?parent=677"}],"curies":[{"name":"wp","href":"https:\/\/api.w.org\/{rel}","templated":true}]}}