{"id":82,"date":"2010-09-26T10:55:05","date_gmt":"2010-09-26T08:55:05","guid":{"rendered":"http:\/\/andresdiezherrero.es\/web\/?page_id=82"},"modified":"2012-03-04T17:19:08","modified_gmt":"2012-03-04T13:19:08","slug":"segovia","status":"publish","type":"page","link":"https:\/\/andresdiezherrero.es\/web\/segovia","title":{"rendered":"Segovia"},"content":{"rendered":"<p><a href=\"http:\/\/andresdiezherrero.es\/web\/wp-content\/uploads\/2010\/09\/Segovia-nevada.gif\"><img loading=\"lazy\" decoding=\"async\" class=\"aligncenter size-medium wp-image-541\" title=\"Segovia nevada\" src=\"http:\/\/andresdiezherrero.es\/web\/wp-content\/uploads\/2010\/09\/Segovia-nevada-300x184.gif\" alt=\"\" width=\"300\" height=\"184\" srcset=\"https:\/\/andresdiezherrero.es\/web\/wp-content\/uploads\/2010\/09\/Segovia-nevada-300x184.gif 300w, https:\/\/andresdiezherrero.es\/web\/wp-content\/uploads\/2010\/09\/Segovia-nevada.gif 720w\" sizes=\"(max-width: 300px) 100vw, 300px\" \/><\/a><\/p>\n<p style=\"text-align: center;\">Nac\u00ed unos 1100 m detr\u00e1s de este &#8216;castillito&#8217;, y vivo a unos 3,2 km en l\u00ednea recta hacia el sureste de \u00e9l. Casi nada, \u00bfverdad?<\/p>\n<p style=\"text-align: center;\">\u00a1Como para no dedicar parte de mi producci\u00f3n cient\u00edfica a escribir sobre ello!<\/p>\n","protected":false},"excerpt":{"rendered":"<p>Nac\u00ed unos 1100 m detr\u00e1s de este &#8216;castillito&#8217;, y vivo a unos 3,2 km en l\u00ednea recta hacia el sureste de \u00e9l. Casi nada, \u00bfverdad? \u00a1Como para no dedicar parte de mi producci\u00f3n cient\u00edfica a escribir sobre ello!<\/p>\n","protected":false},"author":4,"featured_media":0,"parent":0,"menu_order":4,"comment_status":"closed","ping_status":"open","template":"","meta":{"footnotes":""},"class_list":["post-82","page","type-page","status-publish","hentry","entry"],"_links":{"self":[{"href":"https:\/\/andresdiezherrero.es\/web\/wp-json\/wp\/v2\/pages\/82"}],"collection":[{"href":"https:\/\/andresdiezherrero.es\/web\/wp-json\/wp\/v2\/pages"}],"about":[{"href":"https:\/\/andresdiezherrero.es\/web\/wp-json\/wp\/v2\/types\/page"}],"author":[{"embeddable":true,"href":"https:\/\/andresdiezherrero.es\/web\/wp-json\/wp\/v2\/users\/4"}],"replies":[{"embeddable":true,"href":"https:\/\/andresdiezherrero.es\/web\/wp-json\/wp\/v2\/comments?post=82"}],"version-history":[{"count":3,"href":"https:\/\/andresdiezherrero.es\/web\/wp-json\/wp\/v2\/pages\/82\/revisions"}],"predecessor-version":[{"id":563,"href":"https:\/\/andresdiezherrero.es\/web\/wp-json\/wp\/v2\/pages\/82\/revisions\/563"}],"wp:attachment":[{"href":"https:\/\/andresdiezherrero.es\/web\/wp-json\/wp\/v2\/media?parent=82"}],"curies":[{"name":"wp","href":"https:\/\/api.w.org\/{rel}","templated":true}]}}