{"id":85,"date":"2010-09-26T10:56:11","date_gmt":"2010-09-26T08:56:11","guid":{"rendered":"http:\/\/andresdiezherrero.es\/web\/?page_id=85"},"modified":"2021-01-09T12:41:28","modified_gmt":"2021-01-09T08:41:28","slug":"estudios-geologicos","status":"publish","type":"page","link":"https:\/\/andresdiezherrero.es\/web\/segovia\/estudios-geologicos","title":{"rendered":"Estudios geol\u00f3gicos de Segovia"},"content":{"rendered":"<p>Para descargar las publicaciones que carecen de derechos de distribuci\u00f3n, dirigirse al perfil en la red social de investigadores ResearchGate: <a href=\"https:\/\/www.researchgate.net\/profile\/Andres_Diez-Herrero\" target=\"_blank\" rel=\"noopener noreferrer\">https:\/\/www.researchgate.net\/profile\/Andres_Diez-Herrero<\/a><\/p>\n<h2>Publicaciones sobre geolog\u00eda y geomorfolog\u00eda de Segovia<\/h2>\n<p>D\u00cdEZ HERRERO , A. (1987): <em>Caracter\u00edsticas y procesos de formaci\u00f3n de los pilancones de La Granja de San ildefonso (Segovia)<\/em>. Comunicaci\u00f3n in\u00e9dita, Segovia, 10 p\u00e1ginas + 5 l\u00e1minas. <a href=\"http:\/\/www.andresdiezherrero.es\/publicaciones\/ponencias_y_varios\/diez_1987_las_calderas.pdf\" target=\"_blank\" rel=\"noopener noreferrer\">PDF<\/a><\/p>\n<p>SANCHEZ, J.; ORTEGA, M. y DIEZ, A. (1988). La Tierra de Pedraza. Ruta interdisciplinar de los Seminarios de CC. Naturales y Geograf\u00eda e Historia. <em>IV Bolet\u00edn del Seminario Permanente de Ciencias Naturales de la Universidad Aut\u00f3noma de Madrid<\/em>, pags. 179-187, Madrid; D.L. M-4240-1989.<\/p>\n<p>ORTEGA, M.; SANCHEZ, J. y DIEZ, A. (1988). Zona de Coca. Ruta interdisciplinar de los Seminarios de CC. Naturales y Geograf\u00eda e Historia . <em>IV Bolet\u00edn del Seminario Permanente de Ciencias Naturales de la Universidad Aut\u00f3noma de Madrid<\/em>, pags. 189-192, Madrid; D.L. M-4240-1989.<\/p>\n<p>DIEZ, A. (1989). Geomorfolog\u00eda de los paisajes cret\u00e1cicos del SW segoviano. <em>I Jornadas sobre el Paisaje<\/em>, pags. 133-134, Segovia 1988; D.L. SG-113-1989. <a href=\"http:\/\/www.andresdiezherrero.es\/publicaciones\/comunicaciones\/diez_1988_i_jornadas_paisaje.pdf\" target=\"_blank\" rel=\"noopener noreferrer\">PDF<\/a><\/p>\n<p>MOLERO,G.; MALDONADO, E.; I\u00d1IGO, C.I.; SANCHEZ, F.L. y DIEZ, A. (1989). El yacimiento del Pleistoceno Superior de la Cueva del Buho (Perogordo, Segovia) y su fauna de vertebrados. <em>V Jornadas de Paleontolog\u00eda<\/em>, Soc. Espa\u00f1ola de Paleontolog\u00eda y Dpto. de Geolog\u00eda de la Univ. de Valencia, Valencia 2-4 Nov. de 1989;&nbsp; D.L. V-2495-1989. <a href=\"http:\/\/www.andresdiezherrero.es\/publicaciones\/comunicaciones\/molero_et_al_1989_buho.pdf\" target=\"_blank\" rel=\"noopener noreferrer\">PDF<\/a><\/p>\n<p>DIEZ, A. y MARTIN, J.F. (1993a). Geolog\u00eda, geomorfolog\u00eda y paleontolog\u00eda. En: ABELLA, J.A. y YOLDI, L. (Coord.). Varios autores (1993). <em>Segovia: ecolog\u00eda y paisaje<\/em>. Gu\u00eda para una comprensi\u00f3n integral de la Ciudad, 416 pp, Ed. MOPT, MEC, MAP y otros, Valladolid; ISBN 84-606-1226-O; D.L. VA.123-1993.<\/p>\n<p>DIEZ, A. y MARTIN, J.F. (1993b). Hidrolog\u00eda e hidrogeolog\u00eda. En: ABELLA, J.A. y YOLDI, L. (Coord.). Varios autores (1993). <em>Segovia: ecolog\u00eda y paisaje<\/em>. Gu\u00eda para una comprensi\u00f3n integral de la Ciudad, 416 pp, Ed. MOPT, MEC, MAP y otros, Valladolid; ISBN 84-606-1226-O; D.L. VA.123-1993.<\/p>\n<p>MART\u00cdN-DUQUE, J.F. y D\u00cdEZ, A. (2001). Estudio de Geomorfolog\u00eda. En: PEDRAZA, J.; MART\u00cdN-DUQUE, J.F.; D\u00cdEZ, A.; BLANCO, E.; COSTA, M.; SANZ, C.; ORTEGA, M. Y V\u00c1ZQUEZ, F. (2001). <em>La Naturaleza de la Sierra de Guadarrama<\/em>. pp 10-25 Caja Segovia, Obra Social y Cultural, Segovia, 79 pp. D.L. SG-5\/2001.<\/p>\n<p>D\u00cdEZ, A. (2002): \u201cEl contexto geol\u00f3gico de la Sierra de Guadarrama\u201d, \u201cEl granito del Guadarrama y sus formas caracter\u00edsticas\u201d y \u201cEl glaciarismo cuaternario en el Guadarrama\u201d. <em>25 A\u00f1os I.E.S. Giner de los R\u00edos. Segovia, Curso 2000-2001<\/em>, p\u00e1gs. 51-53, 75-77 y 87-88. D.L. SG 67\/2002.<\/p>\n<p>D\u00cdEZ, A. (2002). Los minerales de Segovia. <em>Litos<\/em>, 15, 15-19. D.L. SG-99\/91.<\/p>\n<p><a href=\"http:\/\/www.andresdiezherrero.es\/raices_paisaje.html\" target=\"_blank\" rel=\"noopener noreferrer\">D\u00cdEZ, A. Y MART\u00cdN-DUQUE, J.F. (2005). <em>Las ra\u00edces del Paisaje<\/em>. <em>Condicionantes geol\u00f3gicos del territorio de Segovia<\/em>. En: ABELLA MARDONES, J.A. et al. (Coords.), Colecci\u00f3n Hombre y Naturaleza, VII. Ed. Junta de Castilla y Le\u00f3n, 464 p\u00e1gs. ISBN 84-9718-326-6. <\/a><\/p>\n<p>D\u00cdEZ, A. (2006). De Pinillos a Escobar\u2026 hay rocas formadas en el mar. En: HERRERO, G. (2006), <em>Pinillos de Polendos. Retazos de su Historia<\/em>. pp. 10-12,&nbsp; Ed. Asociaci\u00f3n Cultural Los Alamillos, Pinillos de Polendos (Segovia), 77 pp. D.L. SG-88\/2006; ISBN 84-935207-0-5.<\/p>\n<p>D\u00cdEZ HERRERO, A. (2007). El empleo de las rocas y los minerales en la arquitectura rom\u00e1nica de la provincia de Segovia. En: J.A. RUIZ HERNANDO y J.M. RODR\u00cdGUEZ MONTA\u00d1\u00c9S (Coords.), Segovia, volumen I, pp. 203-225. En: M.A. GARC\u00cdA GUINEA Y J.M. P\u00c9REZ GONZ\u00c1LEZ (Dtors.), <em>Enciclopedia del Rom\u00e1nico en Castilla y Le\u00f3n<\/em>, Ed. Fundaci\u00f3n Santa Mar\u00eda La Real &#8211; Centro de Estudios del Rom\u00e1nico, Aguilar de Campoo (Palencia), 3 vol\u00famenes + 1 mapa, 1990 pp. ISBN (volumen I) 978-84-89483-32-3; ISBN (obra completa) 978-84-89483-22-4; D.L. P346-2006. <a href=\"http:\/\/www.andresdiezherrero.es\/publicaciones\/capitulos_de_libros\/diez_herrero_2007_romanico_segovia.pdf\" target=\"_blank\" rel=\"noopener noreferrer\">PDF<\/a><\/p>\n<p>D\u00cdEZ-HERRERO, A. y VEGAS, J. (Coord.)(2010). <em>Un recorrido de 600 millones de a\u00f1os entre Nueva Segovia y La Fuencisla. Geolod\u00eda 10 Segovia<\/em>. Descripci\u00f3n del recorrido y las paradas. Sociedad Geol\u00f3gica de Espa\u00f1a, AEPECT e IGME, Segovia, 16 pp. <img loading=\"lazy\" decoding=\"async\" src=\"http:\/\/www.andresdiezherrero.es\/imagenes\/pdf.gif\" alt=\"\" width=\"16\" height=\"16\"> <a href=\"http:\/\/www.andresdiezherrero.es\/publicaciones\/inedito\/guion_geolodia_segovia_2010.pdf\" target=\"_blank\" rel=\"noopener noreferrer\">PDF<\/a><\/p>\n<p>MART\u00cdN DUQUE, J.F.; D\u00cdEZ-HERRERO, A.; BODOQUE, J.M.; ORTEGA, J.A.; BALLESTEROS, J.A. (2010). Torrentes sobre roca en las sierras de Guadarrama y del Valle, y sus piedemontes. En: J.A. ORTEGA y J.J. DUR\u00c1N (Eds.), <em>Patrimonio geol\u00f3gico: Los r\u00edos en roca de la Pen\u00ednsula Ib\u00e9rica<\/em>. Publicaciones del Instituto Geol\u00f3gico y Minero de Espa\u00f1a, Serie Geolog\u00eda y Geof\u00edsica, n\u00ba 4, pp. 405-436, Madrid, 497 pp. NIPO: 474-09-024-1; ISBN: 84-7840-847-4; D.L. M-40137-2010.<\/p>\n<p>MART\u00cdN MORENO, C.; LUC\u00cdA VELA, A.; VICENTE RODADO, F.; D\u00cdEZ HERRERO, A.; MART\u00cdN DUQUE, J.F. (2010). Los cimientos de la ciudad: patrimonio geol\u00f3gico. En: CONTRERAS JIM\u00c9NEZ, J. (Coord.), <em>Segovia desconocida<\/em>. p\u00e1g. 19, Empresa Municipal de Turismo de Segovia, Segovia, 69 pp.; ISBN: 978-84-614-5644-4; D.L.: SG-153\/2010.<\/p>\n<p>D\u00cdEZ HERRERO, A. (2010). &#8216;Segovia&#8217; antes de Segovia: cr\u00f3nica geol\u00f3gica. En: D\u00cdEZ HERRERO, A.; \u00c1LVAREZ GONZ\u00c1LEZ, I., SOLER VALENCIA, J. et al. (2010), <em>Curso de Historia de Segovia<\/em>, pp. 9-39, Concejal\u00eda de Patrimonio Hist\u00f3rico y Turismo (Ayuntamiento de Segovia), Segovia, 155 pp.; ISBN: 978-84-938461-0-7; D.L.: SG-136\/2010. <a href=\"http:\/\/www.andresdiezherrero.es\/publicaciones\/capitulos_de_libros\/diez_2010_segovia_antes_de_segovia.pdf\">PDF con maquetaci\u00f3n propia<\/a>.<\/p>\n<p>D\u00cdEZ HERRERO, A. (2011). &#8216;Sep\u00falveda&#8217; antes de Sep\u00falveda: cr\u00f3nica geol\u00f3gica. En: GONZ\u00c1LEZ, M., HERRERO, G. Y LINAGE, J.A. (Coord.), <em>Sep\u00falveda en la Historia<\/em>, pp. 37-58, Ayuntamiento de Sep\u00falveda, Segovia, 509 pp.; ISBN: 978-84-606-5293-9; D.L.: SG-32\/2011.<\/p>\n<p>D\u00cdEZ HERRERO, A. y VEGAS SALAMANCA, J. (2011). <em>De roca a roca. Descubre el patrimonio geol\u00f3gico de la ciudad de Segovia<\/em>. Concejal\u00eda de Turismo, Ayuntamiento de Segovia, Segovia, 95 pp. ISBN: 978-84-938461-1-4; DL SG-66\/2011. <a title=\"De roca a roca\" href=\"http:\/\/www.andresdiezherrero.es\/de_roca_a_roca.html\" target=\"_blank\" rel=\"noopener noreferrer\">P\u00e1gina web del libro.<\/a><\/p>\n<p>D\u00cdEZ HERRERO, A. (2011). Aportaciones geol\u00f3gicas a las investigaciones arqueol\u00f3gicas en Coca (Segovia). En: Caba\u00f1ero, V.M., Sobrino, D. y Zamora, A. (Coords.), <em>Historia de Coca. Estudios sobre Historia y Arte en Coca<\/em>. Real Academia de Historia y Arte de San Quirce, Segovia, 37-68. D.L.: SG.193\/2011; ISBN: 978-84-920641-7-5. <img loading=\"lazy\" decoding=\"async\" src=\"http:\/\/www.andresdiezherrero.es\/imagenes\/pdf.gif\" alt=\"\" width=\"16\" height=\"16\"> <a href=\"http:\/\/www.andresdiezherrero.es\/publicaciones\/capitulos_de_libros\/diez_herrero_2011_geoarqueologia_coca.pdf\" target=\"_blank\" rel=\"noopener noreferrer\">PDF<\/a><\/p>\n<p>SACRIST\u00c1N, N.; D\u00cdEZ-HERRERO, A.; GUTI\u00c9RREZ, I.; MART\u00cdN-DUQUE, J.F.; TANARRO, L.M.; VEGAS, J.; CARRERA, A. (2012). <a title=\"La gea en el Camino de San Frutos\" href=\"http:\/\/issuu.com\/eladelantado\/docs\/camino_san_frutos_geologia?mode=window&amp;backgroundColor=%23222222\" target=\"_blank\" rel=\"noopener noreferrer\"><em>La gea. Camino de San Frutos<\/em><\/a>. Suplemento de El Adelantado de Segovia, s\u00e1bado 25 de febrero de 2012, Segovia, 7 pp.<\/p>\n<p>D\u00cdEZ-HERRERO, A. y VEGAS, J. (2012). Un recorrido de 600 millones de a\u00f1os entre Nueva Segovia y La Fuencisla. Geolod\u00eda 10 Segovia. Descripci\u00f3n del recorrido y las paradas. En: CARCAVILLA, L. (Coord.), <em>Geolodia 05-12<\/em>. Sociedad Geol\u00f3gica de Espa\u00f1a, AEPECT e IGME, Madrid, Edici\u00f3n en CD-ROM. D.L. M-21593-2012.<\/p>\n<p>D\u00cdEZ-HERRERO, A. (2012). Jornada de puertas abiertas en Valseca. <em>Litos<\/em>, 16, 8. Asociaci\u00f3n de Aficionados a la Mineralog\u00eda (ASAM) y Asociaci\u00f3n Geolog\u00eda de Segovia, Segovia, diciembre 2012.<\/p>\n<p>D\u00cdEZ-HERRERO, A. (2012). \u00bfHubo dinosaurios en el barrio de San Jos\u00e9?. <em>Litos<\/em>, 16, 18-19. Asociaci\u00f3n de Aficionados a la Mineralog\u00eda (ASAM) y Asociaci\u00f3n Geolog\u00eda de Segovia, Segovia, diciembre 2012.<\/p>\n<p>D\u00cdEZ-HERRERO, A. (2012). Un paseo por la geolog\u00eda de Valsa\u00edn. <em>Litos<\/em>, 16, 20-21. Asociaci\u00f3n de Aficionados a la Mineralog\u00eda (ASAM) y Asociaci\u00f3n Geolog\u00eda de Segovia, Segovia, diciembre 2012.<\/p>\n<p>D\u00cdEZ-HERRERO, A. (2012). Los cimientos del museo de Segovia. <em>Litos<\/em>, 16, 24-25. Asociaci\u00f3n de Aficionados a la Mineralog\u00eda (ASAM) y Asociaci\u00f3n Geolog\u00eda de Segovia, Segovia, diciembre 2012.<\/p>\n<p>D\u00cdEZ-HERRERO, A. (2012). Los Domingos del Patrimonio 2012. <em>Litos<\/em>, 16, 26-27. Asociaci\u00f3n de Aficionados a la Mineralog\u00eda (ASAM) y Asociaci\u00f3n Geolog\u00eda de Segovia, Segovia, diciembre 2012.<\/p>\n<p>D\u00cdEZ-HERRERO, A. (2012). A todo riesgo VI. <em>Litos<\/em>, 16, 28-29. Asociaci\u00f3n de Aficionados a la Mineralog\u00eda (ASAM) y Asociaci\u00f3n Geolog\u00eda de Segovia, Segovia, diciembre 2012.<\/p>\n<p>MART\u00cdN MORENO, C., LUCIA VELA, A., VICENTE RODADO, F. y D\u00cdEZ-HERRERO, A. (2012). Los cimientos de la ciudad de Segovia. <em>Litos<\/em>, 16, 44-46. Asociaci\u00f3n de Aficionados a la Mineralog\u00eda (ASAM) y Asociaci\u00f3n Geolog\u00eda de Segovia, Segovia, diciembre 2012.<\/p>\n<p>SACRIST\u00c1N ARROYO, N., D\u00cdEZ HERRERO, A., GUTI\u00c9RREZ P\u00c9REZ, I., MART\u00cdN DUQUE, J.F., TANARRO GARC\u00cdA, L.M., VEGAS SALAMANCA, J. Y CARRERA, A. (2012). La gea en el Camino de San Frutos. <em>Litos<\/em>, 16, 44-46. Asociaci\u00f3n de Aficionados a la Mineralog\u00eda (ASAM) y Asociaci\u00f3n Geolog\u00eda de Segovia, Segovia, diciembre 2012.<\/p>\n<p>D\u00cdEZ-HERRERO, A. (2013). Etnogeolog\u00eda de la provincia de Segovia. Las piedras y los paisajes y su uso en la cultura tradicional segoviana. <em>Lazos<\/em>, 38, 4-5. Centro de Interpretaci\u00f3n del Folklore y la Cultura Tradicional, San Pedro de Gaillos (Segovia), invierno 2013. D.L. SG-73\/2003.<\/p>\n<p>D\u00cdEZ-HERRERO, A.; VEGAS, J.; GUTI\u00c9RREZ-PEREZ, I. (2013). SEGOVIA: mucho m\u00e1s que acueducto y cochinillo\u2026pura geolog\u00eda. <em>Tierra y Tecnolog\u00eda<\/em>, revista de informaci\u00f3n geol\u00f3gica, segundo semestre de 2012, n\u00ba 42, 63-69.<\/p>\n<p>VEGAS, J. y D\u00cdEZ-HERRERO, A. (2016). Geolog\u00eda en familia: el Club de Ciencias para educaci\u00f3n primaria en los colegios p\u00fablicos de Segovia y su alfoz. <em>XIX Simposio sobre Ense\u00f1anza de la Geolog\u00eda<\/em>. Libro de Actas, 131-141.AEPECT, Manresa, 11 al 16 de julio de 2016. Dep\u00f3sito Legal: B. 16 015-2016.<\/p>\n<p>SACRIST\u00c1N ARROYO, N., D\u00cdEZ-HERRERO, A. y CARRERA ANAYA, A. (2016). <em>Gu\u00eda de Piedras de la Sierra de Guadarrama<\/em>. Ediciones La Librer\u00eda, Madrid, 128 pp. ISBN: 978-84-9873323-5; D.L.: M -12463-2016.<\/p>\n<p>GONZ\u00c1LEZ-MEN\u00c9NDEZ, L., GALLASTEGUI, G., CUESTA, A., RUBIO-PASCUAL, F.J., RODR\u00cdGUEZ-FERN\u00c1NDEZ, L.R., MEN\u00c9NDEZ, S., D\u00cdEZ-HERRERO, A., L\u00d3PEZ-OLMEDO, F., SALAZAR, A., VEGAS, J. (2017). Los M\u00e1rmoles con Olivino del Collado de La Flecha, Sierra de Guadarrama (Madrid-Segovia). <em>Macla (Revista de la Sociedad Espa\u00f1ola de Mineralog\u00eda)<\/em>, n\u00ba 22 (julio \u201917), 69-70. XXXVI Reuni\u00f3n Cient\u00edfica de la Sociedad Espa\u00f1ola e Mineralog\u00eda, Oviedo, del 4 al 7 de Julio de 2017. ISSN: 1885-7264; D.L.: M-38920-2004.<\/p>\n<p>D\u00cdEZ-HERRERO, A. (2017). Las ra\u00edces del Acueducto: Segovia antes y bajo \u2018el ciempi\u00e9s\u2019. En: <em>Actas I Jornadas Acueducto de Segovia. Una ciudad por y para un monumento<\/em>, pp. 27-52, Segovia, 3-9 octubre de 2016. Edita: Ayuntamiento de Segovia-Turismo de Segovia, Segovia, 203 pp.; D.L.: SG-315-2017.<\/p>\n<p>D\u00cdEZ-HERRERO, A.; DEL BARRIO \u00c1LVAREZ, J.A.; HERRANZ SOL\u00cdS, F. (2017). De la interpretaci\u00f3n geol\u00f3gica del paisaje a su expresi\u00f3n art\u00edstica: el Curso de pintores pensionados de Segovia. <em>Ense\u00f1anza de las Ciencias de la Tierra<\/em>, 25.2, 159-167. ISSN (edici\u00f3n impresa): 1132-9157 &#8211; (edici\u00f3n electr\u00f3nica): 2385-3484. <a href=\"http:\/\/andresdiezherrero.es\/web\/wp-content\/uploads\/2010\/09\/Download.jpg\" rel=\"attachment wp-att-597\"><img loading=\"lazy\" decoding=\"async\" class=\"wp-image-597 alignnone\" src=\"http:\/\/andresdiezherrero.es\/web\/wp-content\/uploads\/2010\/09\/Download-300x62.jpg\" alt=\"Download\" width=\"77\" height=\"16\" srcset=\"https:\/\/andresdiezherrero.es\/web\/wp-content\/uploads\/2010\/09\/Download-300x62.jpg 300w, https:\/\/andresdiezherrero.es\/web\/wp-content\/uploads\/2010\/09\/Download.jpg 493w\" sizes=\"(max-width: 77px) 100vw, 77px\" \/><\/a><a href=\"http:\/\/andresdiezherrero.es\/web\/wp-content\/uploads\/2010\/09\/Diez-Herrero-et-al-2017-interpretacion-geologica-Curso-de-Pintores-ECT.pdf\" rel=\"\">PDF<\/a><\/p>\n<p>D\u00cdEZ HERRERO, A. (2019). <a href=\"http:\/\/www.geologiadesegovia.info\/la-gea-y-la-historia-de-segovia\/\" data-wplink-edit=\"true\">La Gea y la Historia de Segovia<\/a>. En: Mart\u00ednez Caballero, S. (Coord.), <em>Historia de Segovia y su provincia<\/em>, Vol. 1, La Gea. La Prehistoria. La Protohistoria, cap. 1, pp. 18-154, Diputaci\u00f3n de Segovia, Segovia, 604 pp. ISBN: 978-84-17191-24-5 (O.C.); 978-84-17191-15-3 (V.1); DL SG-349-2019.<\/p>\n<p>D\u00cdEZ HERRERO, A. y RODR\u00cdGUEZ RIVERO, J. (2020). <em><a href=\"http:\/\/www.geologiadesegovia.info\/segovia-antes-de-segovia-4\/\" target=\"_blank\" rel=\"noopener noreferrer\">Segovia antes de Segovia. Cr\u00f3nica geol\u00f3gica de cuando todo esto era campo<\/a><\/em>. Ediciones Derviche, Segovia, 28 pp. ISBN: 978-84-122493-0-9; D.L. SG 124-2020.<\/p>\n\n\n<p>D\u00cdEZ HERRERO, A. y VEGAS, J. (2020). Paisajes de meseta. Actividades y recursos para la did\u00e1ctica geol\u00f3gica de los paisajes de Segovia. <em>Alambique. Did\u00e1ctica de las Ciencias Experimentales<\/em>, 102, 23-29, octubre 2020. ISSN edici\u00f3n impresa: 1133-9837; ISSN edici\u00f3n en l\u00ednea (Internet): 2014-4733; D.L.: B 13372\/1994. Editorial Gra\u00f3, Barcelona.<\/p>\n\n\n\n<p>D\u00cdEZ HERRERO, A., MART\u00cdN MORENO, C., SACRIST\u00c1N ARROYO, N., VICENTE RODADO, F. \u00a0(2020). <em>A todo riesgo XIV. Convivir con los desastres geol\u00f3gicos cotidianos<\/em>. Guion de la excursi\u00f3n cient\u00edfico-divulgativa para la educaci\u00f3n en riesgos\u00a0 geol\u00f3gicos celebrada en el marco de la Semana de la Ciencia de Castilla y Le\u00f3n 2020. IGME y Segovia Educa en Verde, Madrid-Segovia, 76 pp.<\/p>\n\n\n\n<p>RODR\u00cdGUEZ FERN\u00c1NDEZ, R. (Ed., Coord.); L\u00d3PEZ OLMEDO, F., GONZ\u00c1LEZ MEN\u00c9NDEZ, L., RODR\u00cdGUEZ FERN\u00c1NDEZ, R.; SALAZAR RINC\u00d3N, A., D\u00cdEZ HERRERO, A., RUBIO PASCUAL, F., LUENGO, J., R\u00c1BANO, I. (2020). <em><a href=\"http:\/\/www.geologiadesegovia.info\/guia-geologica-del-parque-nacional-de-la-sierra-de-guadarrama\/\" target=\"_blank\" rel=\"noreferrer noopener\">Parque Nacional de la Sierra de Guadarrama Gu\u00eda geol\u00f3gica<\/a><\/em>. Colecci\u00f3n: Gu\u00edas Geol\u00f3gicas de Parques Nacionales, 14. Instituto Geol\u00f3gico y Minero de Espa\u00f1a (IGME) y Organismo Aut\u00f3nomo de Parques Nacionales (OAPN), Primera edici\u00f3n, Madrid, 276 pp + 2 mapas. NIPO IGME versi\u00f3n impresa: 836-20-024-2; NIPO IGME versi\u00f3n web: 836-20-027-9; NIPO OAPN versi\u00f3n impresa: 678-20-007-4; NIPO OAPN versi\u00f3n web: 678-84-9138-102-0; ISBN: 978-84-9138-102-0; Dep\u00f3sito Legal: M-27019-2020.<\/p>\n","protected":false},"excerpt":{"rendered":"<p>Para descargar las publicaciones que carecen de derechos de distribuci\u00f3n, dirigirse al perfil en la red social de investigadores ResearchGate: https:\/\/www.researchgate.net\/profile\/Andres_Diez-Herrero Publicaciones sobre geolog\u00eda y geomorfolog\u00eda de Segovia D\u00cdEZ HERRERO , A. (1987): Caracter\u00edsticas y procesos de formaci\u00f3n de los pilancones de La Granja de San ildefonso (Segovia). Comunicaci\u00f3n in\u00e9dita, Segovia, 10 p\u00e1ginas + 5&hellip; <a class=\"more-link\" href=\"https:\/\/andresdiezherrero.es\/web\/segovia\/estudios-geologicos\">Seguir leyendo <span class=\"screen-reader-text\">Estudios geol\u00f3gicos de Segovia<\/span><\/a><\/p>\n","protected":false},"author":4,"featured_media":0,"parent":82,"menu_order":0,"comment_status":"closed","ping_status":"closed","template":"no-sidebars.php","meta":{"footnotes":""},"class_list":["post-85","page","type-page","status-publish","hentry","entry"],"_links":{"self":[{"href":"https:\/\/andresdiezherrero.es\/web\/wp-json\/wp\/v2\/pages\/85"}],"collection":[{"href":"https:\/\/andresdiezherrero.es\/web\/wp-json\/wp\/v2\/pages"}],"about":[{"href":"https:\/\/andresdiezherrero.es\/web\/wp-json\/wp\/v2\/types\/page"}],"author":[{"embeddable":true,"href":"https:\/\/andresdiezherrero.es\/web\/wp-json\/wp\/v2\/users\/4"}],"replies":[{"embeddable":true,"href":"https:\/\/andresdiezherrero.es\/web\/wp-json\/wp\/v2\/comments?post=85"}],"version-history":[{"count":10,"href":"https:\/\/andresdiezherrero.es\/web\/wp-json\/wp\/v2\/pages\/85\/revisions"}],"predecessor-version":[{"id":698,"href":"https:\/\/andresdiezherrero.es\/web\/wp-json\/wp\/v2\/pages\/85\/revisions\/698"}],"up":[{"embeddable":true,"href":"https:\/\/andresdiezherrero.es\/web\/wp-json\/wp\/v2\/pages\/82"}],"wp:attachment":[{"href":"https:\/\/andresdiezherrero.es\/web\/wp-json\/wp\/v2\/media?parent=85"}],"curies":[{"name":"wp","href":"https:\/\/api.w.org\/{rel}","templated":true}]}}