{"id":87,"date":"2010-09-26T10:57:05","date_gmt":"2010-09-26T08:57:05","guid":{"rendered":"http:\/\/andresdiezherrero.es\/web\/?page_id=87"},"modified":"2020-08-15T13:30:18","modified_gmt":"2020-08-15T09:30:18","slug":"hoces-del-duraton","status":"publish","type":"page","link":"https:\/\/andresdiezherrero.es\/web\/segovia\/hoces-del-duraton","title":{"rendered":"Hoces del Durat\u00f3n"},"content":{"rendered":"<p>Para descargar las publicaciones que carecen de derechos de distribuci\u00f3n, dirigirse al perfil en la red social de investigadores ResearchGate: <a href=\"https:\/\/www.researchgate.net\/profile\/Andres_Diez-Herrero\" target=\"_blank\">https:\/\/www.researchgate.net\/profile\/Andres_Diez-Herrero<\/a><\/p>\n<p>&nbsp;<\/p>\n<p>DIEZ, A. (1986). Comparaci\u00f3n Geogen\u00e9tica y Geoestructural de los Ca\u00f1ones del Colorado (USA) y el Ca\u00f1\u00f3n del Durat\u00f3n (Segovia). <em>IV Congreso de Jovenes Investigadores de la Naturaleza<\/em>, Burgos. <a href=\"http:\/\/www.andresdiezherrero.es\/publicaciones\/comunicaciones\/diez_1986_burgos.pdf\" target=\"_blank\">PDF<\/a><\/p>\n<p>D\u00cdEZ, A.; PEDRAZA, J. de; S\u00c1NCHEZ, J. (1996). <em>Fisiograf\u00eda y paisaje de las Hoces del r\u00edo Durat\u00f3n<\/em>. Real Sociedad Espa\u00f1ola de Historia Natural, XII Bienal. 54 pp. + 1 mapa, Madrid. ISBN 84-920828-5-2; D.L. M-8527\/1996.<\/p>\n<p>CALONGE, G. y D\u00cdEZ, A. (2002): \u201cP\u00e1ramos, valles y arenales al sur del Duero y Hoces del Durat\u00f3n (Valladolid-Segovia)\u201d. En: E. Serrano, J.A. Blanco, G. Calonge, A. D\u00edez, A. Guti\u00e9rrez, E. Molina, C. Pol, A. S\u00e1nchez del Corral, <em>Geomorfolog\u00eda y Paisaje. Gu\u00eda de excursiones. VII Reuni\u00f3n Nacional de Geomorfolog\u00eda<\/em>, p\u00e1gs. 13-55. SEG-Dpto. de Geograf\u00eda (UVA), Valladolid.\u00a0 ISBN 607-5466-9. D.L. VA-792-2002.<a href=\"http:\/\/www.andresdiezherrero.es\/publicaciones\/capitulos_de_libros\/calonge_y_diez_2002_excursion_pinares_duraton.pdf\" target=\"_blank\"> PDF<\/a><\/p>\n<p>D\u00cdEZ, A. (2005). <em>As\u00ed se formaron las Hoces del r\u00edo Durat\u00f3n<\/em>. Itinerario divulgativo sobre la geolog\u00eda y geomorfolog\u00eda del parque natural de las Hoces del r\u00edo Durat\u00f3n. V Semana de la Ciencia de Madrid, 16 de noviembre de 2005. IGME, Madrid, 28 p\u00e1ginas. <a href=\"http:\/\/www.andresdiezherrero.es\/publicaciones\/inedito\/diez_2005_asi_se_formaron_las_hoces_del_duraton.pdf\" target=\"_blank\">PDF<\/a><\/p>\n<p>TANARRO, L.M.; D\u00cdEZ-HERRERO, A. y LLORENTE, M. (2008). Origen y significado evolutivo de los torrentes afluentes colgados del ca\u00f1\u00f3n del Durat\u00f3n (Segovia). En: BENAVENTE, J. y GRACIA, F.J. (Eds.), <em>Trabajos de Geomorfolog\u00eda en Espa\u00f1a, 2006-2008<\/em>, X Reuni\u00f3n Nacional de Geomorfolog\u00eda, SEG y Universidad de C\u00e1diz, C\u00e1diz, 223-226. ISBN: 84-473-6226-4; D.L.: CA-559-2008. <a href=\"http:\/\/www.andresdiezherrero.es\/publicaciones\/capitulos_de_libros\/tanarro_et_al_2008_duraton.pdf\" target=\"_blank\">PDF<\/a><\/p>\n<p>TANARRO, L.M.; D\u00cdEZ-HERRERO, A.; MART\u00cdN DUQUE, J.F. (2010). Ca\u00f1ones y hoces del borde norte de las sierras de Guadarrama, Somosierra y Ayll\u00f3n. En: J.A. ORTEGA y J.J. DUR\u00c1N (Eds.), <em>Patrimonio geol\u00f3gico: Los r\u00edos en roca de la Pen\u00ednsula Ib\u00e9rica<\/em>. Publicaciones del Instituto Geol\u00f3gico y Minero de Espa\u00f1a, Serie Geolog\u00eda y Geof\u00edsica, n\u00ba 4, pp. 437-472, Madrid, 497 pp. NIPO: 474-09-024-1; ISBN: 84-7840-847-4; D.L. M-40137-2010.<\/p>\n<p>TANARRO GARC\u00cdA, L.M. y D\u00cdEZ\u2010HERRERO, A. (2018). Diferencias solana\u2010umbr\u00eda en la temperatura en los escarpes del ca\u00f1\u00f3n del r\u00edo Durat\u00f3n (Segovia) y su incidencia en los procesos geomorfol\u00f3gicos activos. En: GARCIA, C., G\u00d3MEZ\u2010PUJOL, L., MOR\u00c1N\u2010TEJEDA, E. Y BATALLA, R.J. (Eds.), <em>Geomorfolog\u00eda del Antropoceno. Efectos del Cambio Global sobre los procesos geomorfol\u00f3gicos<\/em>: 143-146. Universitat de les Illes Balears, Sociedad Espa\u00f1ola de Geomorfolog\u00eda, Palma. 402 pp. ISBN: 978\u201084\u201009\u201004850\u20102.<\/p>\n","protected":false},"excerpt":{"rendered":"<p>Para descargar las publicaciones que carecen de derechos de distribuci\u00f3n, dirigirse al perfil en la red social de investigadores ResearchGate: https:\/\/www.researchgate.net\/profile\/Andres_Diez-Herrero &nbsp; DIEZ, A. (1986). Comparaci\u00f3n Geogen\u00e9tica y Geoestructural de los Ca\u00f1ones del Colorado (USA) y el Ca\u00f1\u00f3n del Durat\u00f3n (Segovia). IV Congreso de Jovenes Investigadores de la Naturaleza, Burgos. PDF D\u00cdEZ, A.; PEDRAZA, J.&hellip; <a class=\"more-link\" href=\"https:\/\/andresdiezherrero.es\/web\/segovia\/hoces-del-duraton\">Seguir leyendo <span class=\"screen-reader-text\">Hoces del Durat\u00f3n<\/span><\/a><\/p>\n","protected":false},"author":4,"featured_media":0,"parent":82,"menu_order":17,"comment_status":"closed","ping_status":"closed","template":"no-sidebars.php","meta":{"footnotes":""},"class_list":["post-87","page","type-page","status-publish","hentry","entry"],"_links":{"self":[{"href":"https:\/\/andresdiezherrero.es\/web\/wp-json\/wp\/v2\/pages\/87"}],"collection":[{"href":"https:\/\/andresdiezherrero.es\/web\/wp-json\/wp\/v2\/pages"}],"about":[{"href":"https:\/\/andresdiezherrero.es\/web\/wp-json\/wp\/v2\/types\/page"}],"author":[{"embeddable":true,"href":"https:\/\/andresdiezherrero.es\/web\/wp-json\/wp\/v2\/users\/4"}],"replies":[{"embeddable":true,"href":"https:\/\/andresdiezherrero.es\/web\/wp-json\/wp\/v2\/comments?post=87"}],"version-history":[{"count":2,"href":"https:\/\/andresdiezherrero.es\/web\/wp-json\/wp\/v2\/pages\/87\/revisions"}],"predecessor-version":[{"id":660,"href":"https:\/\/andresdiezherrero.es\/web\/wp-json\/wp\/v2\/pages\/87\/revisions\/660"}],"up":[{"embeddable":true,"href":"https:\/\/andresdiezherrero.es\/web\/wp-json\/wp\/v2\/pages\/82"}],"wp:attachment":[{"href":"https:\/\/andresdiezherrero.es\/web\/wp-json\/wp\/v2\/media?parent=87"}],"curies":[{"name":"wp","href":"https:\/\/api.w.org\/{rel}","templated":true}]}}