{"id":90,"date":"2010-09-26T10:58:12","date_gmt":"2010-09-26T08:58:12","guid":{"rendered":"http:\/\/andresdiezherrero.es\/web\/?page_id=90"},"modified":"2018-01-01T14:38:06","modified_gmt":"2018-01-01T10:38:06","slug":"tierra-de-pinares","status":"publish","type":"page","link":"https:\/\/andresdiezherrero.es\/web\/segovia\/tierra-de-pinares","title":{"rendered":"Tierra de Pinares"},"content":{"rendered":"<p>Para descargar las publicaciones que carecen de derechos de distribuci\u00f3n, dirigirse al perfil en la red social de investigadores ResearchGate: <a href=\"https:\/\/www.researchgate.net\/profile\/Andres_Diez-Herrero\" target=\"_blank\">https:\/\/www.researchgate.net\/profile\/Andres_Diez-Herrero<\/a><\/p>\n<p>&nbsp;<\/p>\n<p>D\u00cdEZ, A. y BATEMAN, M.D. (1998).Interpretaci\u00f3n paleoambiental y dataci\u00f3n mediante luminiscencia del manto arenoso de la Tierra de Pinares oriental (Segovia). <em>Geogaceta<\/em>, 24, 107-110. ISSN 0213-683X; D.L. M-30884\/95. <a href=\"http:\/\/www.andresdiezherrero.es\/publicaciones\/articulos_en_revistas\/diez_y_bateman_1998_tierra_de_pinares.pdf\" target=\"_blank\">PDF<\/a><\/p>\n<p>BATEMAN, M.D. y D\u00cdEZ, A. (1999). Thermoluminescence dates and palaeoenvironmental information of the late Quaternary sand deposits, Tierra de Pinares, Central Spain. <em>Catena<\/em>, 34, 277-291; ISSN 0341-8162\/99\/$19.00, Elsevier Science B.V.<\/p>\n<p>BATEMAN, M.D. y D\u00cdEZ, A. (2001). The timing and relation of aeolian sand deposition in central Spain to the aeolian sand record of NW Europe. <em>Quaternary Science Reviews<\/em>, 20, 779-782; ISSN 0277-3791\/01\/$, Elsevier Science.<\/p>\n<p>D\u00cdEZ, A.; BATEMAN, M.D.; L\u00d3PEZ, J.A. y VEGAS, J. (2002): Procesos e\u00f3licos tardiglaciares en la submeseta septentrional: cronolog\u00eda del manto arenoso de la Tierra de Pinares<a href=\"http:\/\/geologiadesegovia.googlepages.com\/Dezetal2002Procesoselicos.pdf\">.<\/a> En: A. P\u00e9rez-Gonz\u00e1lez, J. Vegas &amp; M.J. Machado (eds.), <em>Aportaciones a la Geomorfolog\u00eda de Espa\u00f1a en el inicio del Tercer Milenio<\/em>, 167-175, Madrid. <a href=\"http:\/\/www.andresdiezherrero.es\/publicaciones\/capitulos_de_libros\/diez_et_al_2002_tierra_de_pinares.pdf\" target=\"_blank\">PDF<\/a><\/p>\n","protected":false},"excerpt":{"rendered":"<p>Para descargar las publicaciones que carecen de derechos de distribuci\u00f3n, dirigirse al perfil en la red social de investigadores ResearchGate: https:\/\/www.researchgate.net\/profile\/Andres_Diez-Herrero &nbsp; D\u00cdEZ, A. y BATEMAN, M.D. (1998).Interpretaci\u00f3n paleoambiental y dataci\u00f3n mediante luminiscencia del manto arenoso de la Tierra de Pinares oriental (Segovia). Geogaceta, 24, 107-110. ISSN 0213-683X; D.L. M-30884\/95. PDF BATEMAN, M.D. y D\u00cdEZ,&hellip; <a class=\"more-link\" href=\"https:\/\/andresdiezherrero.es\/web\/segovia\/tierra-de-pinares\">Seguir leyendo <span class=\"screen-reader-text\">Tierra de Pinares<\/span><\/a><\/p>\n","protected":false},"author":4,"featured_media":0,"parent":82,"menu_order":18,"comment_status":"closed","ping_status":"closed","template":"no-sidebars.php","meta":{"footnotes":""},"class_list":["post-90","page","type-page","status-publish","hentry","entry"],"_links":{"self":[{"href":"https:\/\/andresdiezherrero.es\/web\/wp-json\/wp\/v2\/pages\/90"}],"collection":[{"href":"https:\/\/andresdiezherrero.es\/web\/wp-json\/wp\/v2\/pages"}],"about":[{"href":"https:\/\/andresdiezherrero.es\/web\/wp-json\/wp\/v2\/types\/page"}],"author":[{"embeddable":true,"href":"https:\/\/andresdiezherrero.es\/web\/wp-json\/wp\/v2\/users\/4"}],"replies":[{"embeddable":true,"href":"https:\/\/andresdiezherrero.es\/web\/wp-json\/wp\/v2\/comments?post=90"}],"version-history":[{"count":1,"href":"https:\/\/andresdiezherrero.es\/web\/wp-json\/wp\/v2\/pages\/90\/revisions"}],"predecessor-version":[{"id":638,"href":"https:\/\/andresdiezherrero.es\/web\/wp-json\/wp\/v2\/pages\/90\/revisions\/638"}],"up":[{"embeddable":true,"href":"https:\/\/andresdiezherrero.es\/web\/wp-json\/wp\/v2\/pages\/82"}],"wp:attachment":[{"href":"https:\/\/andresdiezherrero.es\/web\/wp-json\/wp\/v2\/media?parent=90"}],"curies":[{"name":"wp","href":"https:\/\/api.w.org\/{rel}","templated":true}]}}