{"id":93,"date":"2010-09-26T10:59:34","date_gmt":"2010-09-26T08:59:34","guid":{"rendered":"http:\/\/andresdiezherrero.es\/web\/?page_id=93"},"modified":"2018-01-01T14:38:35","modified_gmt":"2018-01-01T10:38:35","slug":"medioambiente","status":"publish","type":"page","link":"https:\/\/andresdiezherrero.es\/web\/segovia\/medioambiente","title":{"rendered":"Aspectos medioambientales"},"content":{"rendered":"<p>Para descargar las publicaciones que carecen de derechos de distribuci\u00f3n, dirigirse al perfil en la red social de investigadores ResearchGate: <a href=\"https:\/\/www.researchgate.net\/profile\/Andres_Diez-Herrero\" target=\"_blank\">https:\/\/www.researchgate.net\/profile\/Andres_Diez-Herrero<\/a><\/p>\n<p>&nbsp;<\/p>\n<p>CARABIAS, M.; DELGADO, P.J.; DIEZ, A. et al. (1990). Recuperar Tejadilla. <em>Premios del I Concurso sobre el Medio Ambiente<\/em>, pags. 65-106, Segovia; D.L. SG-117-1990; ISBN 84-505-9765-X. <a href=\"http:\/\/andresdiezherrero.es\/web\/segovia\/wp-content\/uploads\/2010\/09\/pdf.gif\"><img loading=\"lazy\" decoding=\"async\" title=\"pdf\" src=\"http:\/\/andresdiezherrero.es\/web\/segovia\/wp-content\/uploads\/2010\/09\/pdf.gif\" alt=\"\" width=\"16\" height=\"16\" \/><\/a> <a href=\"http:\/\/www.andresdiezherrero.es\/publicaciones\/capitulos_de_libros\/carabias_et_al_1990_recuperar_tejadilla.pdf\" target=\"_blank\">PDF<\/a><\/p>\n<p>DIEZ, A. (1990). Desertizaci\u00f3n, paisaje y pol\u00edtica de la CEE. <em>II Jornadas sobre el Paisaje<\/em>, pags. 226-236, Segovia 1989; D.L. SG-113-1990.<\/p>\n<p>MARTIN, J.F. , DIEZ, A. et al. (1991). Implicaciones din\u00e1micas, ecol\u00f3gicas y culturales del agua en la provincia de Segovia. <em>Premios del II Concurso sobre el Medio Ambiente<\/em>, pags. 13-73, Segovia; D.L. SG-106-1991; ISBN 84-606-0409-8.<\/p>\n<p>DIEZ, A. (1991). Planteamiento, delimitaci\u00f3n y gesti\u00f3n de espacios naturales: el caso del Parque Natural de las Hoces del r\u00edo Durat\u00f3n. <em>III Jornadas sobre el Paisaje<\/em>, Segovia 1990; D.L. SG-105\/91; ISBN 84-604-0725-X<\/p>\n<p>EXCMO. AYUNTAMIENTO DE SEGOVIA y CAJA SEGOVIA (Ed.). Varios autores (1992). <em>Ecosistemas segovianos<\/em>, Colecci\u00f3n HOMBRE Y NATURALEZA, 101 pp., Segovia; D.L. SG-28\/1992. DIEZ, A. et al. (Coords.) (1992). <em>IV Jornadas sobre el Paisaje<\/em>, Segovia 1991, 379 pp.; D.L. SG-104\/92; ISBN 84-604-4159-8.<\/p>\n<p>APARICIO, A. et al. (1993). <em>Segovia: ecolog\u00eda y paisaje: propuesta de actividades did\u00e1cticas para el profesor<\/em>. 79 pp., Valladolid; D.L. VA-167-1993.<\/p>\n<p>G\u00d3MEZ-LLERA, E.; COSTA, M.;MORENO, M.;ALLU\u00c9, M. (1995). <em>Paisajes vegetales de Segovia. \u00c1rboles, arbustos y matas de la provincia<\/em>. En: ABELLA MARDONES, J.A.; DIEZ HERRERO, A. et al. (Coords.), Colecci\u00f3n Hombre y Naturaleza, II. Ed. Ayuntamiento de Segovia, Caja de Ahorros de Segovia, Diputaci\u00f3n Provincial de Segovia, Fundaci\u00f3n Nicomedes Garc\u00eda y Junta de Castilla y Le\u00f3n, 271 pp. Segovia. D.L. VA-153\/95; ISBN 84-606-2246-0.<\/p>\n<p>BLANCO CASTRO, E. (1998). <em>Diccionario de Etnobot\u00e1nica Segoviana. Pervivencia del conocimiento sobre las plantas<\/em>. En: ABELLA MARDONES, J.A.; D\u00cdEZ HERRERO, A. et al. (Coords.), Colecci\u00f3n Hombre y Naturaleza, III. Ed. Ayuntamiento de Segovia, Caja de Ahorros de Segovia, Diputaci\u00f3n Provincial de Segovia y Junta de Castilla y Le\u00f3n, 199 pp. Segovia. D.L. SG 37\/98; ISBN 84-923415-2-1.<\/p>\n<p>ORIA MART\u00cdN, J. y S\u00c1NCHEZ AGUADO, F. (1999). <em>Paseo por la fauna de Segovia<\/em>. En: ABELLA MARDONES, J.A.; D\u00cdEZ HERRERO, A. et al. (Coords.), Colecci\u00f3n Hombre y Naturaleza, IV. Ed. Ayuntamiento de Segovia, Caja de Ahorros de Segovia, Diputaci\u00f3n Provincial de Segovia, Junta de Castilla y Le\u00f3n, y CENEAM, 248 pp. Segovia. D.L. SG 172\/99; ISBN 84-923415-6-4.<\/p>\n<p>SINTES, M. (2000). La ciudad: una revoluci\u00f3n posible. En: ABELLA MARDONES, J.A.; D\u00cdEZ HERRERO, A. et al. (Coords.), Colecci\u00f3n Hombre y Naturaleza, V. Ed. Junta de Castilla y Le\u00f3n, 202 p\u00e1gs., Segovia. D.L. SG 152\/2000; ISBN 84-7846-967-2.<\/p>\n<p>MART\u00cdN-DUQUE, J.F.; PEDRAZA, J.; SANZ, M.A.; D\u00cdEZ, A.; CARRASCO, R.M.; GARC\u00cdA QUINTANA, A. (2001). Outstanding geological landscapes of the Gredos and Guadarrama Mountains: examples of classification, aesthetic appreciation and planning. In: ALPUENTE, J.; BUSTAMANTE, I.; GARC\u00cdA, O.; L\u00d3PEZ, P.L.; MARCOS, A.; PEDRO, J. y SANZ, J. (Eds.), <em>Proceedings of the 3rd International Conference \u201cScience and Technology for the safeguard of Cultural Heritage in the Mediterranean Basin\u201d<\/em>, 6 p\u00e1gs., Consiglio Nazionale delle Ricerche (Italy) and Universidad de Alcal\u00e1 (Spain). Servicio de Publicaciones de la Universidad de Alcal\u00e1. I.S.B.N.: 84-8138-453-4. <a href=\"http:\/\/www.andresdiezherrero.es\/publicaciones\/comunicaciones\/martin_et_al_2001_cultural_heritage.pdf\">PDF<\/a><\/p>\n<p>SANTOS Y GANGES, L.; MART\u00cdN-DUQUE, J.F.; DE LAS RIVAS SANZ, J. L.; D\u00cdEZ HERRERO, A. (2001). Orientaci\u00f3n fisiogr\u00e1fica en la formulaci\u00f3n de las Directrices de Ordenaci\u00f3n Territorial de Segovia y su Entorno. <em>III Congreso Internacional de Ordenaci\u00f3n del Territorio<\/em>. Pol\u00edtica Regional, Urbanismo y Medio Ambiente. P\u00e1gs. 1068-1070. FUNDICOT (Asociaci\u00f3n Interprofesional de Ordenaci\u00f3n del Territorio). Gij\u00f3n (Asturias). ISBN 84-20803-6-1. D.L.: M-28.964-2002. Edici\u00f3n digital en soporte CD-ROM. <a href=\"http:\/\/www.andresdiezherrero.es\/publicaciones\/comunicaciones\/santos_et_al_2001_fundicot.pdf\" target=\"_blank\">PDF<\/a><\/p>\n<p>MART\u00cdN-DUQUE, J.F.; GODFREY, A.; D\u00cdEZ, A.; CLEAVES, E.; PEDRAZA, J.; SANZ, M.A.; CARRASCO, R.M.; BODOQUE, J. (2002). Examples of landscape indicators for assessing environmental conditions and problems in urban and suburban areas. In: C.A. BREBBIA; J.F. MART\u00cdN-DUQUE &amp; L.C. WADHWA (Eds.), <em>The Sustainable City II. Urban Regeneration and Sustainability<\/em>. Advances in Architecture, vol 14, p\u00e1gs. 467-476. WIT Press, Southampton, Boston. ISBN 1-85312-917-8; ISSN 1368-1435. <a href=\"http:\/\/www.andresdiezherrero.es\/publicaciones\/capitulos_de_libros\/martin_duque_et_al_2002_sustainable.pdf\" target=\"_blank\">PDF<\/a><\/p>\n<p>G\u00d3MEZ MUNICIO, J.A. (2002). <em>El universo en el jard\u00edn. Paisaje y arte en la obra de Leandro Silva<\/em>. En: ABELLA MARDONES, J.A.; D\u00cdEZ HERRERO, A. et al. (Coords.), Colecci\u00f3n Hombre y Naturaleza, VI. Ed. Junta de Castilla y Le\u00f3n, 279 p\u00e1gs., Segovia. D.L. SG 57\/2002; ISBN 84-9718-101-8.<\/p>\n<p>MART\u00cdN-DUQUE, J.F.; PEDRAZA, J.; SANZ, M.A.; BODOQUE, J.M.; GODFREY A.E.; D\u00cdEZ, A; CARRASCO, R.M.; (2003). Landform Classification for Land Use Planning in Developed Areas: An Example in Segovia Province (Central Spain). <em>Enviromental Management<\/em>, 32(4), 488-498. Springer-Verlag, New York Inc. DOI\u00a0: 10.1007\/s00267-003-2848-2. PDF<\/p>\n<p>DE LAS RIVAS, J.L. (Dtor.) (2006). <em>DOTSE. Directrices de Ordenaci\u00f3n de \u00c1mbito Subregional de Segovia y Entorno<\/em>. Consejer\u00eda de Fomento, Junta de Castilla y Le\u00f3n, Salamanca, 91 pp + Planos de Ordenaci\u00f3n formato DIN A-3. D.L. S 174-2006; ISBN: 84-9718-352-5.<\/p>\n<p>SANTOS, L; MART\u00cdN, J.F.; D\u00cdEZ, A. (2006). Aspectos geomorfol\u00f3gicos en las Directrices de Ordenaci\u00f3n Territorial de Segovia y Entorno (DOTSE). En: P\u00c9REZ ALBERTI, A. y L\u00d3PEZ BEDOYA, J. (Eds.), <em>Geomorfolog\u00eda y territorio. Actas de la IX Reuni\u00f3n Nacional de Geomorfolog\u00eda<\/em>, Santiago de Compostela, 13-15 de septiembre de 2006. Cursos y Congresos, 171, pp 945-961, Universidade de Santiago de Compostela, Santiago de Compostela, 1037 pp. D.L. C-1980\/2006; ISBN 978-84-9750-641-0. <a href=\"http:\/\/www.andresdiezherrero.es\/publicaciones\/capitulos_de_libros\/santos_et_al_2006.pdf\" target=\"_blank\">PDF<\/a><\/p>\n<p>SANZ BENITO, M.J. (Coord.). D\u00cdEZ HERRERO, A.; FAG\u00daNDEZ D\u00cdAZ, J.; G\u00d3MEZ SANZ, D.; SANZ BENITO, M.J.; TEJEDO SANZ, P. y VICENTE RODADO, F. (2008). <em>En Ruta por el Entorno Natural de la Sierra de Guadarrama<\/em>. Excursi\u00f3n cient\u00edfico-did\u00e1ctica. Semana de la Ciencia de Castilla y Le\u00f3n. IE Universidad \/ Editorial IE, Segovia, 23 pp. D.L. SG-172\/2008; ISBN-13: 978-84-691-8098-3; N\u00ba registro: 08\/109651.<\/p>\n","protected":false},"excerpt":{"rendered":"<p>Para descargar las publicaciones que carecen de derechos de distribuci\u00f3n, dirigirse al perfil en la red social de investigadores ResearchGate: https:\/\/www.researchgate.net\/profile\/Andres_Diez-Herrero &nbsp; CARABIAS, M.; DELGADO, P.J.; DIEZ, A. et al. (1990). Recuperar Tejadilla. Premios del I Concurso sobre el Medio Ambiente, pags. 65-106, Segovia; D.L. SG-117-1990; ISBN 84-505-9765-X. PDF DIEZ, A. (1990). Desertizaci\u00f3n, paisaje y&hellip; <a class=\"more-link\" href=\"https:\/\/andresdiezherrero.es\/web\/segovia\/medioambiente\">Seguir leyendo <span class=\"screen-reader-text\">Aspectos medioambientales<\/span><\/a><\/p>\n","protected":false},"author":4,"featured_media":0,"parent":82,"menu_order":19,"comment_status":"closed","ping_status":"closed","template":"no-sidebars.php","meta":{"footnotes":""},"class_list":["post-93","page","type-page","status-publish","hentry","entry"],"_links":{"self":[{"href":"https:\/\/andresdiezherrero.es\/web\/wp-json\/wp\/v2\/pages\/93"}],"collection":[{"href":"https:\/\/andresdiezherrero.es\/web\/wp-json\/wp\/v2\/pages"}],"about":[{"href":"https:\/\/andresdiezherrero.es\/web\/wp-json\/wp\/v2\/types\/page"}],"author":[{"embeddable":true,"href":"https:\/\/andresdiezherrero.es\/web\/wp-json\/wp\/v2\/users\/4"}],"replies":[{"embeddable":true,"href":"https:\/\/andresdiezherrero.es\/web\/wp-json\/wp\/v2\/comments?post=93"}],"version-history":[{"count":1,"href":"https:\/\/andresdiezherrero.es\/web\/wp-json\/wp\/v2\/pages\/93\/revisions"}],"predecessor-version":[{"id":639,"href":"https:\/\/andresdiezherrero.es\/web\/wp-json\/wp\/v2\/pages\/93\/revisions\/639"}],"up":[{"embeddable":true,"href":"https:\/\/andresdiezherrero.es\/web\/wp-json\/wp\/v2\/pages\/82"}],"wp:attachment":[{"href":"https:\/\/andresdiezherrero.es\/web\/wp-json\/wp\/v2\/media?parent=93"}],"curies":[{"name":"wp","href":"https:\/\/api.w.org\/{rel}","templated":true}]}}